{"id":36962,"date":"2026-02-27T00:36:47","date_gmt":"2026-02-27T00:36:47","guid":{"rendered":"https:\/\/nordicmart.andreevmaster.com\/product\/woopie-green-puinen-opettavainen-poyta-musikaalinen-aistien-labyrintti-5-in-1\/"},"modified":"2026-02-27T09:54:00","modified_gmt":"2026-02-27T09:54:00","slug":"woopie-green-puinen-opettavainen-poyta-musikaalinen-aistien-labyrintti-5-in-1","status":"publish","type":"product","link":"https:\/\/nordicmart.andreevmaster.com\/fi\/tuote\/woopie-green-puinen-opettavainen-poyta-musikaalinen-aistien-labyrintti-5-in-1\/","title":{"rendered":"WOOPIE GREEN Puinen opettavainen p\u00f6yt\u00e4 Musikaalinen aistien labyrintti 5-in-1"},"content":{"rendered":"<p>WOOPIE GREEN -aktiviteettip\u00f6yt\u00e4 \u2013 Kehitt\u00e4v\u00e4\u00e4 hauskaa!<\/p>\n<p>WOOPIE GREEN -aktiviteettip\u00f6yt\u00e4 on ainutlaatuinen lelu, joka yhdist\u00e4\u00e4 oppimisen ja viihteen ja tukee lapsen kokonaisvaltaista kehityst\u00e4. Montessori-elementtien ansiosta pienet lapset voivat kehitt\u00e4\u00e4 motorisia taitojaan, loogista ajattelua ja k\u00e4si-silm\u00e4-koordinaatiota ik\u00e4\u00e4n sopivalla tavalla leikkiess\u00e4\u00e4n. Kauniit pastelliv\u00e4rit ja luonnonpuusta valmistettu p\u00f6yt\u00e4 ovat paitsi visuaalisesti houkuttelevia, my\u00f6s turvallisia ja lapsille sopivia.<\/p>\n<p>Ominaisuudet:<\/p>\n<p>* &#8211; Lelu on tarkoitettu 18 kuukauden ik\u00e4isille lapsille<br \/>\n* &#8211; Huomiota her\u00e4tt\u00e4v\u00e4t pastelliv\u00e4rit<br \/>\n* &#8211; Valmistettu puusta, maalattu turvallisilla maaleilla<br \/>\n* &#8211; Lelu, joka tukee motorista ja henkist\u00e4 kehityst\u00e4<br \/>\n* &#8211; Turvallinen muotoilu \u2013 t\u00e4ydellinen pienille k\u00e4sille<\/p>\n<p>Lelu kehitt\u00e4\u00e4:<\/p>\n<p>&#8211; K\u00e4sien ja silmien koordinaatiota \u2013 Erilaisilla liikuttavilla ja manipuloitavilla elementeill\u00e4 lapsi kehitt\u00e4\u00e4 visuaalisia taitoja ja liikkeiden tarkkuutta. He oppivat seuraamaan esineiden liikerataa, mik\u00e4 vaikuttaa positiivisesti k\u00e4sien hallintaan<\/p>\n<p>&#8211; K\u00e4sien taidot \u2013 Liikkuvien helmien tai soivien symbaalien kanssa leikkiminen kehitt\u00e4\u00e4 hienomotoriikkaa tarkkojen k\u00e4si- ja sormiliikkeiden harjoittelun kautta<\/p>\n<p>&#8211; K\u00e4sien taito \u2013 P\u00e4ivitt\u00e4iset harjoitukset lelun kanssa tukevat yleisen k\u00e4sien taidon kehityst\u00e4 ja auttavat lasta hankkimaan k\u00e4tevyytt\u00e4 ja liikkeiden sujuvuutta<\/p>\n<p>&#8211; Looginen ajattelu ja ongelmanratkaisu \u2013 Pallojen radan rakentaminen tai elementtien yhdist\u00e4minen kehitt\u00e4\u00e4 analyyttisi\u00e4 taitoja ja loogista ajattelua sek\u00e4 kyky\u00e4 ratkaista yksinkertaisia pulmia. &#8211; Aistien stimulaatio \u2013 Symbaalien, levyjen ja putoavien pallojen \u00e4\u00e4net stimuloivat lapsen kuuloa, kehitt\u00e4v\u00e4t aistihavaintoa ja aktivoivat tunto- ja n\u00e4k\u00f6aistit.[img-127762-left-thickbox_default]<\/p>\n<p>[img-127760-left-thickbox_default]<\/p>\n<p>[img-127759-left-thickbox_default]<\/p>\n","protected":false},"excerpt":{"rendered":"<p>WOOPIE GREEN -aktiviteettip\u00f6yt\u00e4 \u2013 Kehitt\u00e4v\u00e4\u00e4 hauskaa! WOOPIE GREEN -aktiviteettip\u00f6yt\u00e4 on ainutlaatuinen lelu, joka yhdist\u00e4\u00e4 oppimisen ja viihteen ja tukee lapsen kokonaisvaltaista kehityst\u00e4. Montessori-elementtien ansiosta pienet lapset voivat kehitt\u00e4\u00e4 motorisia taitojaan, loogista ajattelua ja k\u00e4si-silm\u00e4-koordinaatiota ik\u00e4\u00e4n sopivalla tavalla leikkiess\u00e4\u00e4n. Kauniit pastelliv\u00e4rit ja luonnonpuusta valmistettu p\u00f6yt\u00e4 ovat paitsi visuaalisesti houkuttelevia, my\u00f6s turvallisia ja lapsille sopivia. Ominaisuudet: * [&hellip;]<\/p>\n","protected":false},"featured_media":0,"comment_status":"open","ping_status":"closed","template":"","meta":[],"product_brand":[],"product_cat":[32],"product_tag":[],"class_list":{"0":"post-36962","1":"product","2":"type-product","3":"status-publish","5":"product_cat-uncategorized-fi","7":"first","8":"instock","9":"shipping-taxable","10":"purchasable","11":"product-type-simple"},"_links":{"self":[{"href":"https:\/\/nordicmart.andreevmaster.com\/fi\/wp-json\/wp\/v2\/product\/36962","targetHints":{"allow":["GET"]}}],"collection":[{"href":"https:\/\/nordicmart.andreevmaster.com\/fi\/wp-json\/wp\/v2\/product"}],"about":[{"href":"https:\/\/nordicmart.andreevmaster.com\/fi\/wp-json\/wp\/v2\/types\/product"}],"replies":[{"embeddable":true,"href":"https:\/\/nordicmart.andreevmaster.com\/fi\/wp-json\/wp\/v2\/comments?post=36962"}],"wp:attachment":[{"href":"https:\/\/nordicmart.andreevmaster.com\/fi\/wp-json\/wp\/v2\/media?parent=36962"}],"wp:term":[{"taxonomy":"product_brand","embeddable":true,"href":"https:\/\/nordicmart.andreevmaster.com\/fi\/wp-json\/wp\/v2\/product_brand?post=36962"},{"taxonomy":"product_cat","embeddable":true,"href":"https:\/\/nordicmart.andreevmaster.com\/fi\/wp-json\/wp\/v2\/product_cat?post=36962"},{"taxonomy":"product_tag","embeddable":true,"href":"https:\/\/nordicmart.andreevmaster.com\/fi\/wp-json\/wp\/v2\/product_tag?post=36962"}],"curies":[{"name":"wp","href":"https:\/\/api.w.org\/{rel}","templated":true}]}}