{"id":36961,"date":"2026-02-27T00:36:47","date_gmt":"2026-02-27T00:36:47","guid":{"rendered":"https:\/\/nordicmart.andreevmaster.com\/product\/woopie-xl-vesipoyta-vesi-ja-hiekkaleikit-37-kpl\/"},"modified":"2026-02-27T09:54:00","modified_gmt":"2026-02-27T09:54:00","slug":"woopie-xl-vesipoyta-vesi-ja-hiekkaleikit-37-kpl","status":"publish","type":"product","link":"https:\/\/nordicmart.andreevmaster.com\/fi\/tuote\/woopie-xl-vesipoyta-vesi-ja-hiekkaleikit-37-kpl\/","title":{"rendered":"WOOPIE XL Vesip\u00f6yt\u00e4 Vesi- ja hiekkaleikit 37 kpl."},"content":{"rendered":"<p>T\u00e4m\u00e4 ainutlaatuinen vesip\u00f6yt\u00e4 WOOPIE:lta on t\u00e4ydellinen tapa pit\u00e4\u00e4 hauskaa ymp\u00e4ri vuoden, s\u00e4\u00e4st\u00e4 riippumatta. Se on paitsi upea viihde kuumina p\u00e4ivin\u00e4, my\u00f6s loistava tapa torjua ik\u00e4vystyminen, kun s\u00e4\u00e4 kylmenee. T\u00e4ss\u00e4 ainutlaatuisessa p\u00f6yd\u00e4ss\u00e4 on edistyksellinen 3-tasoinen vesij\u00e4rjestelm\u00e4, joka ilahduttaa varmasti jokaista lasta! Pienet tutkimusmatkailijat voivat kaataa vett\u00e4 kastelukannulla ylemp\u00e4\u00e4n kammioon ja katsella, kuinka vesi virtaa vesiputouksena alempaan s\u00e4ili\u00f6\u00f6n ja saa vesipy\u00f6r\u00e4n liikkeelle. Lis\u00e4ksi mukana tulevien lis\u00e4varusteiden ansiosta t\u00e4t\u00e4 p\u00f6yt\u00e4\u00e4 voidaan k\u00e4ytt\u00e4\u00e4 my\u00f6s hiekan, sek\u00e4 tavallisen ett\u00e4 kinetiikan, leikkimiseen, mik\u00e4 tekee siit\u00e4 monipuolisen lelun joka tilanteeseen.Ominaisuudet:<\/p>\n<p>* &#8211; Vesi- ja hiekkalelu<br \/>\n* &#8211; 3-tasoinen rakenne<br \/>\n* &#8211; Monik\u00e4ytt\u00f6iset lis\u00e4varusteet mukana setiss\u00e4<br \/>\n* &#8211; Helppo koota ja purkaa<\/p>\n<p>Setti sis\u00e4lt\u00e4\u00e4:<\/p>\n<p>* &#8211; 2 \u00e4mp\u00e4ri\u00e4<br \/>\n* &#8211; Kastelukannu<br \/>\n* &#8211; 5 muottia<br \/>\n* &#8211; Yksitt\u00e4inen jauhin<br \/>\n* &#8211; 5 hiekkatarviketta, esim. lapio, harava, seula<br \/>\n* &#8211; Vesip\u00f6yt\u00e4 ja tarvikkeet kokoamista varten<br \/>\n* &#8211; Korkea tuoli<\/p>\n","protected":false},"excerpt":{"rendered":"<p>T\u00e4m\u00e4 ainutlaatuinen vesip\u00f6yt\u00e4 WOOPIE:lta on t\u00e4ydellinen tapa pit\u00e4\u00e4 hauskaa ymp\u00e4ri vuoden, s\u00e4\u00e4st\u00e4 riippumatta. Se on paitsi upea viihde kuumina p\u00e4ivin\u00e4, my\u00f6s loistava tapa torjua ik\u00e4vystyminen, kun s\u00e4\u00e4 kylmenee. T\u00e4ss\u00e4 ainutlaatuisessa p\u00f6yd\u00e4ss\u00e4 on edistyksellinen 3-tasoinen vesij\u00e4rjestelm\u00e4, joka ilahduttaa varmasti jokaista lasta! Pienet tutkimusmatkailijat voivat kaataa vett\u00e4 kastelukannulla ylemp\u00e4\u00e4n kammioon ja katsella, kuinka vesi virtaa vesiputouksena alempaan [&hellip;]<\/p>\n","protected":false},"featured_media":0,"comment_status":"open","ping_status":"closed","template":"","meta":[],"product_brand":[],"product_cat":[32],"product_tag":[],"class_list":{"0":"post-36961","1":"product","2":"type-product","3":"status-publish","5":"product_cat-uncategorized-fi","7":"first","8":"instock","9":"shipping-taxable","10":"purchasable","11":"product-type-simple"},"_links":{"self":[{"href":"https:\/\/nordicmart.andreevmaster.com\/fi\/wp-json\/wp\/v2\/product\/36961","targetHints":{"allow":["GET"]}}],"collection":[{"href":"https:\/\/nordicmart.andreevmaster.com\/fi\/wp-json\/wp\/v2\/product"}],"about":[{"href":"https:\/\/nordicmart.andreevmaster.com\/fi\/wp-json\/wp\/v2\/types\/product"}],"replies":[{"embeddable":true,"href":"https:\/\/nordicmart.andreevmaster.com\/fi\/wp-json\/wp\/v2\/comments?post=36961"}],"wp:attachment":[{"href":"https:\/\/nordicmart.andreevmaster.com\/fi\/wp-json\/wp\/v2\/media?parent=36961"}],"wp:term":[{"taxonomy":"product_brand","embeddable":true,"href":"https:\/\/nordicmart.andreevmaster.com\/fi\/wp-json\/wp\/v2\/product_brand?post=36961"},{"taxonomy":"product_cat","embeddable":true,"href":"https:\/\/nordicmart.andreevmaster.com\/fi\/wp-json\/wp\/v2\/product_cat?post=36961"},{"taxonomy":"product_tag","embeddable":true,"href":"https:\/\/nordicmart.andreevmaster.com\/fi\/wp-json\/wp\/v2\/product_tag?post=36961"}],"curies":[{"name":"wp","href":"https:\/\/api.w.org\/{rel}","templated":true}]}}