{"id":36960,"date":"2026-02-27T00:36:47","date_gmt":"2026-02-27T00:36:47","guid":{"rendered":"https:\/\/nordicmart.andreevmaster.com\/product\/woopie-green-puinen-rakennustyomaa-5-in-1-liikkuva-nosturi-xxl-rakennusajoneuvot-13-kpl-fsc\/"},"modified":"2026-02-27T09:54:00","modified_gmt":"2026-02-27T09:54:00","slug":"woopie-green-puinen-rakennustyomaa-5-in-1-liikkuva-nosturi-xxl-rakennusajoneuvot-13-kpl-fsc","status":"publish","type":"product","link":"https:\/\/nordicmart.andreevmaster.com\/fi\/tuote\/woopie-green-puinen-rakennustyomaa-5-in-1-liikkuva-nosturi-xxl-rakennusajoneuvot-13-kpl-fsc\/","title":{"rendered":"WOOPIE GREEN Puinen rakennusty\u00f6maa 5-in-1 liikkuva nosturi XXL-rakennusajoneuvot 13 kpl. FSC"},"content":{"rendered":"<p>\u2b50 XXL 5-in-1 rakennusty\u00f6maa \u2013 Ryhdy pieneksi insin\u00f6\u00f6riksi WOOPIE GREENin avulla! \u2b50<\/p>\n<p>WOOPIE GREENin valtava 5-in-1 rakennusty\u00f6maa on jokaisen pienen rakentajan unelma! T\u00e4m\u00e4n laajan sarjan avulla lapset voivat ottaa insin\u00f6\u00f6rin roolin ja toteuttaa todellisen minirakennushankkeen \u2013 materiaalien kuljettamisesta nosturin ja kaivinkoneen k\u00e4ytt\u00e4miseen. Se ei ole vain hauskaa, vaan kehitt\u00e4\u00e4 my\u00f6s motorisia taitoja, loogista ajattelua ja mielikuvitusta. Sarja sis\u00e4lt\u00e4\u00e4 42 cm korkean j\u00e4ttim\u00e4isen nosturin, kolme rakennusajoneuvoa, rakennusty\u00f6maata kuvaavan maton ja muita realistisia lis\u00e4varusteita. Kaikki osat on valmistettu massiivista katajapuusta ja maalattu turvallisilla maaleilla. Ominaisuudet: * &#8211; lelu 3-vuotiaille ja sit\u00e4 vanhemmille lapsille * &#8211; valtava 5-in-1-rakennussetti * &#8211; XXL-nosturi (42 cm), joka k\u00e4\u00e4ntyy 360\u00b0<br \/>\n* &#8211; liikkuvat osat: nosturi, kaivinkone, betonimylly, dumpperi<br \/>\n* &#8211; valmistettu puusta \u2013 turvallinen, kest\u00e4v\u00e4 ja houkutteleva<br \/>\n* &#8211; ihanteellinen roolileikkeihin ja leikin kautta oppimiseen<\/p>\n<p>[img-123497-left-thickbox_default]<\/p>\n<p>Sarja sis\u00e4lt\u00e4\u00e4:<\/p>\n<p>* &#8211; XXL-nosturi (42 cm)<br \/>\n* &#8211; 3 rakennusajoneuvoa: dumpperi, betonimylly, kaivinkone<br \/>\n* &#8211; 3 liikenneviittaa<br \/>\n* &#8211; 2 tiesulkua<br \/>\n* &#8211; alusta rakennusmateriaaleilla<br \/>\n* &#8211; matto, jossa on rakennusty\u00f6maan kuva \u2013 lasten avulla voidaan luoda realistisia rakennustilanteita, mik\u00e4 stimuloi luovuutta ja mahdollistaa roolileikit. Lapset voivat luoda omia rakennusprojekteja, mik\u00e4 tukee tilallisen ajattelun kehityst\u00e4.<\/p>\n<p>Lelu kehitt\u00e4\u00e4:<\/p>\n<p>* &#8211; mielikuvitusta ja luovuutta \u2013 antaa lapsille mahdollisuuden luoda realistisia rakennustilanteita, mik\u00e4 stimuloi luovuutta ja mahdollistaa roolileikit. Lapset voivat luoda omia rakennusprojekteja, mik\u00e4 tukee tilallisen ajattelun kehityst\u00e4<br \/>\n* &#8211; kiinnostuksen kohteita<br \/>\n* &#8211; aisteja<br \/>\n* &#8211; hienomotoriikkaa \u2013 elementtien k\u00e4\u00e4nt\u00e4misess\u00e4, nostamisessa ja j\u00e4rjestelemisess\u00e4 tarvittavat tarkat liikkeet auttavat kehitt\u00e4m\u00e4\u00e4n k\u00e4den taitoja ja hienomotoriikkaa<br \/>\n* &#8211; k\u00e4si-silm\u00e4-koordinaatiota<br \/>\n* &#8211; lapsen kognitiivisia toimintoja \u2013 rakentamisen suunnittelu, tilan hallinta ja teknisten mahdollisuuksien analysointi kehitt\u00e4v\u00e4t loogista ajattelua ja ongelmanratkaisutaitoja<br \/>\n* &#8211; itseluottamusta<\/p>\n<p>[img-123491-left-thickbox_default]<\/p>\n<p>[img-123492-left-thickbox_default]<\/p>\n","protected":false},"excerpt":{"rendered":"<p>\u2b50 XXL 5-in-1 rakennusty\u00f6maa \u2013 Ryhdy pieneksi insin\u00f6\u00f6riksi WOOPIE GREENin avulla! \u2b50 WOOPIE GREENin valtava 5-in-1 rakennusty\u00f6maa on jokaisen pienen rakentajan unelma! T\u00e4m\u00e4n laajan sarjan avulla lapset voivat ottaa insin\u00f6\u00f6rin roolin ja toteuttaa todellisen minirakennushankkeen \u2013 materiaalien kuljettamisesta nosturin ja kaivinkoneen k\u00e4ytt\u00e4miseen. Se ei ole vain hauskaa, vaan kehitt\u00e4\u00e4 my\u00f6s motorisia taitoja, loogista ajattelua ja [&hellip;]<\/p>\n","protected":false},"featured_media":0,"comment_status":"open","ping_status":"closed","template":"","meta":[],"product_brand":[],"product_cat":[32],"product_tag":[],"class_list":{"0":"post-36960","1":"product","2":"type-product","3":"status-publish","5":"product_cat-uncategorized-fi","7":"first","8":"instock","9":"shipping-taxable","10":"purchasable","11":"product-type-simple"},"_links":{"self":[{"href":"https:\/\/nordicmart.andreevmaster.com\/fi\/wp-json\/wp\/v2\/product\/36960","targetHints":{"allow":["GET"]}}],"collection":[{"href":"https:\/\/nordicmart.andreevmaster.com\/fi\/wp-json\/wp\/v2\/product"}],"about":[{"href":"https:\/\/nordicmart.andreevmaster.com\/fi\/wp-json\/wp\/v2\/types\/product"}],"replies":[{"embeddable":true,"href":"https:\/\/nordicmart.andreevmaster.com\/fi\/wp-json\/wp\/v2\/comments?post=36960"}],"wp:attachment":[{"href":"https:\/\/nordicmart.andreevmaster.com\/fi\/wp-json\/wp\/v2\/media?parent=36960"}],"wp:term":[{"taxonomy":"product_brand","embeddable":true,"href":"https:\/\/nordicmart.andreevmaster.com\/fi\/wp-json\/wp\/v2\/product_brand?post=36960"},{"taxonomy":"product_cat","embeddable":true,"href":"https:\/\/nordicmart.andreevmaster.com\/fi\/wp-json\/wp\/v2\/product_cat?post=36960"},{"taxonomy":"product_tag","embeddable":true,"href":"https:\/\/nordicmart.andreevmaster.com\/fi\/wp-json\/wp\/v2\/product_tag?post=36960"}],"curies":[{"name":"wp","href":"https:\/\/api.w.org\/{rel}","templated":true}]}}