{"id":36959,"date":"2026-02-27T00:36:47","date_gmt":"2026-02-27T00:36:47","guid":{"rendered":"https:\/\/nordicmart.andreevmaster.com\/product\/woopie-green-xxl-jaatelobaari-pastellivarinen-jaatelokarry\/"},"modified":"2026-02-27T09:53:59","modified_gmt":"2026-02-27T09:53:59","slug":"woopie-green-xxl-jaatelobaari-pastellivarinen-jaatelokarry","status":"publish","type":"product","link":"https:\/\/nordicmart.andreevmaster.com\/fi\/tuote\/woopie-green-xxl-jaatelobaari-pastellivarinen-jaatelokarry\/","title":{"rendered":"WOOPIE GREEN XXL J\u00e4\u00e4tel\u00f6baari Pastelliv\u00e4rinen j\u00e4\u00e4tel\u00f6k\u00e4rry"},"content":{"rendered":"<p>Woopie Greenin puinen j\u00e4\u00e4tel\u00f6kauppa \u2013 Ideoita t\u00e4ynn\u00e4 oleva makea hauskanpito!<\/p>\n<p>Onko olemassa lapsia, jotka eiv\u00e4t rakasta j\u00e4\u00e4tel\u00f6\u00e4? Kuvittele nyt, ett\u00e4 lapsesi voi avata oman j\u00e4\u00e4tel\u00f6kaupan! Woopie Greenin puinen j\u00e4\u00e4tel\u00f6kauppa ei ole vain vieh\u00e4tt\u00e4v\u00e4 py\u00f6rill\u00e4 varustettu k\u00e4rry, vaan todellinen luovan hauskanpidon keskus, joka opettaa, viihdytt\u00e4\u00e4 ja kehitt\u00e4\u00e4. Sarja sis\u00e4lt\u00e4\u00e4 27 osaa, mukaan lukien v\u00e4rikk\u00e4\u00e4t j\u00e4\u00e4tel\u00f6kauhat magneettikiinnityksell\u00e4, tikkuja, t\u00f6tter\u00f6it\u00e4, j\u00e4\u00e4tel\u00f6lusikan ja lelurahoja. Monipuolisten lis\u00e4varusteiden ansiosta lapsesi voi leikki\u00e4 myyj\u00e4\u00e4, asiakasta tai j\u00e4\u00e4tel\u00f6mestaria \u2013 luoden makuja ja yhdistelmi\u00e4 omien ideoidensa mukaan!<\/p>\n<p>Ominaisuudet:<\/p>\n<p>* &#8211; Puinen, turvallinen ja ymp\u00e4rist\u00f6yst\u00e4v\u00e4llinen lelu 3-vuotiaille ja sit\u00e4 vanhemmille lapsille<br \/>\n* &#8211; Laaja lis\u00e4varustevalikoima: Sis\u00e4lt\u00e4\u00e4 j\u00e4\u00e4tel\u00f6tikkuja, vohveleita, v\u00e4rikk\u00e4it\u00e4 kauhoja, j\u00e4\u00e4tel\u00f6lusikan, ruokalistan ja puiset kolikot \u2013 yhteens\u00e4 27 kappaletta<br \/>\n* &#8211; Magneettiset j\u00e4\u00e4tel\u00f6osat \u2013 helppoja ja hauskoja k\u00e4ytt\u00e4\u00e4<br \/>\n* &#8211; Vankka, korkealaatuinen valmistus<br \/>\n* &#8211; Helppo puhdistaa \u2013 pyyhi vain liinalla<br \/>\n* &#8211; Ihanteellinen ryhm\u00e4- tai yksinpelaamiseen \u2013 tukee sosiaalista kehityst\u00e4<\/p>\n<p>Sarja sis\u00e4lt\u00e4\u00e4:<\/p>\n<p>* &#8211; Suuri puinen k\u00e4rry py\u00f6rill\u00e4<br \/>\n* &#8211; 3 vohvelikartio<br \/>\n* &#8211; 6 magneettista j\u00e4\u00e4tel\u00f6kauhaa<br \/>\n* &#8211; 4 j\u00e4\u00e4tel\u00f6puikkoa<br \/>\n* &#8211; 1 j\u00e4\u00e4tel\u00f6kauha<br \/>\n* &#8211; 1 menu<br \/>\n* &#8211; 6 leikkikolikkoa<\/p>\n<p>Lelu kehitt\u00e4\u00e4:<\/p>\n<p>* &#8211; Luovuutta ja mielikuvitusta \u2013 lapset luovat omia makuyhdistelmi\u00e4\u00e4n, keksiv\u00e4t j\u00e4lkiruokia ja suunnittelevat ruokalistoja, mik\u00e4 stimuloi luovaa ajattelua ja itsen\u00e4isyytt\u00e4.<br \/>\n* &#8211; Sosiaalisia taitoja \u2013 j\u00e4\u00e4tel\u00f6kaupan leikkiminen on loistava tapa oppia yhteisty\u00f6t\u00e4, roolileikkej\u00e4 ja viestint\u00e4\u00e4 muiden lasten tai hoitajien kanssa.* &#8211; K\u00e4sien motoriset taidot \u2013 j\u00e4\u00e4tel\u00f6n kauhoaminen, lusikan pit\u00e4minen, kolikoiden k\u00e4sittely \u2013 kaikki t\u00e4m\u00e4 tukee pienten k\u00e4sien kehityst\u00e4 ja motorista koordinaatiota.<br \/>\n* &#8211; Keskittymiskyky ja looginen ajattelu \u2013 oikeiden elementtien valitseminen ja niiden j\u00e4rjesteleminen opettaa keskittymist\u00e4 ja organisointia.<\/p>\n","protected":false},"excerpt":{"rendered":"<p>Woopie Greenin puinen j\u00e4\u00e4tel\u00f6kauppa \u2013 Ideoita t\u00e4ynn\u00e4 oleva makea hauskanpito! Onko olemassa lapsia, jotka eiv\u00e4t rakasta j\u00e4\u00e4tel\u00f6\u00e4? Kuvittele nyt, ett\u00e4 lapsesi voi avata oman j\u00e4\u00e4tel\u00f6kaupan! Woopie Greenin puinen j\u00e4\u00e4tel\u00f6kauppa ei ole vain vieh\u00e4tt\u00e4v\u00e4 py\u00f6rill\u00e4 varustettu k\u00e4rry, vaan todellinen luovan hauskanpidon keskus, joka opettaa, viihdytt\u00e4\u00e4 ja kehitt\u00e4\u00e4. Sarja sis\u00e4lt\u00e4\u00e4 27 osaa, mukaan lukien v\u00e4rikk\u00e4\u00e4t j\u00e4\u00e4tel\u00f6kauhat magneettikiinnityksell\u00e4, [&hellip;]<\/p>\n","protected":false},"featured_media":0,"comment_status":"open","ping_status":"closed","template":"","meta":[],"product_brand":[],"product_cat":[32],"product_tag":[],"class_list":{"0":"post-36959","1":"product","2":"type-product","3":"status-publish","5":"product_cat-uncategorized-fi","7":"first","8":"instock","9":"shipping-taxable","10":"purchasable","11":"product-type-simple"},"_links":{"self":[{"href":"https:\/\/nordicmart.andreevmaster.com\/fi\/wp-json\/wp\/v2\/product\/36959","targetHints":{"allow":["GET"]}}],"collection":[{"href":"https:\/\/nordicmart.andreevmaster.com\/fi\/wp-json\/wp\/v2\/product"}],"about":[{"href":"https:\/\/nordicmart.andreevmaster.com\/fi\/wp-json\/wp\/v2\/types\/product"}],"replies":[{"embeddable":true,"href":"https:\/\/nordicmart.andreevmaster.com\/fi\/wp-json\/wp\/v2\/comments?post=36959"}],"wp:attachment":[{"href":"https:\/\/nordicmart.andreevmaster.com\/fi\/wp-json\/wp\/v2\/media?parent=36959"}],"wp:term":[{"taxonomy":"product_brand","embeddable":true,"href":"https:\/\/nordicmart.andreevmaster.com\/fi\/wp-json\/wp\/v2\/product_brand?post=36959"},{"taxonomy":"product_cat","embeddable":true,"href":"https:\/\/nordicmart.andreevmaster.com\/fi\/wp-json\/wp\/v2\/product_cat?post=36959"},{"taxonomy":"product_tag","embeddable":true,"href":"https:\/\/nordicmart.andreevmaster.com\/fi\/wp-json\/wp\/v2\/product_tag?post=36959"}],"curies":[{"name":"wp","href":"https:\/\/api.w.org\/{rel}","templated":true}]}}