{"id":36958,"date":"2026-02-27T00:36:46","date_gmt":"2026-02-27T00:36:46","guid":{"rendered":"https:\/\/nordicmart.andreevmaster.com\/product\/woopie-green-montessori-4-in-1-activity-tree-fsc-2\/"},"modified":"2026-02-27T09:53:59","modified_gmt":"2026-02-27T09:53:59","slug":"woopie-green-montessori-4-in-1-activity-tree-fsc-2","status":"publish","type":"product","link":"https:\/\/nordicmart.andreevmaster.com\/fi\/tuote\/woopie-green-montessori-4-in-1-activity-tree-fsc-2\/","title":{"rendered":"WOOPIE GREEN Montessori 4-in-1 Activity Tree FSC"},"content":{"rendered":"<p>Woopie Green -aktiviteettipuu \u2013 Aistien seikkailu pienille!<\/p>\n<p>Muuta jokap\u00e4iv\u00e4inen leikki kiehtovaksi matkaksi, joka on t\u00e4ynn\u00e4 v\u00e4rej\u00e4, liikett\u00e4 ja kehitykseen vaikuttavia haasteita! WOOPIE GREEN -aktiviteettipuu on huolellisesti suunniteltu oppimissetti, joka yhdist\u00e4\u00e4 nelj\u00e4 erilaista aktiviteettia ja tukee 18 kuukauden ik\u00e4isten lasten kokonaisvaltaista kehityst\u00e4. V\u00e4rik\u00e4s pallotorni, aistinvaraiset hammaspy\u00f6r\u00e4t, vasaralla ly\u00f6t\u00e4v\u00e4t tapit ja luova pujotuspeli \u2013 kaikki kauniissa pastellis\u00e4vyiss\u00e4 ja turvallisista, kest\u00e4vist\u00e4 materiaaleista valmistettuina.<\/p>\n<p>### Ominaisuudet:<\/p>\n<p>* &#8211; 18 kuukauden ik\u00e4isille lapsille<br \/>\n* &#8211; Sarja sis\u00e4lt\u00e4\u00e4 39 osaa<br \/>\n* &#8211; Valmistettu FSC-sertifioidusta puusta \u2013 ymp\u00e4rist\u00f6yst\u00e4v\u00e4llinen ja kest\u00e4v\u00e4<br \/>\n* &#8211; Maalattu myrkytt\u00f6mill\u00e4, turvallisilla maaleilla<br \/>\n* &#8211; Laadukkaat muoviosat \u2013 kest\u00e4v\u00e4t ja vaurioitumattomat<br \/>\n* &#8211; Turvalliset, py\u00f6ristetyt reunat<br \/>\n* &#8211; Kauniit pastelliv\u00e4rit<br \/>\n* &#8211; Pallon halkaisija: 4,5 cm<\/p>\n<p>### Sarja sis\u00e4lt\u00e4\u00e4 4 aktiviteettia:<\/p>\n<p>* &#8211; Pallorata \u2013 pallojen rullaamisen seuraaminen kaskaditasoilla opettaa keskittymist\u00e4, liikkeen seuraamista ja on hauskaa<br \/>\n* &#8211; Hammaspy\u00f6r\u00e4t \u2013 hammaspy\u00f6rien k\u00e4\u00e4nt\u00e4minen ja liikuttaminen tarjoaa tuntoaistimuksia, opettaa mekanismeja ja tukee aistien kehityst\u00e4<br \/>\n* &#8211; Narun pujottelu \u2013 langan vet\u00e4minen tappejen l\u00e4pi auttaa kehitt\u00e4m\u00e4\u00e4n k\u00e4rsiv\u00e4llisyytt\u00e4, tarkkuutta ja k\u00e4si-silm\u00e4-koordinaatiota<br \/>\n* &#8211; Tapit vasaroimiseen ja pinoamiseen \u2013 aktiviteetti, joka on ihanteellinen k\u00e4den voiman, suunnittelun ja elementtien yhdist\u00e4misen kehitt\u00e4miseen<\/p>\n<p>### Lelu kehitt\u00e4\u00e4:<\/p>\n<p>* &#8211; Hienomotoriikkaa \u2013 pallojen, tapien ja langan k\u00e4sittelyn avulla lapsi harjoittelee k\u00e4sien ja sormien liikkeiden tarkkuutta<br \/>\n* &#8211; K\u00e4sien ja silmien koordinaatiota \u2013 pallojen rullaamisen ja elementtien yhdist\u00e4misen havainnointi kehitt\u00e4\u00e4 kyky\u00e4 synkronoida liikkeet ja n\u00e4k\u00f6<br \/>\n* &#8211; Loogista ajattelua \u2013 puun kanssa leikkiminen on loistava tilaisuus oppia syy-seuraussuhteista ja oppia kokemuksen kautta<br \/>\n* &#8211; Mielikuvitusta ja luovuutta \u2013 v\u00e4rikk\u00e4\u00e4t, monipuoliset elementit inspiroivat luovaan leikkiin ja itsen\u00e4iseen l\u00f6yt\u00e4miseen<br \/>\n* &#8211; Keskittymiskyky\u00e4 ja k\u00e4rsiv\u00e4llisyytt\u00e4 \u2013 langoittamalla ja suorittamalla tarkkoja liikkeit\u00e4 lapsi oppii keskittym\u00e4\u00e4n ja suunnittelemaan seuraavia askeleitaan<\/p>\n","protected":false},"excerpt":{"rendered":"<p>Woopie Green -aktiviteettipuu \u2013 Aistien seikkailu pienille! Muuta jokap\u00e4iv\u00e4inen leikki kiehtovaksi matkaksi, joka on t\u00e4ynn\u00e4 v\u00e4rej\u00e4, liikett\u00e4 ja kehitykseen vaikuttavia haasteita! WOOPIE GREEN -aktiviteettipuu on huolellisesti suunniteltu oppimissetti, joka yhdist\u00e4\u00e4 nelj\u00e4 erilaista aktiviteettia ja tukee 18 kuukauden ik\u00e4isten lasten kokonaisvaltaista kehityst\u00e4. V\u00e4rik\u00e4s pallotorni, aistinvaraiset hammaspy\u00f6r\u00e4t, vasaralla ly\u00f6t\u00e4v\u00e4t tapit ja luova pujotuspeli \u2013 kaikki kauniissa pastellis\u00e4vyiss\u00e4 [&hellip;]<\/p>\n","protected":false},"featured_media":0,"comment_status":"open","ping_status":"closed","template":"","meta":[],"product_brand":[],"product_cat":[32],"product_tag":[],"class_list":{"0":"post-36958","1":"product","2":"type-product","3":"status-publish","5":"product_cat-uncategorized-fi","7":"first","8":"instock","9":"shipping-taxable","10":"purchasable","11":"product-type-simple"},"_links":{"self":[{"href":"https:\/\/nordicmart.andreevmaster.com\/fi\/wp-json\/wp\/v2\/product\/36958","targetHints":{"allow":["GET"]}}],"collection":[{"href":"https:\/\/nordicmart.andreevmaster.com\/fi\/wp-json\/wp\/v2\/product"}],"about":[{"href":"https:\/\/nordicmart.andreevmaster.com\/fi\/wp-json\/wp\/v2\/types\/product"}],"replies":[{"embeddable":true,"href":"https:\/\/nordicmart.andreevmaster.com\/fi\/wp-json\/wp\/v2\/comments?post=36958"}],"wp:attachment":[{"href":"https:\/\/nordicmart.andreevmaster.com\/fi\/wp-json\/wp\/v2\/media?parent=36958"}],"wp:term":[{"taxonomy":"product_brand","embeddable":true,"href":"https:\/\/nordicmart.andreevmaster.com\/fi\/wp-json\/wp\/v2\/product_brand?post=36958"},{"taxonomy":"product_cat","embeddable":true,"href":"https:\/\/nordicmart.andreevmaster.com\/fi\/wp-json\/wp\/v2\/product_cat?post=36958"},{"taxonomy":"product_tag","embeddable":true,"href":"https:\/\/nordicmart.andreevmaster.com\/fi\/wp-json\/wp\/v2\/product_tag?post=36958"}],"curies":[{"name":"wp","href":"https:\/\/api.w.org\/{rel}","templated":true}]}}