{"id":36957,"date":"2026-02-27T00:36:46","date_gmt":"2026-02-27T00:36:46","guid":{"rendered":"https:\/\/nordicmart.andreevmaster.com\/product\/viga-puinen-palapelisetti-12-palapelia-kussakin-24-palaa-telineella\/"},"modified":"2026-02-27T09:53:59","modified_gmt":"2026-02-27T09:53:59","slug":"viga-puinen-palapelisetti-12-palapelia-kussakin-24-palaa-telineella","status":"publish","type":"product","link":"https:\/\/nordicmart.andreevmaster.com\/fi\/tuote\/viga-puinen-palapelisetti-12-palapelia-kussakin-24-palaa-telineella\/","title":{"rendered":"Viga Puinen palapelisetti 12 palapeli\u00e4, kussakin 24 palaa, telineell\u00e4"},"content":{"rendered":"<p>Vigan puiset palapelit kehyksess\u00e4 ovat yksi johtavista leluista, jotka viev\u00e4t lapsesi mielenkiintoisen ja luovan leikin maailmaan. 12 puista lautaa, jotka on suunniteltu erityisesti kehityksen edist\u00e4miseen:<\/p>\n<p>* &#8211; k\u00e4si-silm\u00e4-koordinaatio,<br \/>\n* &#8211; mielikuvitus,<br \/>\n* &#8211; looginen ajattelu.<\/p>\n<p>Jokainen lauta koostuu 24 palapelist\u00e4. Lapsesi teht\u00e4v\u00e4n\u00e4 on sijoittaa v\u00e4rikk\u00e4\u00e4t palapelit oikealle laudalle. Yksinkertaiset muodot, suloiset kuvat ja kauniit v\u00e4rit houkuttelevat lapsia ja auttavat heit\u00e4 oppimaan palapelin kokoamisen taidon. Sarjaan kuuluu puinen teline lautojen s\u00e4ilytt\u00e4mist\u00e4 varten. Koko sarja on valmistettu lakatusta puusta, maalattu lapsille turvallisilla maaleilla eloisilla v\u00e4reill\u00e4, jotka tyydytt\u00e4v\u00e4t jokaista k\u00e4ytt\u00e4j\u00e4\u00e4 ja tarjoavat heille paljon hauskaa. Viga on vuonna 2003 rekister\u00f6ity tuotemerkki, joka on jo l\u00e4sn\u00e4 yli 60 maassa ymp\u00e4ri maailmaa. Sen innovatiiviset ideat ovat saaneet tunnustusta muun muassa Euroopassa, Yhdysvalloissa, Australiassa ja Japanissa. Yrityksen perustajat kiinnittiv\u00e4t huomiota tutkimustuloksiin, jotka osoittivat yhteyden leikin ja oppimisen v\u00e4lill\u00e4 lapsen kehityksen varhaisvuosina. Auttaakseen vanhempia ja oppilaitoksia kasvattamaan lapsia ja pelastamaan heid\u00e4t virtuaalimaailmasta, joka voi v\u00e4\u00e4rist\u00e4\u00e4 todellisuutta huomattavasti, valmistaja tarjoaa innovatiivisen valikoiman tuotteita, jotka on valmistettu luonnonmateriaaleista ymp\u00e4rist\u00f6yst\u00e4v\u00e4llisill\u00e4 tuotantoprosesseilla. Puutuotteiden turvallisuus ja laatu ovat Vigi-yritykselle ensisijaisen t\u00e4rkeit\u00e4, ja valmistaja on varmistanut, ett\u00e4 lelujen maalaamiseen k\u00e4ytetyt maalit t\u00e4ytt\u00e4v\u00e4t EN71- ja ASTM-turvallisuusstandardit.<\/p>\n","protected":false},"excerpt":{"rendered":"<p>Vigan puiset palapelit kehyksess\u00e4 ovat yksi johtavista leluista, jotka viev\u00e4t lapsesi mielenkiintoisen ja luovan leikin maailmaan. 12 puista lautaa, jotka on suunniteltu erityisesti kehityksen edist\u00e4miseen: * &#8211; k\u00e4si-silm\u00e4-koordinaatio, * &#8211; mielikuvitus, * &#8211; looginen ajattelu. Jokainen lauta koostuu 24 palapelist\u00e4. Lapsesi teht\u00e4v\u00e4n\u00e4 on sijoittaa v\u00e4rikk\u00e4\u00e4t palapelit oikealle laudalle. Yksinkertaiset muodot, suloiset kuvat ja kauniit v\u00e4rit [&hellip;]<\/p>\n","protected":false},"featured_media":0,"comment_status":"open","ping_status":"closed","template":"","meta":[],"product_brand":[],"product_cat":[32],"product_tag":[],"class_list":{"0":"post-36957","1":"product","2":"type-product","3":"status-publish","5":"product_cat-uncategorized-fi","7":"first","8":"instock","9":"shipping-taxable","10":"purchasable","11":"product-type-simple"},"_links":{"self":[{"href":"https:\/\/nordicmart.andreevmaster.com\/fi\/wp-json\/wp\/v2\/product\/36957","targetHints":{"allow":["GET"]}}],"collection":[{"href":"https:\/\/nordicmart.andreevmaster.com\/fi\/wp-json\/wp\/v2\/product"}],"about":[{"href":"https:\/\/nordicmart.andreevmaster.com\/fi\/wp-json\/wp\/v2\/types\/product"}],"replies":[{"embeddable":true,"href":"https:\/\/nordicmart.andreevmaster.com\/fi\/wp-json\/wp\/v2\/comments?post=36957"}],"wp:attachment":[{"href":"https:\/\/nordicmart.andreevmaster.com\/fi\/wp-json\/wp\/v2\/media?parent=36957"}],"wp:term":[{"taxonomy":"product_brand","embeddable":true,"href":"https:\/\/nordicmart.andreevmaster.com\/fi\/wp-json\/wp\/v2\/product_brand?post=36957"},{"taxonomy":"product_cat","embeddable":true,"href":"https:\/\/nordicmart.andreevmaster.com\/fi\/wp-json\/wp\/v2\/product_cat?post=36957"},{"taxonomy":"product_tag","embeddable":true,"href":"https:\/\/nordicmart.andreevmaster.com\/fi\/wp-json\/wp\/v2\/product_tag?post=36957"}],"curies":[{"name":"wp","href":"https:\/\/api.w.org\/{rel}","templated":true}]}}