{"id":36955,"date":"2026-02-27T00:36:46","date_gmt":"2026-02-27T00:36:46","guid":{"rendered":"https:\/\/nordicmart.andreevmaster.com\/product\/viga-puinen-jattikokoinen-keittiosetti-luonnonvari-fsc-sertifioitu\/"},"modified":"2026-02-27T09:53:59","modified_gmt":"2026-02-27T09:53:59","slug":"viga-puinen-jattikokoinen-keittiosetti-luonnonvari-fsc-sertifioitu","status":"publish","type":"product","link":"https:\/\/nordicmart.andreevmaster.com\/fi\/tuote\/viga-puinen-jattikokoinen-keittiosetti-luonnonvari-fsc-sertifioitu\/","title":{"rendered":"VIGA Puinen j\u00e4ttikokoinen keitti\u00f6setti, luonnonv\u00e4ri, FSC-sertifioitu"},"content":{"rendered":"<p>Vigan puinen j\u00e4ttikokoinen luonnollinen keitti\u00f6setti lapsille mahdollistaa useamman lapsen leikkimisen samanaikaisesti. Setti on ihanteellinen leikkikulma 3-vuotiaille ja sit\u00e4 vanhemmille lapsille. Keitti\u00f6 koostuu uunilla varustetusta liedest\u00e4, pesualtaalla varustetusta kaapista, j\u00e4\u00e4kaapista, mikroaaltouunista ja pesukoneesta. Py\u00f6kist\u00e4 ja koivuvanerista valmistetut huonekalut voidaan j\u00e4rjest\u00e4\u00e4 mihin tahansa j\u00e4rjestykseen. Jokainen osa on 40 cm leve\u00e4 ja 34 cm syv\u00e4. Sarjan kokonaisleveys on 160 cm, korkeus maasta ty\u00f6tasoon on 53 cm ja kokonaiskorkeus on 120 cm. Sarja on tarkoitettu itse koottavaksi mukana tulevien vaiheittaisten ohjeiden mukaisesti.Ominaisuudet:<\/p>\n<p>* &#8211; 3-vuotiaille ja sit\u00e4 vanhemmille lapsille<br \/>\n* &#8211; sarja sopii erinomaisesti leikkikulmaksi<br \/>\n* &#8211; huonekalut on valmistettu py\u00f6kkipuusta ja koivuvanerista<br \/>\n* &#8211; valmistettu lakatusta puusta, osat on maalattu lapsiturvallisilla maaleilla<br \/>\n* &#8211; DIY-kokoonpanosarja<\/p>\n<p>Sarja koostuu:<\/p>\n<p>* &#8211; liesi<br \/>\n* &#8211; ty\u00f6taso<br \/>\n* &#8211; pesukone<br \/>\n* &#8211; j\u00e4\u00e4kaappi<br \/>\n* &#8211; mikroaaltouuni<\/p>\n","protected":false},"excerpt":{"rendered":"<p>Vigan puinen j\u00e4ttikokoinen luonnollinen keitti\u00f6setti lapsille mahdollistaa useamman lapsen leikkimisen samanaikaisesti. Setti on ihanteellinen leikkikulma 3-vuotiaille ja sit\u00e4 vanhemmille lapsille. Keitti\u00f6 koostuu uunilla varustetusta liedest\u00e4, pesualtaalla varustetusta kaapista, j\u00e4\u00e4kaapista, mikroaaltouunista ja pesukoneesta. Py\u00f6kist\u00e4 ja koivuvanerista valmistetut huonekalut voidaan j\u00e4rjest\u00e4\u00e4 mihin tahansa j\u00e4rjestykseen. Jokainen osa on 40 cm leve\u00e4 ja 34 cm syv\u00e4. Sarjan kokonaisleveys on [&hellip;]<\/p>\n","protected":false},"featured_media":0,"comment_status":"open","ping_status":"closed","template":"","meta":[],"product_brand":[],"product_cat":[32],"product_tag":[],"class_list":{"0":"post-36955","1":"product","2":"type-product","3":"status-publish","5":"product_cat-uncategorized-fi","7":"first","8":"instock","9":"shipping-taxable","10":"purchasable","11":"product-type-simple"},"_links":{"self":[{"href":"https:\/\/nordicmart.andreevmaster.com\/fi\/wp-json\/wp\/v2\/product\/36955","targetHints":{"allow":["GET"]}}],"collection":[{"href":"https:\/\/nordicmart.andreevmaster.com\/fi\/wp-json\/wp\/v2\/product"}],"about":[{"href":"https:\/\/nordicmart.andreevmaster.com\/fi\/wp-json\/wp\/v2\/types\/product"}],"replies":[{"embeddable":true,"href":"https:\/\/nordicmart.andreevmaster.com\/fi\/wp-json\/wp\/v2\/comments?post=36955"}],"wp:attachment":[{"href":"https:\/\/nordicmart.andreevmaster.com\/fi\/wp-json\/wp\/v2\/media?parent=36955"}],"wp:term":[{"taxonomy":"product_brand","embeddable":true,"href":"https:\/\/nordicmart.andreevmaster.com\/fi\/wp-json\/wp\/v2\/product_brand?post=36955"},{"taxonomy":"product_cat","embeddable":true,"href":"https:\/\/nordicmart.andreevmaster.com\/fi\/wp-json\/wp\/v2\/product_cat?post=36955"},{"taxonomy":"product_tag","embeddable":true,"href":"https:\/\/nordicmart.andreevmaster.com\/fi\/wp-json\/wp\/v2\/product_tag?post=36955"}],"curies":[{"name":"wp","href":"https:\/\/api.w.org\/{rel}","templated":true}]}}