{"id":36954,"date":"2026-02-27T00:36:45","date_gmt":"2026-02-27T00:36:45","guid":{"rendered":"https:\/\/nordicmart.andreevmaster.com\/product\/viga-puinen-manipulaatiotaulu-abacus-frog-fsc-sertifioitu-montessori\/"},"modified":"2026-02-27T09:53:58","modified_gmt":"2026-02-27T09:53:58","slug":"viga-puinen-manipulaatiotaulu-abacus-frog-fsc-sertifioitu-montessori","status":"publish","type":"product","link":"https:\/\/nordicmart.andreevmaster.com\/fi\/tuote\/viga-puinen-manipulaatiotaulu-abacus-frog-fsc-sertifioitu-montessori\/","title":{"rendered":"VIGA Puinen manipulaatiotaulu Abacus Frog FSC-sertifioitu Montessori"},"content":{"rendered":"<p>Viga Toysin puinen sein\u00e4lle kiinnitett\u00e4v\u00e4 opettavainen abakus Frog on yksi johtavista leluista, joka vie lapsesi mielenkiintoisen ja luovan leikin maailmaan. Abakus tutustuttaa lapsesi j\u00e4nnitt\u00e4v\u00e4\u00e4n leikkiin ja auttaa h\u00e4nt\u00e4 oppimaan matematiikan perusteet. N\u00e4m\u00e4 ovat etuja, joita mik\u00e4\u00e4n muu lelu ei voi korvata. V\u00e4rik\u00e4s sammakko kehitt\u00e4\u00e4 mielikuvitusta ja loogista ajattelua. Ominaisuudet:* &#8211; abakus koostuu viidest\u00e4 narusta, jotka on ripustettu sammakon muotoiselle laudalle, jolle on asetettu v\u00e4rikk\u00e4it\u00e4 puukiekkoja, joita lapsi siirt\u00e4\u00e4 puolelta toiselle oppien matematiikan periaatteita,* &#8211; vihre\u00e4lle sammakon muotoiselle laudalle asetettu abakus on silmiinpist\u00e4v\u00e4 ja kannustaa leikkim\u00e4\u00e4n,* &#8211; abakus on valmistettu lapsiturvallisesta puusta, joka on maalattu myrkytt\u00f6mill\u00e4 maaleilla.<\/p>\n<p>Lelu kehitt\u00e4\u00e4:<\/p>\n<p>* &#8211; matemaattisia taitoja,<br \/>\n* &#8211; hienomotoriikkaa,<br \/>\n* &#8211; luovuutta,<br \/>\n* &#8211; k\u00e4rsiv\u00e4llisyytt\u00e4.<\/p>\n","protected":false},"excerpt":{"rendered":"<p>Viga Toysin puinen sein\u00e4lle kiinnitett\u00e4v\u00e4 opettavainen abakus Frog on yksi johtavista leluista, joka vie lapsesi mielenkiintoisen ja luovan leikin maailmaan. Abakus tutustuttaa lapsesi j\u00e4nnitt\u00e4v\u00e4\u00e4n leikkiin ja auttaa h\u00e4nt\u00e4 oppimaan matematiikan perusteet. N\u00e4m\u00e4 ovat etuja, joita mik\u00e4\u00e4n muu lelu ei voi korvata. V\u00e4rik\u00e4s sammakko kehitt\u00e4\u00e4 mielikuvitusta ja loogista ajattelua. Ominaisuudet:* &#8211; abakus koostuu viidest\u00e4 narusta, jotka [&hellip;]<\/p>\n","protected":false},"featured_media":0,"comment_status":"open","ping_status":"closed","template":"","meta":[],"product_brand":[],"product_cat":[32],"product_tag":[],"class_list":{"0":"post-36954","1":"product","2":"type-product","3":"status-publish","5":"product_cat-uncategorized-fi","7":"first","8":"instock","9":"shipping-taxable","10":"purchasable","11":"product-type-simple"},"_links":{"self":[{"href":"https:\/\/nordicmart.andreevmaster.com\/fi\/wp-json\/wp\/v2\/product\/36954","targetHints":{"allow":["GET"]}}],"collection":[{"href":"https:\/\/nordicmart.andreevmaster.com\/fi\/wp-json\/wp\/v2\/product"}],"about":[{"href":"https:\/\/nordicmart.andreevmaster.com\/fi\/wp-json\/wp\/v2\/types\/product"}],"replies":[{"embeddable":true,"href":"https:\/\/nordicmart.andreevmaster.com\/fi\/wp-json\/wp\/v2\/comments?post=36954"}],"wp:attachment":[{"href":"https:\/\/nordicmart.andreevmaster.com\/fi\/wp-json\/wp\/v2\/media?parent=36954"}],"wp:term":[{"taxonomy":"product_brand","embeddable":true,"href":"https:\/\/nordicmart.andreevmaster.com\/fi\/wp-json\/wp\/v2\/product_brand?post=36954"},{"taxonomy":"product_cat","embeddable":true,"href":"https:\/\/nordicmart.andreevmaster.com\/fi\/wp-json\/wp\/v2\/product_cat?post=36954"},{"taxonomy":"product_tag","embeddable":true,"href":"https:\/\/nordicmart.andreevmaster.com\/fi\/wp-json\/wp\/v2\/product_tag?post=36954"}],"curies":[{"name":"wp","href":"https:\/\/api.w.org\/{rel}","templated":true}]}}