{"id":36953,"date":"2026-02-27T00:36:45","date_gmt":"2026-02-27T00:36:45","guid":{"rendered":"https:\/\/nordicmart.andreevmaster.com\/product\/viga-puinen-manipuloiva-lauta-fudge-fsc-montessori-sertifikaatti\/"},"modified":"2026-02-27T09:53:58","modified_gmt":"2026-02-27T09:53:58","slug":"viga-puinen-manipuloiva-lauta-fudge-fsc-montessori-sertifikaatti","status":"publish","type":"product","link":"https:\/\/nordicmart.andreevmaster.com\/fi\/tuote\/viga-puinen-manipuloiva-lauta-fudge-fsc-montessori-sertifikaatti\/","title":{"rendered":"VIGA Puinen manipuloiva lauta Fudge FSC Montessori -sertifikaatti"},"content":{"rendered":"<p>Puinen fudge-lauta on varustettu kuvioiduilla py\u00f6rivill\u00e4 levyill\u00e4. N\u00e4m\u00e4 ovat etuja, joita mik\u00e4\u00e4n muu lelu ei voi korvata. V\u00e4rik\u00e4s fudge-lauta kehitt\u00e4\u00e4 mielikuvitusta ja loogista ajattelua. Puu on lakattu ja maalattu lapsiturvallisilla maaleilla eloisilla v\u00e4reill\u00e4, jotka tyydytt\u00e4v\u00e4t jokaisen k\u00e4ytt\u00e4j\u00e4n ja tarjoavat heille paljon hauskaa.<\/p>\n","protected":false},"excerpt":{"rendered":"<p>Puinen fudge-lauta on varustettu kuvioiduilla py\u00f6rivill\u00e4 levyill\u00e4. N\u00e4m\u00e4 ovat etuja, joita mik\u00e4\u00e4n muu lelu ei voi korvata. V\u00e4rik\u00e4s fudge-lauta kehitt\u00e4\u00e4 mielikuvitusta ja loogista ajattelua. Puu on lakattu ja maalattu lapsiturvallisilla maaleilla eloisilla v\u00e4reill\u00e4, jotka tyydytt\u00e4v\u00e4t jokaisen k\u00e4ytt\u00e4j\u00e4n ja tarjoavat heille paljon hauskaa.<\/p>\n","protected":false},"featured_media":0,"comment_status":"open","ping_status":"closed","template":"","meta":[],"product_brand":[],"product_cat":[32],"product_tag":[],"class_list":{"0":"post-36953","1":"product","2":"type-product","3":"status-publish","5":"product_cat-uncategorized-fi","7":"first","8":"instock","9":"shipping-taxable","10":"purchasable","11":"product-type-simple"},"_links":{"self":[{"href":"https:\/\/nordicmart.andreevmaster.com\/fi\/wp-json\/wp\/v2\/product\/36953","targetHints":{"allow":["GET"]}}],"collection":[{"href":"https:\/\/nordicmart.andreevmaster.com\/fi\/wp-json\/wp\/v2\/product"}],"about":[{"href":"https:\/\/nordicmart.andreevmaster.com\/fi\/wp-json\/wp\/v2\/types\/product"}],"replies":[{"embeddable":true,"href":"https:\/\/nordicmart.andreevmaster.com\/fi\/wp-json\/wp\/v2\/comments?post=36953"}],"wp:attachment":[{"href":"https:\/\/nordicmart.andreevmaster.com\/fi\/wp-json\/wp\/v2\/media?parent=36953"}],"wp:term":[{"taxonomy":"product_brand","embeddable":true,"href":"https:\/\/nordicmart.andreevmaster.com\/fi\/wp-json\/wp\/v2\/product_brand?post=36953"},{"taxonomy":"product_cat","embeddable":true,"href":"https:\/\/nordicmart.andreevmaster.com\/fi\/wp-json\/wp\/v2\/product_cat?post=36953"},{"taxonomy":"product_tag","embeddable":true,"href":"https:\/\/nordicmart.andreevmaster.com\/fi\/wp-json\/wp\/v2\/product_tag?post=36953"}],"curies":[{"name":"wp","href":"https:\/\/api.w.org\/{rel}","templated":true}]}}