{"id":36952,"date":"2026-02-27T00:36:45","date_gmt":"2026-02-27T00:36:45","guid":{"rendered":"https:\/\/nordicmart.andreevmaster.com\/product\/viga-puinen-manipuloiva-taulu-numerot-kissanpentu-fsc-montessori-sertifikaatti\/"},"modified":"2026-02-27T09:53:58","modified_gmt":"2026-02-27T09:53:58","slug":"viga-puinen-manipuloiva-taulu-numerot-kissanpentu-fsc-montessori-sertifikaatti","status":"publish","type":"product","link":"https:\/\/nordicmart.andreevmaster.com\/fi\/tuote\/viga-puinen-manipuloiva-taulu-numerot-kissanpentu-fsc-montessori-sertifikaatti\/","title":{"rendered":"VIGA Puinen manipuloiva taulu Numerot Kissanpentu FSC Montessori -sertifikaatti"},"content":{"rendered":"<p>Tunnettu lelujen valmistaja Viga Toysin opettavainen puinen manipulaatiopeli 18 kuukauden ik\u00e4isille ja sit\u00e4 vanhemmille lapsille, ihanteellinen p\u00e4iv\u00e4koti- ja kotik\u00e4ytt\u00f6\u00f6n. Lelussa on radat, joilla siirr\u00e4t numeroita vastaamaan kuvia, joissa on oikea m\u00e4\u00e4r\u00e4 kaloja. T\u00e4m\u00e4 peli tutustuttaa lapsesi j\u00e4nnitt\u00e4v\u00e4\u00e4n leikkiin ja auttaa h\u00e4nt\u00e4 oppimaan matematiikan perusteet. N\u00e4m\u00e4 ovat etuja, joita mik\u00e4\u00e4n muu lelu ei voi korvata. T\u00e4m\u00e4 v\u00e4rik\u00e4s peli kehitt\u00e4\u00e4 mielikuvitusta ja loogista ajattelua. Montessorin periaatteiden mukaisesti se auttaa lapsia yhdist\u00e4m\u00e4\u00e4n oikeat elementit itse ja opettaa leikin kautta. Ominaisuudet: * &#8211; lelu on kissan muotoinen manipuloiva lauta, jonka vatsaan on leikattu sokkeloita, joihin numeroilla varustetut palikat asetetaan. Lapsen teht\u00e4v\u00e4n\u00e4 on yhdist\u00e4\u00e4 numerolohkot vatsaan maalattujen kalojen lukum\u00e4\u00e4r\u00e4\u00e4n.<br \/>\n* &#8211; Lelu on valmistettu puusta, joka on lakattu ja maalattu lapsille turvallisilla maaleilla eloisilla v\u00e4reill\u00e4, jotka tyydytt\u00e4v\u00e4t jokaista k\u00e4ytt\u00e4j\u00e4\u00e4 ja tarjoavat heille paljon hauskaa.Lelu kehitt\u00e4\u00e4:<br \/>\n* &#8211; hienomotoriikkaa,<br \/>\n* &#8211; loogista ajattelua,<br \/>\n* &#8211; k\u00e4si-silm\u00e4-koordinaatiota,<br \/>\n* &#8211; laskemistaitoja,<br \/>\n* &#8211; kognitiivisia taitoja.<\/p>\n","protected":false},"excerpt":{"rendered":"<p>Tunnettu lelujen valmistaja Viga Toysin opettavainen puinen manipulaatiopeli 18 kuukauden ik\u00e4isille ja sit\u00e4 vanhemmille lapsille, ihanteellinen p\u00e4iv\u00e4koti- ja kotik\u00e4ytt\u00f6\u00f6n. Lelussa on radat, joilla siirr\u00e4t numeroita vastaamaan kuvia, joissa on oikea m\u00e4\u00e4r\u00e4 kaloja. T\u00e4m\u00e4 peli tutustuttaa lapsesi j\u00e4nnitt\u00e4v\u00e4\u00e4n leikkiin ja auttaa h\u00e4nt\u00e4 oppimaan matematiikan perusteet. N\u00e4m\u00e4 ovat etuja, joita mik\u00e4\u00e4n muu lelu ei voi korvata. T\u00e4m\u00e4 [&hellip;]<\/p>\n","protected":false},"featured_media":0,"comment_status":"open","ping_status":"closed","template":"","meta":[],"product_brand":[],"product_cat":[32],"product_tag":[],"class_list":{"0":"post-36952","1":"product","2":"type-product","3":"status-publish","5":"product_cat-uncategorized-fi","7":"first","8":"instock","9":"shipping-taxable","10":"purchasable","11":"product-type-simple"},"_links":{"self":[{"href":"https:\/\/nordicmart.andreevmaster.com\/fi\/wp-json\/wp\/v2\/product\/36952","targetHints":{"allow":["GET"]}}],"collection":[{"href":"https:\/\/nordicmart.andreevmaster.com\/fi\/wp-json\/wp\/v2\/product"}],"about":[{"href":"https:\/\/nordicmart.andreevmaster.com\/fi\/wp-json\/wp\/v2\/types\/product"}],"replies":[{"embeddable":true,"href":"https:\/\/nordicmart.andreevmaster.com\/fi\/wp-json\/wp\/v2\/comments?post=36952"}],"wp:attachment":[{"href":"https:\/\/nordicmart.andreevmaster.com\/fi\/wp-json\/wp\/v2\/media?parent=36952"}],"wp:term":[{"taxonomy":"product_brand","embeddable":true,"href":"https:\/\/nordicmart.andreevmaster.com\/fi\/wp-json\/wp\/v2\/product_brand?post=36952"},{"taxonomy":"product_cat","embeddable":true,"href":"https:\/\/nordicmart.andreevmaster.com\/fi\/wp-json\/wp\/v2\/product_cat?post=36952"},{"taxonomy":"product_tag","embeddable":true,"href":"https:\/\/nordicmart.andreevmaster.com\/fi\/wp-json\/wp\/v2\/product_tag?post=36952"}],"curies":[{"name":"wp","href":"https:\/\/api.w.org\/{rel}","templated":true}]}}