{"id":36951,"date":"2026-02-27T00:36:45","date_gmt":"2026-02-27T00:36:45","guid":{"rendered":"https:\/\/nordicmart.andreevmaster.com\/product\/viga-aistitaulu-laskemisen-oppimiseen-fsc-montessori-sertifioitu\/"},"modified":"2026-02-27T09:53:58","modified_gmt":"2026-02-27T09:53:58","slug":"viga-aistitaulu-laskemisen-oppimiseen-fsc-montessori-sertifioitu","status":"publish","type":"product","link":"https:\/\/nordicmart.andreevmaster.com\/fi\/tuote\/viga-aistitaulu-laskemisen-oppimiseen-fsc-montessori-sertifioitu\/","title":{"rendered":"VIGA Aistitaulu laskemisen oppimiseen FSC Montessori -sertifioitu"},"content":{"rendered":"<p>Yksi mielenkiintoisimmista leluista, joka tutustuttaa lapset numeroiden maailmaan. Se her\u00e4tt\u00e4\u00e4 heid\u00e4n uteliaisuutensa ja kannustaa heit\u00e4 oppimaan laskemista. Labyrintti, jossa asuu paljon numeroita, opettaa lapsille ensimm\u00e4iset matemaattiset operaatiot leikin kautta. Ominaisuudet: * Lelu opettaa perusmatemaattisia operaatioita, * Numeroiden siirt\u00e4minen parantaa lasten k\u00e4tevyytt\u00e4 ja tarkkuutta, * Tuote on ihanteellinen esikouluihin.<\/p>\n","protected":false},"excerpt":{"rendered":"<p>Yksi mielenkiintoisimmista leluista, joka tutustuttaa lapset numeroiden maailmaan. Se her\u00e4tt\u00e4\u00e4 heid\u00e4n uteliaisuutensa ja kannustaa heit\u00e4 oppimaan laskemista. Labyrintti, jossa asuu paljon numeroita, opettaa lapsille ensimm\u00e4iset matemaattiset operaatiot leikin kautta. Ominaisuudet: * Lelu opettaa perusmatemaattisia operaatioita, * Numeroiden siirt\u00e4minen parantaa lasten k\u00e4tevyytt\u00e4 ja tarkkuutta, * Tuote on ihanteellinen esikouluihin.<\/p>\n","protected":false},"featured_media":0,"comment_status":"open","ping_status":"closed","template":"","meta":[],"product_brand":[],"product_cat":[32],"product_tag":[],"class_list":{"0":"post-36951","1":"product","2":"type-product","3":"status-publish","5":"product_cat-uncategorized-fi","7":"first","8":"instock","9":"shipping-taxable","10":"purchasable","11":"product-type-simple"},"_links":{"self":[{"href":"https:\/\/nordicmart.andreevmaster.com\/fi\/wp-json\/wp\/v2\/product\/36951","targetHints":{"allow":["GET"]}}],"collection":[{"href":"https:\/\/nordicmart.andreevmaster.com\/fi\/wp-json\/wp\/v2\/product"}],"about":[{"href":"https:\/\/nordicmart.andreevmaster.com\/fi\/wp-json\/wp\/v2\/types\/product"}],"replies":[{"embeddable":true,"href":"https:\/\/nordicmart.andreevmaster.com\/fi\/wp-json\/wp\/v2\/comments?post=36951"}],"wp:attachment":[{"href":"https:\/\/nordicmart.andreevmaster.com\/fi\/wp-json\/wp\/v2\/media?parent=36951"}],"wp:term":[{"taxonomy":"product_brand","embeddable":true,"href":"https:\/\/nordicmart.andreevmaster.com\/fi\/wp-json\/wp\/v2\/product_brand?post=36951"},{"taxonomy":"product_cat","embeddable":true,"href":"https:\/\/nordicmart.andreevmaster.com\/fi\/wp-json\/wp\/v2\/product_cat?post=36951"},{"taxonomy":"product_tag","embeddable":true,"href":"https:\/\/nordicmart.andreevmaster.com\/fi\/wp-json\/wp\/v2\/product_tag?post=36951"}],"curies":[{"name":"wp","href":"https:\/\/api.w.org\/{rel}","templated":true}]}}