{"id":36950,"date":"2026-02-27T00:36:44","date_gmt":"2026-02-27T00:36:44","guid":{"rendered":"https:\/\/nordicmart.andreevmaster.com\/product\/viga-toys-aistitaulu-aakkosten-oppimiseen\/"},"modified":"2026-02-27T09:53:57","modified_gmt":"2026-02-27T09:53:57","slug":"viga-toys-aistitaulu-aakkosten-oppimiseen","status":"publish","type":"product","link":"https:\/\/nordicmart.andreevmaster.com\/fi\/tuote\/viga-toys-aistitaulu-aakkosten-oppimiseen\/","title":{"rendered":"Viga Toys Aistitaulu aakkosten oppimiseen"},"content":{"rendered":"<p>Viga Toysin aakkosten oppimiseen tarkoitettu aistitaulu 3-vuotiaille ja sit\u00e4 vanhemmille lapsille. Aakkosten oppimiseen tarkoitettu aistitaulu tutustuttaa lapset kirjainten maailmaan. Se her\u00e4tt\u00e4\u00e4 heid\u00e4n uteliaisuutensa ja kannustaa heit\u00e4 oppimaan lukemaan. Labyrintti, jossa asuu koko aakkoset, jonka iloiset kirjaimet auttavat oppimaan tavuamaan, lukemaan ja kirjoittamaan. Tuote on valmistettu lakatusta puusta ja maalattu myrkytt\u00f6mill\u00e4 maaleilla.<\/p>\n","protected":false},"excerpt":{"rendered":"<p>Viga Toysin aakkosten oppimiseen tarkoitettu aistitaulu 3-vuotiaille ja sit\u00e4 vanhemmille lapsille. Aakkosten oppimiseen tarkoitettu aistitaulu tutustuttaa lapset kirjainten maailmaan. Se her\u00e4tt\u00e4\u00e4 heid\u00e4n uteliaisuutensa ja kannustaa heit\u00e4 oppimaan lukemaan. Labyrintti, jossa asuu koko aakkoset, jonka iloiset kirjaimet auttavat oppimaan tavuamaan, lukemaan ja kirjoittamaan. Tuote on valmistettu lakatusta puusta ja maalattu myrkytt\u00f6mill\u00e4 maaleilla.<\/p>\n","protected":false},"featured_media":0,"comment_status":"open","ping_status":"closed","template":"","meta":[],"product_brand":[],"product_cat":[32],"product_tag":[],"class_list":{"0":"post-36950","1":"product","2":"type-product","3":"status-publish","5":"product_cat-uncategorized-fi","7":"first","8":"instock","9":"shipping-taxable","10":"purchasable","11":"product-type-simple"},"_links":{"self":[{"href":"https:\/\/nordicmart.andreevmaster.com\/fi\/wp-json\/wp\/v2\/product\/36950","targetHints":{"allow":["GET"]}}],"collection":[{"href":"https:\/\/nordicmart.andreevmaster.com\/fi\/wp-json\/wp\/v2\/product"}],"about":[{"href":"https:\/\/nordicmart.andreevmaster.com\/fi\/wp-json\/wp\/v2\/types\/product"}],"replies":[{"embeddable":true,"href":"https:\/\/nordicmart.andreevmaster.com\/fi\/wp-json\/wp\/v2\/comments?post=36950"}],"wp:attachment":[{"href":"https:\/\/nordicmart.andreevmaster.com\/fi\/wp-json\/wp\/v2\/media?parent=36950"}],"wp:term":[{"taxonomy":"product_brand","embeddable":true,"href":"https:\/\/nordicmart.andreevmaster.com\/fi\/wp-json\/wp\/v2\/product_brand?post=36950"},{"taxonomy":"product_cat","embeddable":true,"href":"https:\/\/nordicmart.andreevmaster.com\/fi\/wp-json\/wp\/v2\/product_cat?post=36950"},{"taxonomy":"product_tag","embeddable":true,"href":"https:\/\/nordicmart.andreevmaster.com\/fi\/wp-json\/wp\/v2\/product_tag?post=36950"}],"curies":[{"name":"wp","href":"https:\/\/api.w.org\/{rel}","templated":true}]}}