{"id":36949,"date":"2026-02-27T00:36:44","date_gmt":"2026-02-27T00:36:44","guid":{"rendered":"https:\/\/nordicmart.andreevmaster.com\/product\/viga-puinen-aistien-kehittymista-edistava-lentokone-fsc-montessori-sertifioitu\/"},"modified":"2026-02-27T09:53:57","modified_gmt":"2026-02-27T09:53:57","slug":"viga-puinen-aistien-kehittymista-edistava-lentokone-fsc-montessori-sertifioitu","status":"publish","type":"product","link":"https:\/\/nordicmart.andreevmaster.com\/fi\/tuote\/viga-puinen-aistien-kehittymista-edistava-lentokone-fsc-montessori-sertifioitu\/","title":{"rendered":"VIGA Puinen aistien kehittymist\u00e4 edist\u00e4v\u00e4 lentokone FSC Montessori -sertifioitu"},"content":{"rendered":"<p>Viga XL -lentokone on puinen, monitoiminen sein\u00e4leikkikalu. Se koostuu viidest\u00e4 osasta, jotka yhdistettyn\u00e4 muodostavat lentokoneen. Jokainen osa tarjoaa lapsille erilaisen aktiviteetin. Siin\u00e4 on labyrintti, kudontakehys (moottorilenkki), miniliukum\u00e4ki, kellon liikkuvat osoittimet ja v\u00e4rikk\u00e4\u00e4t, liikkuvat hammaspy\u00f6r\u00e4t. Lelu on suunniteltu stimuloimaan aisteja ja tukemaan lasten motoristen taitojen kehityst\u00e4. Se on erinomainen harjoitus pienille sormille. Lelu opettaa my\u00f6s loogista ajattelua ja k\u00e4rsiv\u00e4llisyytt\u00e4. Suuren kokonsa ansiosta lentokone sopii erinomaisesti p\u00e4iv\u00e4koteihin, lastentarhoihin, kouluihin ja julkisiin tiloihin. Lelun kiinnitt\u00e4minen sein\u00e4lle s\u00e4\u00e4st\u00e4\u00e4 lattiatilaa. Tuote on valmistettu lakatusta puusta ja maalattu myrkytt\u00f6mill\u00e4 maaleilla.<\/p>\n","protected":false},"excerpt":{"rendered":"<p>Viga XL -lentokone on puinen, monitoiminen sein\u00e4leikkikalu. Se koostuu viidest\u00e4 osasta, jotka yhdistettyn\u00e4 muodostavat lentokoneen. Jokainen osa tarjoaa lapsille erilaisen aktiviteetin. Siin\u00e4 on labyrintti, kudontakehys (moottorilenkki), miniliukum\u00e4ki, kellon liikkuvat osoittimet ja v\u00e4rikk\u00e4\u00e4t, liikkuvat hammaspy\u00f6r\u00e4t. Lelu on suunniteltu stimuloimaan aisteja ja tukemaan lasten motoristen taitojen kehityst\u00e4. Se on erinomainen harjoitus pienille sormille. Lelu opettaa my\u00f6s loogista [&hellip;]<\/p>\n","protected":false},"featured_media":0,"comment_status":"open","ping_status":"closed","template":"","meta":[],"product_brand":[],"product_cat":[32],"product_tag":[],"class_list":{"0":"post-36949","1":"product","2":"type-product","3":"status-publish","5":"product_cat-uncategorized-fi","7":"first","8":"instock","9":"shipping-taxable","10":"purchasable","11":"product-type-simple"},"_links":{"self":[{"href":"https:\/\/nordicmart.andreevmaster.com\/fi\/wp-json\/wp\/v2\/product\/36949","targetHints":{"allow":["GET"]}}],"collection":[{"href":"https:\/\/nordicmart.andreevmaster.com\/fi\/wp-json\/wp\/v2\/product"}],"about":[{"href":"https:\/\/nordicmart.andreevmaster.com\/fi\/wp-json\/wp\/v2\/types\/product"}],"replies":[{"embeddable":true,"href":"https:\/\/nordicmart.andreevmaster.com\/fi\/wp-json\/wp\/v2\/comments?post=36949"}],"wp:attachment":[{"href":"https:\/\/nordicmart.andreevmaster.com\/fi\/wp-json\/wp\/v2\/media?parent=36949"}],"wp:term":[{"taxonomy":"product_brand","embeddable":true,"href":"https:\/\/nordicmart.andreevmaster.com\/fi\/wp-json\/wp\/v2\/product_brand?post=36949"},{"taxonomy":"product_cat","embeddable":true,"href":"https:\/\/nordicmart.andreevmaster.com\/fi\/wp-json\/wp\/v2\/product_cat?post=36949"},{"taxonomy":"product_tag","embeddable":true,"href":"https:\/\/nordicmart.andreevmaster.com\/fi\/wp-json\/wp\/v2\/product_tag?post=36949"}],"curies":[{"name":"wp","href":"https:\/\/api.w.org\/{rel}","templated":true}]}}