{"id":36947,"date":"2026-02-27T00:36:44","date_gmt":"2026-02-27T00:36:44","guid":{"rendered":"https:\/\/nordicmart.andreevmaster.com\/product\/woopie-royal-espanjalainen-nukke-marcia-interaktiiviset-vauvanuket\/"},"modified":"2026-02-27T09:53:57","modified_gmt":"2026-02-27T09:53:57","slug":"woopie-royal-espanjalainen-nukke-marcia-interaktiiviset-vauvanuket","status":"publish","type":"product","link":"https:\/\/nordicmart.andreevmaster.com\/fi\/tuote\/woopie-royal-espanjalainen-nukke-marcia-interaktiiviset-vauvanuket\/","title":{"rendered":"WOOPIE ROYAL Espanjalainen nukke Marcia Interaktiiviset vauvanuket"},"content":{"rendered":"<p>WOOPIE:n ROYAL-sarjan interaktiivinen nukke on kuin oikea vauva! Nukella leikkiminen auttaa lapsia kehitt\u00e4m\u00e4\u00e4n empatiaa ja vastuuntuntoa! Nukke on pehme\u00e4 kosketukseltaan, ja sen kauniit silm\u00e4t her\u00e4tt\u00e4v\u00e4t lapsen huomion. Nuken selv\u00e4 etu on sen kauniit, pitk\u00e4t, kiilt\u00e4v\u00e4t hiukset, jotka ovat t\u00e4ydelliset kammattavaksi. Hiusten erinomaisen laadun ansiosta lapsesi voi antaa luovuudelleen vapaat k\u00e4det ja luoda erilaisia kampauksia. Nuken k\u00e4det ovat hienostuneet, ja herk\u00e4t kynnet ja hieman punertavat posket lis\u00e4\u00e4v\u00e4t realistisuutta ja korostavat nuken kauneutta. Sarjassa on monia elementtej\u00e4 \u2013 hauskanpito ei lopu koskaan, lapsesi on onnellinen ja sin\u00e4 voit olla rauhallisin mielin tiet\u00e4en, ett\u00e4 h\u00e4n viett\u00e4\u00e4 aikansa mielekk\u00e4\u00e4sti leikkim\u00e4ll\u00e4. Nukkemme on valmistettu suurella tarkkuudella ja huomiolla yksityiskohtiin, jotta ne n\u00e4ytt\u00e4v\u00e4t aidolta vauvoilta. Nukella on yll\u00e4\u00e4n vaaleanpunainen mekko, jossa on vieh\u00e4tt\u00e4v\u00e4t r\u00f6yhel\u00f6t. Mekko on leikattu vy\u00f6t\u00e4r\u00f6lt\u00e4 ja koristeltu v\u00e4rikk\u00e4\u00e4ll\u00e4 printill\u00e4. Asua t\u00e4ydent\u00e4v\u00e4t vaaleanpunaiset keng\u00e4t ja yhteensopiva p\u00e4\u00e4panta. Ominaisuudet: &#8211; Lelu 3-vuotiaille ja sit\u00e4 vanhemmille<br \/>\n* &#8211; Vuorovaikutteinen nukke, joka reagoi \u00e4rsykkeisiin<br \/>\n* &#8211; Irrotettavat vaatteet, jotka on helppo pest\u00e4 pesukoneessa<br \/>\n* &#8211; Liikkuvat k\u00e4det, jalat ja p\u00e4\u00e4 \u2013 pehme\u00e4\u00e4 silikonia<br \/>\n* &#8211; Huomiota jokaiseen yksityiskohtaan \u2013 nuken sis\u00e4osa on valmistettu pehme\u00e4st\u00e4 pehmolelusta<br \/>\n* &#8211; Istuu itsen\u00e4isesti<br \/>\n* &#8211; Suloinen pitk\u00e4t ripset<br \/>\n* -\u00c4\u00e4nij\u00e4rjestelm\u00e4 vaatii 3 AA-paristoa (ei sis\u00e4lly toimitukseen)<\/p>\n<p>Ominaisuudet:<\/p>\n<p>* -Nauraa, kun sit\u00e4 heitet\u00e4\u00e4n<br \/>\n* -Tuottaa iloisia \u00e4\u00e4ni\u00e4, kun sit\u00e4 halataan<br \/>\n* -Tuottaa itku\u00e4\u00e4ni\u00e4<br \/>\n* -Kun se asetetaan makuulle, se kuorsaa ja tuottaa nukkumis\u00e4\u00e4ni\u00e4<br \/>\n* -Kun nukke tuntee iskun, se alkaa itke\u00e4<br \/>\n* -Kun nukke asetetaan vatsalleen, se alkaa tehd\u00e4 tyytym\u00e4tt\u00f6myyden \u00e4\u00e4ni\u00e4<\/p>\n<p>Setti sis\u00e4lt\u00e4\u00e4:<\/p>\n<p>* -1 pullo nukelle<br \/>\n* -1 tutti<br \/>\n* -1 pehmolelu<br \/>\n* -1 vaippa<\/p>\n","protected":false},"excerpt":{"rendered":"<p>WOOPIE:n ROYAL-sarjan interaktiivinen nukke on kuin oikea vauva! Nukella leikkiminen auttaa lapsia kehitt\u00e4m\u00e4\u00e4n empatiaa ja vastuuntuntoa! Nukke on pehme\u00e4 kosketukseltaan, ja sen kauniit silm\u00e4t her\u00e4tt\u00e4v\u00e4t lapsen huomion. Nuken selv\u00e4 etu on sen kauniit, pitk\u00e4t, kiilt\u00e4v\u00e4t hiukset, jotka ovat t\u00e4ydelliset kammattavaksi. Hiusten erinomaisen laadun ansiosta lapsesi voi antaa luovuudelleen vapaat k\u00e4det ja luoda erilaisia kampauksia. Nuken [&hellip;]<\/p>\n","protected":false},"featured_media":0,"comment_status":"open","ping_status":"closed","template":"","meta":[],"product_brand":[],"product_cat":[32],"product_tag":[],"class_list":{"0":"post-36947","1":"product","2":"type-product","3":"status-publish","5":"product_cat-uncategorized-fi","7":"first","8":"instock","9":"shipping-taxable","10":"purchasable","11":"product-type-simple"},"_links":{"self":[{"href":"https:\/\/nordicmart.andreevmaster.com\/fi\/wp-json\/wp\/v2\/product\/36947","targetHints":{"allow":["GET"]}}],"collection":[{"href":"https:\/\/nordicmart.andreevmaster.com\/fi\/wp-json\/wp\/v2\/product"}],"about":[{"href":"https:\/\/nordicmart.andreevmaster.com\/fi\/wp-json\/wp\/v2\/types\/product"}],"replies":[{"embeddable":true,"href":"https:\/\/nordicmart.andreevmaster.com\/fi\/wp-json\/wp\/v2\/comments?post=36947"}],"wp:attachment":[{"href":"https:\/\/nordicmart.andreevmaster.com\/fi\/wp-json\/wp\/v2\/media?parent=36947"}],"wp:term":[{"taxonomy":"product_brand","embeddable":true,"href":"https:\/\/nordicmart.andreevmaster.com\/fi\/wp-json\/wp\/v2\/product_brand?post=36947"},{"taxonomy":"product_cat","embeddable":true,"href":"https:\/\/nordicmart.andreevmaster.com\/fi\/wp-json\/wp\/v2\/product_cat?post=36947"},{"taxonomy":"product_tag","embeddable":true,"href":"https:\/\/nordicmart.andreevmaster.com\/fi\/wp-json\/wp\/v2\/product_tag?post=36947"}],"curies":[{"name":"wp","href":"https:\/\/api.w.org\/{rel}","templated":true}]}}