{"id":36945,"date":"2026-02-27T00:36:43","date_gmt":"2026-02-27T00:36:43","guid":{"rendered":"https:\/\/nordicmart.andreevmaster.com\/product\/viga-hippopotamus-sensory-manipulative-board-fsc-sertifioitu-montessori\/"},"modified":"2026-02-27T09:53:56","modified_gmt":"2026-02-27T09:53:56","slug":"viga-hippopotamus-sensory-manipulative-board-fsc-sertifioitu-montessori","status":"publish","type":"product","link":"https:\/\/nordicmart.andreevmaster.com\/fi\/tuote\/viga-hippopotamus-sensory-manipulative-board-fsc-sertifioitu-montessori\/","title":{"rendered":"VIGA Hippopotamus Sensory Manipulative Board FSC-sertifioitu Montessori"},"content":{"rendered":"<p>T\u00e4m\u00e4 suuri puulevy tarjoaa useita erilaisia aktiviteetteja:<\/p>\n<p>* Abakus \u2013 auttaa lapsia oppimaan laskemaan kymmeneen, lis\u00e4\u00e4m\u00e4\u00e4n ja v\u00e4hent\u00e4m\u00e4\u00e4n<br \/>\n* Magneettinen sokkelo, jossa on kaksi taikasauvaa pallojen liikuttamiseen \u2013 auttaa muistamaan numeroita<br \/>\n* Muotosortteri \u2013 auttaa lasta oppimaan v\u00e4rej\u00e4 ja geometrisia muotoja.<\/p>\n<p>Koko lauta on valmistettu lakatusta puusta ja maalattu lapsille turvallisilla, kirkkailla v\u00e4reill\u00e4, jotka miellytt\u00e4v\u00e4t kaikkia k\u00e4ytt\u00e4ji\u00e4 ja tarjoavat heille paljon hauskaa. Lelu on suunniteltu tukemaan lapsen motorista kehityst\u00e4. Suositeltava monitoiminen lelu p\u00e4iv\u00e4kodeille tai julkisille paikoille.<\/p>\n<p>Viga Toys on vuonna 2003 rekister\u00f6ity tuotemerkki, joka on jo l\u00e4sn\u00e4 yli 60 maassa ymp\u00e4ri maailmaa. Sen innovatiiviset ideat ovat saaneet tunnustusta muun muassa Euroopassa, Yhdysvalloissa, Australiassa ja Japanissa. Yrityksen perustajat kiinnittiv\u00e4t huomiota tutkimustuloksiin, jotka osoittivat yhteyden leikin ja oppimisen v\u00e4lill\u00e4 lapsen kehityksen varhaisvuosina. Auttaakseen vanhempia ja oppilaitoksia kasvattamaan lapsia ja pelastamaan heid\u00e4t virtuaalimaailmasta, joka voi v\u00e4\u00e4rist\u00e4\u00e4 todellisuutta huomattavasti, valmistaja tarjoaa innovatiivisen tuotevalikoiman, joka on valmistettu luonnonmateriaaleista ymp\u00e4rist\u00f6yst\u00e4v\u00e4llisill\u00e4 tuotantoprosesseilla. Puutuotteiden turvallisuus ja laatu ovat Vigi-yritykselle ensisijaisen t\u00e4rkeit\u00e4, ja valmistaja on varmistanut, ett\u00e4 lelujen maalaamiseen k\u00e4ytetyt maalit t\u00e4ytt\u00e4v\u00e4t EN71- ja ASTM-turvallisuusstandardit.<\/p>\n","protected":false},"excerpt":{"rendered":"<p>T\u00e4m\u00e4 suuri puulevy tarjoaa useita erilaisia aktiviteetteja: * Abakus \u2013 auttaa lapsia oppimaan laskemaan kymmeneen, lis\u00e4\u00e4m\u00e4\u00e4n ja v\u00e4hent\u00e4m\u00e4\u00e4n * Magneettinen sokkelo, jossa on kaksi taikasauvaa pallojen liikuttamiseen \u2013 auttaa muistamaan numeroita * Muotosortteri \u2013 auttaa lasta oppimaan v\u00e4rej\u00e4 ja geometrisia muotoja. Koko lauta on valmistettu lakatusta puusta ja maalattu lapsille turvallisilla, kirkkailla v\u00e4reill\u00e4, jotka miellytt\u00e4v\u00e4t [&hellip;]<\/p>\n","protected":false},"featured_media":0,"comment_status":"open","ping_status":"closed","template":"","meta":[],"product_brand":[],"product_cat":[32],"product_tag":[],"class_list":{"0":"post-36945","1":"product","2":"type-product","3":"status-publish","5":"product_cat-uncategorized-fi","7":"first","8":"instock","9":"shipping-taxable","10":"purchasable","11":"product-type-simple"},"_links":{"self":[{"href":"https:\/\/nordicmart.andreevmaster.com\/fi\/wp-json\/wp\/v2\/product\/36945","targetHints":{"allow":["GET"]}}],"collection":[{"href":"https:\/\/nordicmart.andreevmaster.com\/fi\/wp-json\/wp\/v2\/product"}],"about":[{"href":"https:\/\/nordicmart.andreevmaster.com\/fi\/wp-json\/wp\/v2\/types\/product"}],"replies":[{"embeddable":true,"href":"https:\/\/nordicmart.andreevmaster.com\/fi\/wp-json\/wp\/v2\/comments?post=36945"}],"wp:attachment":[{"href":"https:\/\/nordicmart.andreevmaster.com\/fi\/wp-json\/wp\/v2\/media?parent=36945"}],"wp:term":[{"taxonomy":"product_brand","embeddable":true,"href":"https:\/\/nordicmart.andreevmaster.com\/fi\/wp-json\/wp\/v2\/product_brand?post=36945"},{"taxonomy":"product_cat","embeddable":true,"href":"https:\/\/nordicmart.andreevmaster.com\/fi\/wp-json\/wp\/v2\/product_cat?post=36945"},{"taxonomy":"product_tag","embeddable":true,"href":"https:\/\/nordicmart.andreevmaster.com\/fi\/wp-json\/wp\/v2\/product_tag?post=36945"}],"curies":[{"name":"wp","href":"https:\/\/api.w.org\/{rel}","templated":true}]}}