{"id":36944,"date":"2026-02-27T00:36:43","date_gmt":"2026-02-27T00:36:43","guid":{"rendered":"https:\/\/nordicmart.andreevmaster.com\/product\/viga-aistien-kehittymista-edistava-leikkitaulu-krokotiili-fsc-montessori-sertifikaatti\/"},"modified":"2026-02-27T09:53:56","modified_gmt":"2026-02-27T09:53:56","slug":"viga-aistien-kehittymista-edistava-leikkitaulu-krokotiili-fsc-montessori-sertifikaatti","status":"publish","type":"product","link":"https:\/\/nordicmart.andreevmaster.com\/fi\/tuote\/viga-aistien-kehittymista-edistava-leikkitaulu-krokotiili-fsc-montessori-sertifikaatti\/","title":{"rendered":"VIGA Aistien kehittymist\u00e4 edist\u00e4v\u00e4 leikkitaulu Krokotiili FSC Montessori -sertifikaatti"},"content":{"rendered":"<p>Viga Krokotiili -aistien kehittymist\u00e4 edist\u00e4v\u00e4 leikkitaulu sopii erinomaisesti k\u00e4ytett\u00e4v\u00e4ksi kotona, p\u00e4iv\u00e4kodissa tai leikkihuoneessa.Ensimm\u00e4inen elementti on krokotiilin p\u00e4\u00e4. T\u00e4\u00e4lt\u00e4 lapsesi l\u00f6yt\u00e4\u00e4 sokkeloita, joiden l\u00e4pi h\u00e4n voi ohjata elementtej\u00e4 ja harjoitella k\u00e4siens\u00e4 ja sormiensa motorisia taitoja. Lis\u00e4ksi on hammaspy\u00f6ri\u00e4, jotka saavat krokotiilin silm\u00e4t liikkeelle! Py\u00f6ri\u00e4 voi liikutella vapaasti l\u00f6yt\u00e4\u00e4ksesi uusia sijoitusmahdollisuuksia. Toinen lauta sis\u00e4lt\u00e4\u00e4 py\u00f6re\u00e4n sokkelon. Labyrintin sis\u00e4ll\u00e4 on metallipallo. Lapsen teht\u00e4v\u00e4n\u00e4 on k\u00e4\u00e4nt\u00e4\u00e4 py\u00f6r\u00e4\u00e4, jotta pallo p\u00e4\u00e4tyy oikeaan paikkaan. Lapsi ei vain pid\u00e4 hauskaa, vaan harjoittelee my\u00f6s keskittymiskyky\u00e4\u00e4n, tarkkaavaisuuttaan sek\u00e4 analyyttist\u00e4 ja loogista ajattelua. Kolmas lauta sis\u00e4lt\u00e4\u00e4 musiikkipaneelin, jossa on v\u00e4rikk\u00e4it\u00e4 symbaaleja, jotka sopivat erinomaisesti pikkulapsen ensimm\u00e4iseksi soittimeksi, sek\u00e4 uritetun levyn, joka my\u00f6s tuottaa \u00e4\u00e4ni\u00e4, kun sit\u00e4 hankaa puupalalla. Kolmannessa laudassa on my\u00f6s turvallinen peili. Seuraavassa laudassa on sensaatiomainen magneettinen labyrintti, jossa on kaksi keppi\u00e4 pallojen liikuttamiseen. Koska krokotiilissamme on kaksi magneettista keppi\u00e4, lapsi voi harjoitella molempien k\u00e4sien k\u00e4tevyytt\u00e4 samanaikaisesti tai leikki\u00e4 yst\u00e4v\u00e4n kanssa. Lis\u00e4ksi jokaisessa pisteess\u00e4 on numeroita, jotta lapsi alkaa muistaa ja oppia numeroita ja niiden j\u00e4rjestyst\u00e4. Koko nelj\u00e4s lauta harjoittaa muistia, keskittymist\u00e4, visuaalista havainnointia, itsen\u00e4isyytt\u00e4 ja ajanhallintaa. Viimeinen elementti on h\u00e4nt\u00e4, jossa on kolme erilaista 3D-sokkeloa. Kyky manipuloida palikoita ja helmi\u00e4 ja ohjata niit\u00e4 v\u00e4rikk\u00e4iden metallitankojen l\u00e4pi kiinnostaa jokaista pient\u00e4 lasta, joka voi my\u00f6s harjoitella k\u00e4den liikkeit\u00e4 t\u00e4\u00e4ll\u00e4. Lautapeli innostaa koko ryhm\u00e4n lapsia leikkim\u00e4\u00e4n, ja he oppivat toimimaan ryhm\u00e4ss\u00e4 ja kommunikoimaan ik\u00e4tovereidensa kanssa. Lautapeli auttaa harjoittelemaan:<\/p>\n<p>* &#8211; keskittymist\u00e4,<br \/>\n* &#8211; itsen\u00e4isyytt\u00e4,<br \/>\n* &#8211; ajanhallintaa,<br \/>\n* &#8211; muistia,<br \/>\n* &#8211; loogista ajattelua,<br \/>\n* &#8211; k\u00e4sien ja sormien motorisia taitoja.<\/p>\n<p>Useat lapset voivat k\u00e4ytt\u00e4\u00e4 lautaa samanaikaisesti, jolloin he oppivat toimimaan ryhm\u00e4ss\u00e4 ja kommunikoimaan ik\u00e4tovereidensa kanssa. Koko lauta on valmistettu lakatusta puusta ja maalattu lapsille turvallisilla maaleilla eloisilla v\u00e4reill\u00e4, jotka tyydytt\u00e4v\u00e4t kaikkia k\u00e4ytt\u00e4ji\u00e4 ja tarjoavat paljon hauskaa. Pakkauksen mitat: 187 x 61 x 16,5 cm. Viga on vuonna 2003 rekister\u00f6ity tuotemerkki, joka on jo l\u00e4sn\u00e4 yli 60 maassa ymp\u00e4ri maailmaa. Sen innovatiiviset ideat ovat saaneet tunnustusta muun muassa Euroopassa, Yhdysvalloissa, Australiassa ja Japanissa. Yrityksen perustajat kiinnittiv\u00e4t huomiota tutkimustuloksiin, jotka osoittivat yhteyden leikin ja oppimisen v\u00e4lill\u00e4 lapsen kehityksen varhaisvuosina. Auttaakseen vanhempia ja oppilaitoksia kasvattamaan lapsia ja pelastamaan heid\u00e4t virtuaalimaailmasta, joka voi v\u00e4\u00e4rist\u00e4\u00e4 todellisuutta huomattavasti, valmistaja tarjoaa innovatiivisen valikoiman tuotteita, jotka on valmistettu luonnonmateriaaleista ymp\u00e4rist\u00f6yst\u00e4v\u00e4llisill\u00e4 tuotantoprosesseilla. Puutuotteiden turvallisuus ja laatu ovat Vigi-yritykselle ensisijaisen t\u00e4rkeit\u00e4, ja valmistaja on varmistanut, ett\u00e4 lelujen maalaamiseen k\u00e4ytetyt maalit t\u00e4ytt\u00e4v\u00e4t EN71- ja ASTM-turvallisuusstandardit.<\/p>\n","protected":false},"excerpt":{"rendered":"<p>Viga Krokotiili -aistien kehittymist\u00e4 edist\u00e4v\u00e4 leikkitaulu sopii erinomaisesti k\u00e4ytett\u00e4v\u00e4ksi kotona, p\u00e4iv\u00e4kodissa tai leikkihuoneessa.Ensimm\u00e4inen elementti on krokotiilin p\u00e4\u00e4. T\u00e4\u00e4lt\u00e4 lapsesi l\u00f6yt\u00e4\u00e4 sokkeloita, joiden l\u00e4pi h\u00e4n voi ohjata elementtej\u00e4 ja harjoitella k\u00e4siens\u00e4 ja sormiensa motorisia taitoja. Lis\u00e4ksi on hammaspy\u00f6ri\u00e4, jotka saavat krokotiilin silm\u00e4t liikkeelle! Py\u00f6ri\u00e4 voi liikutella vapaasti l\u00f6yt\u00e4\u00e4ksesi uusia sijoitusmahdollisuuksia. Toinen lauta sis\u00e4lt\u00e4\u00e4 py\u00f6re\u00e4n sokkelon. Labyrintin [&hellip;]<\/p>\n","protected":false},"featured_media":0,"comment_status":"open","ping_status":"closed","template":"","meta":[],"product_brand":[],"product_cat":[32],"product_tag":[],"class_list":{"0":"post-36944","1":"product","2":"type-product","3":"status-publish","5":"product_cat-uncategorized-fi","7":"first","8":"instock","9":"shipping-taxable","10":"purchasable","11":"product-type-simple"},"_links":{"self":[{"href":"https:\/\/nordicmart.andreevmaster.com\/fi\/wp-json\/wp\/v2\/product\/36944","targetHints":{"allow":["GET"]}}],"collection":[{"href":"https:\/\/nordicmart.andreevmaster.com\/fi\/wp-json\/wp\/v2\/product"}],"about":[{"href":"https:\/\/nordicmart.andreevmaster.com\/fi\/wp-json\/wp\/v2\/types\/product"}],"replies":[{"embeddable":true,"href":"https:\/\/nordicmart.andreevmaster.com\/fi\/wp-json\/wp\/v2\/comments?post=36944"}],"wp:attachment":[{"href":"https:\/\/nordicmart.andreevmaster.com\/fi\/wp-json\/wp\/v2\/media?parent=36944"}],"wp:term":[{"taxonomy":"product_brand","embeddable":true,"href":"https:\/\/nordicmart.andreevmaster.com\/fi\/wp-json\/wp\/v2\/product_brand?post=36944"},{"taxonomy":"product_cat","embeddable":true,"href":"https:\/\/nordicmart.andreevmaster.com\/fi\/wp-json\/wp\/v2\/product_cat?post=36944"},{"taxonomy":"product_tag","embeddable":true,"href":"https:\/\/nordicmart.andreevmaster.com\/fi\/wp-json\/wp\/v2\/product_tag?post=36944"}],"curies":[{"name":"wp","href":"https:\/\/api.w.org\/{rel}","templated":true}]}}