{"id":36943,"date":"2026-02-27T00:36:43","date_gmt":"2026-02-27T00:36:43","guid":{"rendered":"https:\/\/nordicmart.andreevmaster.com\/product\/step2-little-explorer-poyta-vesipoyta-hiekkalaatikko\/"},"modified":"2026-02-27T09:53:56","modified_gmt":"2026-02-27T09:53:56","slug":"step2-little-explorer-poyta-vesipoyta-hiekkalaatikko","status":"publish","type":"product","link":"https:\/\/nordicmart.andreevmaster.com\/fi\/tuote\/step2-little-explorer-poyta-vesipoyta-hiekkalaatikko\/","title":{"rendered":"STEP2 Little Explorer -p\u00f6yt\u00e4 Vesip\u00f6yt\u00e4 Hiekkalaatikko"},"content":{"rendered":"<p>STEP2:n Little Explorer -p\u00f6yt\u00e4hiekkalaatikko T\u00e4m\u00e4 lastenp\u00f6yt\u00e4 on riitt\u00e4v\u00e4n suuri, jotta kaikki voivat leikki\u00e4 yhdess\u00e4, mik\u00e4 edist\u00e4\u00e4 sosiaalisia taitoja ja jakamisen oppimista. Veden lis\u00e4\u00e4minen p\u00f6yt\u00e4\u00e4n lis\u00e4\u00e4 hauskuutta ja luo interaktiivisen ymp\u00e4rist\u00f6n oppimiseen ja leikkimiseen.Ominaisuudet:<\/p>\n<p>* &#8211; lelu on tarkoitettu 2-vuotiaille ja sit\u00e4 vanhemmille lapsille,<br \/>\n* &#8211; p\u00f6yt\u00e4 on riitt\u00e4v\u00e4n suuri, jotta useat lapset voivat leikki\u00e4 yhdess\u00e4<br \/>\n* &#8211; veden lis\u00e4\u00e4minen p\u00f6yt\u00e4\u00e4n lis\u00e4\u00e4 leikin hauskuutta ja luo interaktiivisen ymp\u00e4rist\u00f6n oppimiseen ja leikkimiseen<br \/>\n* &#8211; p\u00f6yt\u00e4 on varustettu erilaisilla elementeill\u00e4, vipuista katapultteihin ja taljaj\u00e4rjestelmiin, jotka takaavat monipuolisen leikin<br \/>\n* &#8211; leikkiess\u00e4\u00e4n pikkulapset voivat oppia varhaisia fysiikan k\u00e4sitteit\u00e4, kuten liike, voima, syy ja seuraus ja paljon muuta<br \/>\n* &#8211; p\u00f6yt\u00e4 auttaa lapsia kehitt\u00e4m\u00e4\u00e4n t\u00e4rkeit\u00e4 taitoja, kuten sosiaalisia ja motorisia taitoja<\/p>\n","protected":false},"excerpt":{"rendered":"<p>STEP2:n Little Explorer -p\u00f6yt\u00e4hiekkalaatikko T\u00e4m\u00e4 lastenp\u00f6yt\u00e4 on riitt\u00e4v\u00e4n suuri, jotta kaikki voivat leikki\u00e4 yhdess\u00e4, mik\u00e4 edist\u00e4\u00e4 sosiaalisia taitoja ja jakamisen oppimista. Veden lis\u00e4\u00e4minen p\u00f6yt\u00e4\u00e4n lis\u00e4\u00e4 hauskuutta ja luo interaktiivisen ymp\u00e4rist\u00f6n oppimiseen ja leikkimiseen.Ominaisuudet: * &#8211; lelu on tarkoitettu 2-vuotiaille ja sit\u00e4 vanhemmille lapsille, * &#8211; p\u00f6yt\u00e4 on riitt\u00e4v\u00e4n suuri, jotta useat lapset voivat leikki\u00e4 yhdess\u00e4 [&hellip;]<\/p>\n","protected":false},"featured_media":0,"comment_status":"open","ping_status":"closed","template":"","meta":[],"product_brand":[],"product_cat":[32],"product_tag":[],"class_list":{"0":"post-36943","1":"product","2":"type-product","3":"status-publish","5":"product_cat-uncategorized-fi","7":"first","8":"instock","9":"shipping-taxable","10":"purchasable","11":"product-type-simple"},"_links":{"self":[{"href":"https:\/\/nordicmart.andreevmaster.com\/fi\/wp-json\/wp\/v2\/product\/36943","targetHints":{"allow":["GET"]}}],"collection":[{"href":"https:\/\/nordicmart.andreevmaster.com\/fi\/wp-json\/wp\/v2\/product"}],"about":[{"href":"https:\/\/nordicmart.andreevmaster.com\/fi\/wp-json\/wp\/v2\/types\/product"}],"replies":[{"embeddable":true,"href":"https:\/\/nordicmart.andreevmaster.com\/fi\/wp-json\/wp\/v2\/comments?post=36943"}],"wp:attachment":[{"href":"https:\/\/nordicmart.andreevmaster.com\/fi\/wp-json\/wp\/v2\/media?parent=36943"}],"wp:term":[{"taxonomy":"product_brand","embeddable":true,"href":"https:\/\/nordicmart.andreevmaster.com\/fi\/wp-json\/wp\/v2\/product_brand?post=36943"},{"taxonomy":"product_cat","embeddable":true,"href":"https:\/\/nordicmart.andreevmaster.com\/fi\/wp-json\/wp\/v2\/product_cat?post=36943"},{"taxonomy":"product_tag","embeddable":true,"href":"https:\/\/nordicmart.andreevmaster.com\/fi\/wp-json\/wp\/v2\/product_tag?post=36943"}],"curies":[{"name":"wp","href":"https:\/\/api.w.org\/{rel}","templated":true}]}}