{"id":36942,"date":"2026-02-27T00:36:42","date_gmt":"2026-02-27T00:36:42","guid":{"rendered":"https:\/\/nordicmart.andreevmaster.com\/product\/woopie-baby-active-table-oppimispoyta\/"},"modified":"2026-02-27T09:53:56","modified_gmt":"2026-02-27T09:53:56","slug":"woopie-baby-active-table-oppimispoyta","status":"publish","type":"product","link":"https:\/\/nordicmart.andreevmaster.com\/fi\/tuote\/woopie-baby-active-table-oppimispoyta\/","title":{"rendered":"WOOPIE BABY Active Table -oppimisp\u00f6yt\u00e4"},"content":{"rendered":"<p>WOOPIE:n Active Table -oppimisp\u00f6yt\u00e4 on hauska ja opettavainen p\u00f6yt\u00e4 pikkulapsille, joka tarjoaa heille tunteja luovaa leikki\u00e4. Lapset voivat leikki\u00e4 v\u00e4rikk\u00e4ill\u00e4 palloilla ja katsella niiden vierimist\u00e4 radalla. He voivat my\u00f6s painaa erilaisia painikkeita, jotka aktivoivat \u00e4\u00e4ni\u00e4 ja valoja, ja l\u00f6yt\u00e4\u00e4 uusia muotoja, v\u00e4rej\u00e4 ja el\u00e4imi\u00e4. P\u00f6yd\u00e4ss\u00e4 on my\u00f6s aistileikkikaluja, kuten helistin, peili ja purulelu, jotka stimuloivat lapsen aisteja. Active Table on t\u00e4ydellinen lahja lapsille, jotka haluavat oppia leikin kautta. Ominaisuudet: * &#8211; lelu 18 kuukauden ik\u00e4isille lapsille, * &#8211; lelu sis\u00e4lt\u00e4\u00e4 tukaaneen muotoisen pianon, joka voidaan irrottaa ja k\u00e4ytt\u00e4\u00e4 erillisen\u00e4 leluna, * &#8211; pallotorni, jonka avulla lapsi voi katsella pallojen putoamista ylh\u00e4\u00e4lt\u00e4,* &#8211; irrotettava pallokori,<br \/>\n* &#8211; jalkojen helpon irrottamisen ansiosta p\u00f6yt\u00e4\u00e4 voidaan k\u00e4ytt\u00e4\u00e4 my\u00f6s oppimistauluna,<br \/>\n* &#8211; vankka ja vakaa rakenne,<br \/>\n* &#8211; vaatii paristoja: 2 x AA (paristot eiv\u00e4t sis\u00e4lly toimitukseen).<\/p>\n<p>Lelu kehitt\u00e4\u00e4:<\/p>\n<p>* &#8211; kehitt\u00e4\u00e4 psykomotorisia taitoja,<br \/>\n* &#8211; auttaa lasta aistien oikeassa kehityksess\u00e4,<br \/>\n* &#8211; stimuloi uteliaisuutta,<br \/>\n* &#8211; auttaa kehitt\u00e4m\u00e4\u00e4n k\u00e4si-silm\u00e4-koordinaatiota.<\/p>\n","protected":false},"excerpt":{"rendered":"<p>WOOPIE:n Active Table -oppimisp\u00f6yt\u00e4 on hauska ja opettavainen p\u00f6yt\u00e4 pikkulapsille, joka tarjoaa heille tunteja luovaa leikki\u00e4. Lapset voivat leikki\u00e4 v\u00e4rikk\u00e4ill\u00e4 palloilla ja katsella niiden vierimist\u00e4 radalla. He voivat my\u00f6s painaa erilaisia painikkeita, jotka aktivoivat \u00e4\u00e4ni\u00e4 ja valoja, ja l\u00f6yt\u00e4\u00e4 uusia muotoja, v\u00e4rej\u00e4 ja el\u00e4imi\u00e4. P\u00f6yd\u00e4ss\u00e4 on my\u00f6s aistileikkikaluja, kuten helistin, peili ja purulelu, jotka stimuloivat [&hellip;]<\/p>\n","protected":false},"featured_media":0,"comment_status":"open","ping_status":"closed","template":"","meta":[],"product_brand":[],"product_cat":[32],"product_tag":[],"class_list":{"0":"post-36942","1":"product","2":"type-product","3":"status-publish","5":"product_cat-uncategorized-fi","7":"first","8":"instock","9":"shipping-taxable","10":"purchasable","11":"product-type-simple"},"_links":{"self":[{"href":"https:\/\/nordicmart.andreevmaster.com\/fi\/wp-json\/wp\/v2\/product\/36942","targetHints":{"allow":["GET"]}}],"collection":[{"href":"https:\/\/nordicmart.andreevmaster.com\/fi\/wp-json\/wp\/v2\/product"}],"about":[{"href":"https:\/\/nordicmart.andreevmaster.com\/fi\/wp-json\/wp\/v2\/types\/product"}],"replies":[{"embeddable":true,"href":"https:\/\/nordicmart.andreevmaster.com\/fi\/wp-json\/wp\/v2\/comments?post=36942"}],"wp:attachment":[{"href":"https:\/\/nordicmart.andreevmaster.com\/fi\/wp-json\/wp\/v2\/media?parent=36942"}],"wp:term":[{"taxonomy":"product_brand","embeddable":true,"href":"https:\/\/nordicmart.andreevmaster.com\/fi\/wp-json\/wp\/v2\/product_brand?post=36942"},{"taxonomy":"product_cat","embeddable":true,"href":"https:\/\/nordicmart.andreevmaster.com\/fi\/wp-json\/wp\/v2\/product_cat?post=36942"},{"taxonomy":"product_tag","embeddable":true,"href":"https:\/\/nordicmart.andreevmaster.com\/fi\/wp-json\/wp\/v2\/product_tag?post=36942"}],"curies":[{"name":"wp","href":"https:\/\/api.w.org\/{rel}","templated":true}]}}