{"id":36941,"date":"2026-02-27T00:36:42","date_gmt":"2026-02-27T00:36:42","guid":{"rendered":"https:\/\/nordicmart.andreevmaster.com\/product\/woopie-baby-5-in-1-monitoiminen-kavelytuoli-vaaleanpunainen-1\/"},"modified":"2026-02-27T09:53:56","modified_gmt":"2026-02-27T09:53:56","slug":"woopie-baby-5-in-1-monitoiminen-kavelytuoli-vaaleanpunainen-1","status":"publish","type":"product","link":"https:\/\/nordicmart.andreevmaster.com\/fi\/tuote\/woopie-baby-5-in-1-monitoiminen-kavelytuoli-vaaleanpunainen-1\/","title":{"rendered":"WOOPIE BABY 5-in-1 monitoiminen k\u00e4velytuoli, vaaleanpunainen, 1+"},"content":{"rendered":"<p>WOOPIE:n 5-in-1 monitoiminen k\u00e4velytuoli on lelu, joka kasvaa lapsen mukana, tuo iloa ja pit\u00e4\u00e4 lapsen kiireisen\u00e4 pitk\u00e4\u00e4n kasvaessaan. Lelu kannustaa lasta ottamaan ensimm\u00e4iset askeleensa ja tarjoaa monia muita leikki- ja oppimismahdollisuuksia. Ominaisuudet:<\/p>\n<p>* &#8211; lelu 1-vuotiaille ja sit\u00e4 vanhemmille lapsille<br \/>\n* &#8211; setti sis\u00e4lt\u00e4\u00e4 k\u00e4velytuolin, jossa on opettavainen paneeli, 3 palloa, istuin, kahva vanhemmille ja keinutuoli<br \/>\n* &#8211; lelun toimintoja voidaan muuttaa lapsen i\u00e4n ja tarpeiden mukaan<br \/>\n* &#8211; lelu vaatii paristoja, jotka eiv\u00e4t sis\u00e4lly settiin<\/p>\n<p>Setti sis\u00e4lt\u00e4\u00e4:<\/p>\n<p>* &#8211; k\u00e4velytuoli, jossa on kahva ja takapy\u00f6rien nopeudens\u00e4\u00e4t\u00f6<br \/>\n* &#8211; opetuspanel, jossa on piano, koripallo, hammaspy\u00f6r\u00e4t, laskuhelmet ja muita houkuttimia<br \/>\n* &#8211; 3 palloa heitt\u00e4mist\u00e4 ja pomppimista varten<br \/>\n* &#8211; istuin, joka kiinnitet\u00e4\u00e4n k\u00e4velytuoliin ja muuttaa sen ajettavaksi leluksi<br \/>\n* &#8211; kahva, jolla vanhemmat voivat ty\u00f6nt\u00e4\u00e4 ajettavaa lelua<br \/>\n* &#8211; keinutuoli, joka kiinnitet\u00e4\u00e4n k\u00e4velytuoliin ja muuttaa sen keinuksi<br \/>\n* &#8211; ohjeet (puolaksi)<br \/>\n* &#8211; lelu vaatii paristoja &#8211; 3x AA 1,5 V (ei sis\u00e4lly toimitukseen)<\/p>\n<p>Lelu kehitt\u00e4\u00e4:<\/p>\n<p>* &#8211; itsen\u00e4ist\u00e4 k\u00e4vely\u00e4<br \/>\n* &#8211; motorista koordinaatiota<br \/>\n* &#8211; laskemisen ja lukemisen taitoja<br \/>\n* &#8211; kuuloa ja n\u00e4k\u00f6\u00e4<br \/>\n* &#8211; luovuutta ja leikkimist\u00e4<br \/>\n* &#8211; j\u00e4ljittely\u00e4 ja yhteisty\u00f6t\u00e4<\/p>\n","protected":false},"excerpt":{"rendered":"<p>WOOPIE:n 5-in-1 monitoiminen k\u00e4velytuoli on lelu, joka kasvaa lapsen mukana, tuo iloa ja pit\u00e4\u00e4 lapsen kiireisen\u00e4 pitk\u00e4\u00e4n kasvaessaan. Lelu kannustaa lasta ottamaan ensimm\u00e4iset askeleensa ja tarjoaa monia muita leikki- ja oppimismahdollisuuksia. Ominaisuudet: * &#8211; lelu 1-vuotiaille ja sit\u00e4 vanhemmille lapsille * &#8211; setti sis\u00e4lt\u00e4\u00e4 k\u00e4velytuolin, jossa on opettavainen paneeli, 3 palloa, istuin, kahva vanhemmille ja [&hellip;]<\/p>\n","protected":false},"featured_media":0,"comment_status":"open","ping_status":"closed","template":"","meta":[],"product_brand":[],"product_cat":[32],"product_tag":[],"class_list":{"0":"post-36941","1":"product","2":"type-product","3":"status-publish","5":"product_cat-uncategorized-fi","7":"first","8":"instock","9":"shipping-taxable","10":"purchasable","11":"product-type-simple"},"_links":{"self":[{"href":"https:\/\/nordicmart.andreevmaster.com\/fi\/wp-json\/wp\/v2\/product\/36941","targetHints":{"allow":["GET"]}}],"collection":[{"href":"https:\/\/nordicmart.andreevmaster.com\/fi\/wp-json\/wp\/v2\/product"}],"about":[{"href":"https:\/\/nordicmart.andreevmaster.com\/fi\/wp-json\/wp\/v2\/types\/product"}],"replies":[{"embeddable":true,"href":"https:\/\/nordicmart.andreevmaster.com\/fi\/wp-json\/wp\/v2\/comments?post=36941"}],"wp:attachment":[{"href":"https:\/\/nordicmart.andreevmaster.com\/fi\/wp-json\/wp\/v2\/media?parent=36941"}],"wp:term":[{"taxonomy":"product_brand","embeddable":true,"href":"https:\/\/nordicmart.andreevmaster.com\/fi\/wp-json\/wp\/v2\/product_brand?post=36941"},{"taxonomy":"product_cat","embeddable":true,"href":"https:\/\/nordicmart.andreevmaster.com\/fi\/wp-json\/wp\/v2\/product_cat?post=36941"},{"taxonomy":"product_tag","embeddable":true,"href":"https:\/\/nordicmart.andreevmaster.com\/fi\/wp-json\/wp\/v2\/product_tag?post=36941"}],"curies":[{"name":"wp","href":"https:\/\/api.w.org\/{rel}","templated":true}]}}