{"id":36939,"date":"2026-02-27T00:36:41","date_gmt":"2026-02-27T00:36:41","guid":{"rendered":"https:\/\/nordicmart.andreevmaster.com\/product\/little-tikes-sininen-keinutuoli\/"},"modified":"2026-02-27T09:53:55","modified_gmt":"2026-02-27T09:53:55","slug":"little-tikes-sininen-keinutuoli","status":"publish","type":"product","link":"https:\/\/nordicmart.andreevmaster.com\/fi\/tuote\/little-tikes-sininen-keinutuoli\/","title":{"rendered":"LITTLE TIKES Sininen keinutuoli"},"content":{"rendered":"<p>Tunnettujen Little Tikes -tuotemerkin sininen keinutuoli on t\u00e4ydellinen lahjaidea. Keinu on yksi lasten suosikkitoiminnoista, koska se muistuttaa heit\u00e4 siit\u00e4, kuinka heit\u00e4 hemmoteltiin keinuessa, keinuttaessa ja vanhempien syliss\u00e4 kannettaessa. Jos lapsesi pit\u00e4\u00e4 el\u00e4imist\u00e4, istuta h\u00e4net s\u00f6p\u00f6lle valaalle ja katso, kuinka nopeasti h\u00e4n yst\u00e4vystyy sen kanssa. Leikki ei tuota vain paljon iloa, vaan varmistaa my\u00f6s lapsesi oikean kehityksen. Keinu stimuloi pikkulapsen aivojen tasapainoelint\u00e4, mik\u00e4 auttaa lasta kehittym\u00e4\u00e4n kunnolla ja oppimaan istumaan ja k\u00e4velem\u00e4\u00e4n nopeammin. Pienimpien turvallisuus huomioon ottaen istuin on sijoitettu matalalle, kahvat on kiinnitetty tukevasti ja jalkatuki on suunniteltu niin, ett\u00e4 lapsen jalat eiv\u00e4t luiskahda leikin aikana ja ett\u00e4 lapsella on runsaasti tilaa olla mukavasti.<\/p>\n<p>Ominaisuudet:<\/p>\n<p>* &#8211; 1, 2 tai 3 lasta voi keinua s\u00f6p\u00f6ll\u00e4 valaalla samanaikaisesti,<br \/>\n* &#8211; sen mitat mahdollistavat leikin sek\u00e4 puutarhassa ett\u00e4 kotona,<br \/>\n* &#8211; valas on varustettu tukevilla, mukavilla kahvoilla,<br \/>\n* &#8211; leve\u00e4t ja mukavat jalkatuet.<\/p>\n<p>Little Tikes tarjoaa luovia ratkaisuja ja kest\u00e4vyytt\u00e4, joiden ansiosta lapset voivat nauttia leikist\u00e4 monien vuosien ajan. Siksi yksi sen lippulaivatuotteista on Cozy Coupe\u00ae -ajettava auto, joka on tuonut iloa lapsille jo yli kolmekymment\u00e4 vuotta. Valikoimaan kuuluu my\u00f6s seuraavien kategorioiden leluja: leikkim\u00f6kit, taloustavarat, keinut ja leikkikent\u00e4t, keinutuolit ja k\u00e4velytuolit, huonekalut, puutarhalelut, lasten ajoneuvot, liukum\u00e4et ja kiipeilytelineet.<\/p>\n","protected":false},"excerpt":{"rendered":"<p>Tunnettujen Little Tikes -tuotemerkin sininen keinutuoli on t\u00e4ydellinen lahjaidea. Keinu on yksi lasten suosikkitoiminnoista, koska se muistuttaa heit\u00e4 siit\u00e4, kuinka heit\u00e4 hemmoteltiin keinuessa, keinuttaessa ja vanhempien syliss\u00e4 kannettaessa. Jos lapsesi pit\u00e4\u00e4 el\u00e4imist\u00e4, istuta h\u00e4net s\u00f6p\u00f6lle valaalle ja katso, kuinka nopeasti h\u00e4n yst\u00e4vystyy sen kanssa. Leikki ei tuota vain paljon iloa, vaan varmistaa my\u00f6s lapsesi oikean [&hellip;]<\/p>\n","protected":false},"featured_media":0,"comment_status":"open","ping_status":"closed","template":"","meta":[],"product_brand":[],"product_cat":[32],"product_tag":[],"class_list":{"0":"post-36939","1":"product","2":"type-product","3":"status-publish","5":"product_cat-uncategorized-fi","7":"first","8":"instock","9":"shipping-taxable","10":"purchasable","11":"product-type-simple"},"_links":{"self":[{"href":"https:\/\/nordicmart.andreevmaster.com\/fi\/wp-json\/wp\/v2\/product\/36939","targetHints":{"allow":["GET"]}}],"collection":[{"href":"https:\/\/nordicmart.andreevmaster.com\/fi\/wp-json\/wp\/v2\/product"}],"about":[{"href":"https:\/\/nordicmart.andreevmaster.com\/fi\/wp-json\/wp\/v2\/types\/product"}],"replies":[{"embeddable":true,"href":"https:\/\/nordicmart.andreevmaster.com\/fi\/wp-json\/wp\/v2\/comments?post=36939"}],"wp:attachment":[{"href":"https:\/\/nordicmart.andreevmaster.com\/fi\/wp-json\/wp\/v2\/media?parent=36939"}],"wp:term":[{"taxonomy":"product_brand","embeddable":true,"href":"https:\/\/nordicmart.andreevmaster.com\/fi\/wp-json\/wp\/v2\/product_brand?post=36939"},{"taxonomy":"product_cat","embeddable":true,"href":"https:\/\/nordicmart.andreevmaster.com\/fi\/wp-json\/wp\/v2\/product_cat?post=36939"},{"taxonomy":"product_tag","embeddable":true,"href":"https:\/\/nordicmart.andreevmaster.com\/fi\/wp-json\/wp\/v2\/product_tag?post=36939"}],"curies":[{"name":"wp","href":"https:\/\/api.w.org\/{rel}","templated":true}]}}