{"id":36938,"date":"2026-02-27T00:36:41","date_gmt":"2026-02-27T00:36:41","guid":{"rendered":"https:\/\/nordicmart.andreevmaster.com\/product\/little-tikes-garden-playhouse-log-cabin-2\/"},"modified":"2026-02-27T09:53:55","modified_gmt":"2026-02-27T09:53:55","slug":"little-tikes-garden-playhouse-log-cabin-2","status":"publish","type":"product","link":"https:\/\/nordicmart.andreevmaster.com\/fi\/tuote\/little-tikes-garden-playhouse-log-cabin-2\/","title":{"rendered":"Little Tikes Garden Playhouse Log Cabin"},"content":{"rendered":"<p>T\u00e4m\u00e4 puutarhaleikkim\u00f6kki tunnetulta amerikkalaiselta Little Tikes -yritykselt\u00e4 on muotoiltu hirsim\u00f6kiksi ja n\u00e4ytt\u00e4\u00e4 eritt\u00e4in realistiselta. Kest\u00e4v\u00e4 ruskea m\u00f6kki n\u00e4ytt\u00e4\u00e4 puurakenteiselta kaksisein\u00e4iselt\u00e4 rakennukselta ja tarjoaa vuosien ajan hauskaa puuhaa. Se on t\u00e4ydellinen ratkaisu kev\u00e4t- ja kes\u00e4p\u00e4iville. Lapsesi kehittyy fyysisesti ja oppii leikkim\u00e4\u00e4n ryhm\u00e4ss\u00e4. <\/p>\n<p>* Puupalkkiseinist\u00e4, sopivasta vihre\u00e4st\u00e4 katosta, lukittavista ikkunaluukuista ja p\u00f6yd\u00e4ll\u00e4 ja lelupuhelimella varustetusta sisustuksesta koostuva leikkim\u00f6kki muistuttaa aitoa mets\u00e4st\u00e4j\u00e4n m\u00f6kki\u00e4, mutta modernilla twistill\u00e4.* Puinen puutarham\u00f6kki on helppo koota. * Tuolit ja astiat eiv\u00e4t sis\u00e4lly m\u00f6kin toimitukseen. <\/p>\n<p>Leikkiminen t\u00e4ss\u00e4 m\u00f6kiss\u00e4 on todellinen seikkailu! <\/p>\n<p>Pakkauksen paino: 50 kg <\/p>\n<p>Little Tikes -tuotteet ovat tunnettuja ja rakastettuja kaikilla mantereilla, monissa kodeissa, lukemattomien hymyilevien lasten ja tyytyv\u00e4isten vanhempien keskuudessa. Lasten turvallisuus mieless\u00e4 Little Tikes valmistaa tuotteita, jotka t\u00e4ytt\u00e4v\u00e4t kaikki tarvittavat turvallisuusstandardit. Tuotteiden kest\u00e4vyys mieless\u00e4 lelut on suunniteltu ja valmistettu k\u00e4ytt\u00e4m\u00e4ll\u00e4 sopivinta tekniikkaa, joka on &#8221;rotomolding&#8221;, mik\u00e4 takaa vuosien hauskanpidon. Varoitus. Vain kotik\u00e4ytt\u00f6\u00f6n.<\/p>\n","protected":false},"excerpt":{"rendered":"<p>T\u00e4m\u00e4 puutarhaleikkim\u00f6kki tunnetulta amerikkalaiselta Little Tikes -yritykselt\u00e4 on muotoiltu hirsim\u00f6kiksi ja n\u00e4ytt\u00e4\u00e4 eritt\u00e4in realistiselta. Kest\u00e4v\u00e4 ruskea m\u00f6kki n\u00e4ytt\u00e4\u00e4 puurakenteiselta kaksisein\u00e4iselt\u00e4 rakennukselta ja tarjoaa vuosien ajan hauskaa puuhaa. Se on t\u00e4ydellinen ratkaisu kev\u00e4t- ja kes\u00e4p\u00e4iville. Lapsesi kehittyy fyysisesti ja oppii leikkim\u00e4\u00e4n ryhm\u00e4ss\u00e4. * Puupalkkiseinist\u00e4, sopivasta vihre\u00e4st\u00e4 katosta, lukittavista ikkunaluukuista ja p\u00f6yd\u00e4ll\u00e4 ja lelupuhelimella varustetusta sisustuksesta koostuva [&hellip;]<\/p>\n","protected":false},"featured_media":0,"comment_status":"open","ping_status":"closed","template":"","meta":[],"product_brand":[],"product_cat":[32],"product_tag":[],"class_list":{"0":"post-36938","1":"product","2":"type-product","3":"status-publish","5":"product_cat-uncategorized-fi","7":"first","8":"instock","9":"shipping-taxable","10":"purchasable","11":"product-type-simple"},"_links":{"self":[{"href":"https:\/\/nordicmart.andreevmaster.com\/fi\/wp-json\/wp\/v2\/product\/36938","targetHints":{"allow":["GET"]}}],"collection":[{"href":"https:\/\/nordicmart.andreevmaster.com\/fi\/wp-json\/wp\/v2\/product"}],"about":[{"href":"https:\/\/nordicmart.andreevmaster.com\/fi\/wp-json\/wp\/v2\/types\/product"}],"replies":[{"embeddable":true,"href":"https:\/\/nordicmart.andreevmaster.com\/fi\/wp-json\/wp\/v2\/comments?post=36938"}],"wp:attachment":[{"href":"https:\/\/nordicmart.andreevmaster.com\/fi\/wp-json\/wp\/v2\/media?parent=36938"}],"wp:term":[{"taxonomy":"product_brand","embeddable":true,"href":"https:\/\/nordicmart.andreevmaster.com\/fi\/wp-json\/wp\/v2\/product_brand?post=36938"},{"taxonomy":"product_cat","embeddable":true,"href":"https:\/\/nordicmart.andreevmaster.com\/fi\/wp-json\/wp\/v2\/product_cat?post=36938"},{"taxonomy":"product_tag","embeddable":true,"href":"https:\/\/nordicmart.andreevmaster.com\/fi\/wp-json\/wp\/v2\/product_tag?post=36938"}],"curies":[{"name":"wp","href":"https:\/\/api.w.org\/{rel}","templated":true}]}}