{"id":36937,"date":"2026-02-27T00:36:41","date_gmt":"2026-02-27T00:36:41","guid":{"rendered":"https:\/\/nordicmart.andreevmaster.com\/product\/teraksinen-ritarimiekka-messinkikoristeilla-replica-96-cm-sp-c\/"},"modified":"2026-02-27T09:53:55","modified_gmt":"2026-02-27T09:53:55","slug":"teraksinen-ritarimiekka-messinkikoristeilla-replica-96-cm-sp-c","status":"publish","type":"product","link":"https:\/\/nordicmart.andreevmaster.com\/fi\/tuote\/teraksinen-ritarimiekka-messinkikoristeilla-replica-96-cm-sp-c\/","title":{"rendered":"Ter\u00e4ksinen ritarimiekka messinkikoristeilla \u2013 replica 96 cm \u2013 SP-C"},"content":{"rendered":"<p>Ter\u00e4ksinen ritarimiekka messinkikoristeilla \u2013 replica 96 cm \u2013 SP-C&nbsp;&nbsp;&nbsp;Ter\u00e4ksinen ritarimiekka \u2013 replica 96 cm \u2013 SP-C on majesteettinen replica 1500-luvun ritarimiekasta, joka vie meid\u00e4t takaisin kaukaisiin aikoihin, jolloin ritarit loistivat ja sankarilliset valloitukset olivat arkip\u00e4iv\u00e4\u00e4. T\u00e4m\u00e4 runsaasti koristeltu replica her\u00e4tt\u00e4\u00e4 huomiota tarkalla valmistuksellaan ja yksityiskohtien huolellisella viimeistelyll\u00e4.&nbsp;T\u00e4m\u00e4 tarkasti j\u00e4ljennetty replica on ainutlaatuinen lahja historian yst\u00e4ville, aseiden ker\u00e4ilij\u00f6ille ja ritarilegendojen faneille. Se on my\u00f6s erinomainen lahja historiallisten tapahtumien rekonstruoijille. Se voi olla my\u00f6s mielenkiintoinen sisustustuote.&nbsp;&nbsp;Tuotetiedot:&nbsp;Mitat: 96 cm1500-luvun miekan replikaTer\u00e4 ruostumatonta ter\u00e4st\u00e4 (tyls\u00e4 ter\u00e4)K\u00e4densija ja kahva runsaasti koristeltu &#8211; valmistettu messingist\u00e4&nbsp;<\/p>\n","protected":false},"excerpt":{"rendered":"<p>Ter\u00e4ksinen ritarimiekka messinkikoristeilla \u2013 replica 96 cm \u2013 SP-C&nbsp;&nbsp;&nbsp;Ter\u00e4ksinen ritarimiekka \u2013 replica 96 cm \u2013 SP-C on majesteettinen replica 1500-luvun ritarimiekasta, joka vie meid\u00e4t takaisin kaukaisiin aikoihin, jolloin ritarit loistivat ja sankarilliset valloitukset olivat arkip\u00e4iv\u00e4\u00e4. T\u00e4m\u00e4 runsaasti koristeltu replica her\u00e4tt\u00e4\u00e4 huomiota tarkalla valmistuksellaan ja yksityiskohtien huolellisella viimeistelyll\u00e4.&nbsp;T\u00e4m\u00e4 tarkasti j\u00e4ljennetty replica on ainutlaatuinen lahja historian yst\u00e4ville, [&hellip;]<\/p>\n","protected":false},"featured_media":45024,"comment_status":"open","ping_status":"closed","template":"","meta":[],"product_brand":[],"product_cat":[32],"product_tag":[],"class_list":{"0":"post-36937","1":"product","2":"type-product","3":"status-publish","4":"has-post-thumbnail","6":"product_cat-uncategorized-fi","8":"first","9":"instock","10":"shipping-taxable","11":"purchasable","12":"product-type-simple"},"_links":{"self":[{"href":"https:\/\/nordicmart.andreevmaster.com\/fi\/wp-json\/wp\/v2\/product\/36937","targetHints":{"allow":["GET"]}}],"collection":[{"href":"https:\/\/nordicmart.andreevmaster.com\/fi\/wp-json\/wp\/v2\/product"}],"about":[{"href":"https:\/\/nordicmart.andreevmaster.com\/fi\/wp-json\/wp\/v2\/types\/product"}],"replies":[{"embeddable":true,"href":"https:\/\/nordicmart.andreevmaster.com\/fi\/wp-json\/wp\/v2\/comments?post=36937"}],"wp:featuredmedia":[{"embeddable":true,"href":"https:\/\/nordicmart.andreevmaster.com\/fi\/wp-json\/wp\/v2\/media\/45024"}],"wp:attachment":[{"href":"https:\/\/nordicmart.andreevmaster.com\/fi\/wp-json\/wp\/v2\/media?parent=36937"}],"wp:term":[{"taxonomy":"product_brand","embeddable":true,"href":"https:\/\/nordicmart.andreevmaster.com\/fi\/wp-json\/wp\/v2\/product_brand?post=36937"},{"taxonomy":"product_cat","embeddable":true,"href":"https:\/\/nordicmart.andreevmaster.com\/fi\/wp-json\/wp\/v2\/product_cat?post=36937"},{"taxonomy":"product_tag","embeddable":true,"href":"https:\/\/nordicmart.andreevmaster.com\/fi\/wp-json\/wp\/v2\/product_tag?post=36937"}],"curies":[{"name":"wp","href":"https:\/\/api.w.org\/{rel}","templated":true}]}}