{"id":36936,"date":"2026-02-27T00:36:40","date_gmt":"2026-02-27T00:36:40","guid":{"rendered":"https:\/\/nordicmart.andreevmaster.com\/product\/morning-star-replica-2\/"},"modified":"2026-02-27T09:53:55","modified_gmt":"2026-02-27T09:53:55","slug":"morning-star-replica-2","status":"publish","type":"product","link":"https:\/\/nordicmart.andreevmaster.com\/fi\/tuote\/morning-star-replica-2\/","title":{"rendered":"Morning Star Replica"},"content":{"rendered":"<p>Morning Star Replica&nbsp;&nbsp;&nbsp;Historiallisen aseen, Morning Starin, tarkasti yksityiskohtia noudattaen valmistettu replica. Puun, metallin ja nahkaa muistuttavan materiaalin yhdistelm\u00e4 antaa sille aidon ilmeen, joka sopii t\u00e4ydellisesti keskiaikaisten taistelujen ja turnajaisten tunnelmaan.&nbsp;&nbsp;Tuotetiedot:&nbsp;Materiaali: puu, metalli, nahkaa muistuttava materiaaliKahvan pituus: 25 cmKokonaispituus: 46 cmT\u00e4ydellinen historiaa rakastaville \u2013 t\u00e4ydellinen lahja keskiajan harrastajille, rekonstruktioharrastajille ja valkoisten aseiden ker\u00e4ilij\u00f6ille.Alkuper\u00e4inen koriste \u2013 upea sisustuselementti historialliseen tai fantasiatyyliseen sisustukseen. Rekvisiitta cosplayhin ja reenactment-tapahtumiin \u2013 t\u00e4ydellinen lis\u00e4 ritari-asuihin ja teemallisiin esityksiin.&nbsp;<\/p>\n","protected":false},"excerpt":{"rendered":"<p>Morning Star Replica&nbsp;&nbsp;&nbsp;Historiallisen aseen, Morning Starin, tarkasti yksityiskohtia noudattaen valmistettu replica. Puun, metallin ja nahkaa muistuttavan materiaalin yhdistelm\u00e4 antaa sille aidon ilmeen, joka sopii t\u00e4ydellisesti keskiaikaisten taistelujen ja turnajaisten tunnelmaan.&nbsp;&nbsp;Tuotetiedot:&nbsp;Materiaali: puu, metalli, nahkaa muistuttava materiaaliKahvan pituus: 25 cmKokonaispituus: 46 cmT\u00e4ydellinen historiaa rakastaville \u2013 t\u00e4ydellinen lahja keskiajan harrastajille, rekonstruktioharrastajille ja valkoisten aseiden ker\u00e4ilij\u00f6ille.Alkuper\u00e4inen koriste \u2013 upea [&hellip;]<\/p>\n","protected":false},"featured_media":45023,"comment_status":"open","ping_status":"closed","template":"","meta":[],"product_brand":[],"product_cat":[32],"product_tag":[],"class_list":{"0":"post-36936","1":"product","2":"type-product","3":"status-publish","4":"has-post-thumbnail","6":"product_cat-uncategorized-fi","8":"first","9":"instock","10":"shipping-taxable","11":"purchasable","12":"product-type-simple"},"_links":{"self":[{"href":"https:\/\/nordicmart.andreevmaster.com\/fi\/wp-json\/wp\/v2\/product\/36936","targetHints":{"allow":["GET"]}}],"collection":[{"href":"https:\/\/nordicmart.andreevmaster.com\/fi\/wp-json\/wp\/v2\/product"}],"about":[{"href":"https:\/\/nordicmart.andreevmaster.com\/fi\/wp-json\/wp\/v2\/types\/product"}],"replies":[{"embeddable":true,"href":"https:\/\/nordicmart.andreevmaster.com\/fi\/wp-json\/wp\/v2\/comments?post=36936"}],"wp:featuredmedia":[{"embeddable":true,"href":"https:\/\/nordicmart.andreevmaster.com\/fi\/wp-json\/wp\/v2\/media\/45023"}],"wp:attachment":[{"href":"https:\/\/nordicmart.andreevmaster.com\/fi\/wp-json\/wp\/v2\/media?parent=36936"}],"wp:term":[{"taxonomy":"product_brand","embeddable":true,"href":"https:\/\/nordicmart.andreevmaster.com\/fi\/wp-json\/wp\/v2\/product_brand?post=36936"},{"taxonomy":"product_cat","embeddable":true,"href":"https:\/\/nordicmart.andreevmaster.com\/fi\/wp-json\/wp\/v2\/product_cat?post=36936"},{"taxonomy":"product_tag","embeddable":true,"href":"https:\/\/nordicmart.andreevmaster.com\/fi\/wp-json\/wp\/v2\/product_tag?post=36936"}],"curies":[{"name":"wp","href":"https:\/\/api.w.org\/{rel}","templated":true}]}}