{"id":36935,"date":"2026-02-27T00:36:40","date_gmt":"2026-02-27T00:36:40","guid":{"rendered":"https:\/\/nordicmart.andreevmaster.com\/product\/woopie-baby-push-toy-walker-educational-table-scooter-ride-on-toy-4-in-1-2\/"},"modified":"2026-02-27T09:53:54","modified_gmt":"2026-02-27T09:53:54","slug":"woopie-baby-push-toy-walker-educational-table-scooter-ride-on-toy-4-in-1-2","status":"publish","type":"product","link":"https:\/\/nordicmart.andreevmaster.com\/fi\/tuote\/woopie-baby-push-toy-walker-educational-table-scooter-ride-on-toy-4-in-1-2\/","title":{"rendered":"WOOPIE BABY Push Toy Walker Educational Table Scooter Ride-on Toy 4-in-1"},"content":{"rendered":"<p>L\u00f6yd\u00e4 loputtomat mahdollisuudet hauskanpitoon WOOPIE:n monitoimisella interaktiivisella 4-in-1-ajettavalla lelulla! T\u00e4m\u00e4 opettavainen ty\u00f6nt\u00f6leikkikalu tulee olemaan lapsesi suosikkiseuralainen, joka seuraa h\u00e4nt\u00e4 askel askeleelta ensimm\u00e4isist\u00e4 konttaamisen p\u00e4ivist\u00e4 vapaaseen liikkumiseen. <\/p>\n<p>Leikkikalu on todellinen aarreaitta yll\u00e4tyksi\u00e4, joita lapsesi voi itse l\u00f6yt\u00e4\u00e4. T\u00e4t\u00e4 helpottaa useiden toimintojen yhdistelm\u00e4 yhdess\u00e4 leikkikalussa: ty\u00f6nt\u00f6leikkikalu, skootteri, ajettava leikkikalu ja opettavainen p\u00f6yt\u00e4, mik\u00e4 tarkoittaa, ett\u00e4 lapsesi ei kyll\u00e4sty siihen pitk\u00e4\u00e4n aikaan.<\/p>\n<p>P\u00e4\u00e4paneeli tarjoaa runsaasti n\u00e4ht\u00e4v\u00e4\u00e4: musiikillisen kehityksen edist\u00e4miseen tarkoitetun miniorganin, liikkuvat &#8221;ovet&#8221;, joissa on iloisia el\u00e4imi\u00e4, py\u00f6riv\u00e4t hammaspy\u00f6r\u00e4t, muotojen ja v\u00e4rien oppimiseen tarkoitetut v\u00e4rikk\u00e4\u00e4t palikat naruissa, py\u00f6riv\u00e4 helistin, minikalkkuna levyill\u00e4 ja paljon muuta. <\/p>\n<p>Turvallisuus on etusijalla \u2013 lelu on valmistettu korkealaatuisista, sertifioiduista ja esteettisist\u00e4 materiaaleista. Lelussa ei ole ep\u00e4tasaisia pintoja tai ter\u00e4vi\u00e4 reunoja, mik\u00e4 takaa t\u00e4ydellisen k\u00e4ytt\u00f6turvallisuuden. Tuotteen ominaisuudet:<\/p>\n<p>* &#8211; lelu 12 kuukauden ik\u00e4isille ja sit\u00e4 vanhemmille lapsille,<br \/>\n* &#8211; 4-in-1-oppimislelu: ty\u00f6nt\u00f6leikki, skootteri, ajettava lelu, p\u00f6yt\u00e4,<br \/>\n* &#8211; oppimispaneeli interaktiivisilla elementeill\u00e4,<br \/>\n* &#8211; valmistettu korkealaatuisista, sertifioiduista materiaaleista,* &#8211; takapy\u00f6r\u00e4t voidaan lukita,<br \/>\n* &#8211; hiljaiset py\u00f6r\u00e4t, jotka eiv\u00e4t naarmuta pintoja<\/p>\n<p>Lelu kehitt\u00e4\u00e4:<\/p>\n<p>* &#8211; k\u00e4den taitoja,<br \/>\n* &#8211; motorista koordinaatiota,<br \/>\n* &#8211; kyky\u00e4 erottaa muotoja ja v\u00e4rej\u00e4,<br \/>\n* &#8211; luovuutta ja mielikuvitusta,<br \/>\n* &#8211; loogista ajattelua.<\/p>\n","protected":false},"excerpt":{"rendered":"<p>L\u00f6yd\u00e4 loputtomat mahdollisuudet hauskanpitoon WOOPIE:n monitoimisella interaktiivisella 4-in-1-ajettavalla lelulla! T\u00e4m\u00e4 opettavainen ty\u00f6nt\u00f6leikkikalu tulee olemaan lapsesi suosikkiseuralainen, joka seuraa h\u00e4nt\u00e4 askel askeleelta ensimm\u00e4isist\u00e4 konttaamisen p\u00e4ivist\u00e4 vapaaseen liikkumiseen. Leikkikalu on todellinen aarreaitta yll\u00e4tyksi\u00e4, joita lapsesi voi itse l\u00f6yt\u00e4\u00e4. T\u00e4t\u00e4 helpottaa useiden toimintojen yhdistelm\u00e4 yhdess\u00e4 leikkikalussa: ty\u00f6nt\u00f6leikkikalu, skootteri, ajettava leikkikalu ja opettavainen p\u00f6yt\u00e4, mik\u00e4 tarkoittaa, ett\u00e4 lapsesi ei [&hellip;]<\/p>\n","protected":false},"featured_media":0,"comment_status":"open","ping_status":"closed","template":"","meta":[],"product_brand":[],"product_cat":[32],"product_tag":[],"class_list":{"0":"post-36935","1":"product","2":"type-product","3":"status-publish","5":"product_cat-uncategorized-fi","7":"first","8":"instock","9":"shipping-taxable","10":"purchasable","11":"product-type-simple"},"_links":{"self":[{"href":"https:\/\/nordicmart.andreevmaster.com\/fi\/wp-json\/wp\/v2\/product\/36935","targetHints":{"allow":["GET"]}}],"collection":[{"href":"https:\/\/nordicmart.andreevmaster.com\/fi\/wp-json\/wp\/v2\/product"}],"about":[{"href":"https:\/\/nordicmart.andreevmaster.com\/fi\/wp-json\/wp\/v2\/types\/product"}],"replies":[{"embeddable":true,"href":"https:\/\/nordicmart.andreevmaster.com\/fi\/wp-json\/wp\/v2\/comments?post=36935"}],"wp:attachment":[{"href":"https:\/\/nordicmart.andreevmaster.com\/fi\/wp-json\/wp\/v2\/media?parent=36935"}],"wp:term":[{"taxonomy":"product_brand","embeddable":true,"href":"https:\/\/nordicmart.andreevmaster.com\/fi\/wp-json\/wp\/v2\/product_brand?post=36935"},{"taxonomy":"product_cat","embeddable":true,"href":"https:\/\/nordicmart.andreevmaster.com\/fi\/wp-json\/wp\/v2\/product_cat?post=36935"},{"taxonomy":"product_tag","embeddable":true,"href":"https:\/\/nordicmart.andreevmaster.com\/fi\/wp-json\/wp\/v2\/product_tag?post=36935"}],"curies":[{"name":"wp","href":"https:\/\/api.w.org\/{rel}","templated":true}]}}