{"id":36934,"date":"2026-02-27T00:36:40","date_gmt":"2026-02-27T00:36:40","guid":{"rendered":"https:\/\/nordicmart.andreevmaster.com\/product\/woopie-castle-playground-3-in-1-swing-slide-166-cm-2\/"},"modified":"2026-02-27T09:53:54","modified_gmt":"2026-02-27T09:53:54","slug":"woopie-castle-playground-3-in-1-swing-slide-166-cm-2","status":"publish","type":"product","link":"https:\/\/nordicmart.andreevmaster.com\/fi\/tuote\/woopie-castle-playground-3-in-1-swing-slide-166-cm-2\/","title":{"rendered":"WOOPIE Castle Playground 3-in-1 Swing Slide 166 cm"},"content":{"rendered":"<p>Castle Playground on valtava linnoitus, jossa lapsesi ja h\u00e4nen yst\u00e4v\u00e4ns\u00e4 voivat leikki\u00e4! Leikkikentt\u00e4 koostuu tornista, jossa on liukum\u00e4ki ja keinu. Tornissa on lukuisia ikkunoita ja aukkoja, jotka p\u00e4\u00e4st\u00e4v\u00e4t sis\u00e4\u00e4n runsaasti valoa. Lis\u00e4ksi voit poistua sivusta ja k\u00e4ytt\u00e4\u00e4 tukevilla kaiteilla varustettuja portaita kiivet\u00e4ksesi tornin huipulle ja liu&#8217;uttaaksesi alas 166 cm pitk\u00e4\u00e4 liukum\u00e4ke\u00e4. Tornissa on korkeat sivukaiteet, jotka suojaavat lapsia liukum\u00e4ke\u00e4 k\u00e4ytett\u00e4ess\u00e4. Liukum\u00e4ki on pitk\u00e4 ja melko jyrkk\u00e4, mik\u00e4 tyydytt\u00e4\u00e4 t\u00e4ysin jokaisen lapsen. T\u00e4t\u00e4 upeaa leikkipaikkaa t\u00e4ydent\u00e4\u00e4 keinu, joka voidaan asentaa kolmella tavalla lasten i\u00e4n ja tarpeiden mukaan (enimm\u00e4iskuorma 50 kg). Se on valmistettu korkealaatuisesta UV-suojatusta muovista \u2013 ihanteellinen ulkok\u00e4ytt\u00f6\u00f6n ja t\u00e4ydellinen leikkimiseen kotona!<\/p>\n<p>Ominaisuudet:<\/p>\n<p>* &#8211; lelu 3-vuotiaille ja sit\u00e4 vanhemmille lapsille<br \/>\n* &#8211; 3-in-1 \u2013 torni, liukum\u00e4ki ja keinu<br \/>\n* &#8211; liukum\u00e4en pituus: 166 cm<br \/>\n* &#8211; maks. kuorma: 50 (kg)<br \/>\n* &#8211; keskiaikainen muotoilu<br \/>\n* &#8211; valmistettu lapsille sopivasta, turvallisesta, UV-suojatusta ja kest\u00e4v\u00e4st\u00e4 materiaalista<br \/>\n* &#8211; kehitt\u00e4\u00e4 lasten motorisia taitoja, mielikuvitusta ja luovuutta<br \/>\n* &#8211; sis\u00e4- ja ulkok\u00e4ytt\u00f6\u00f6n<\/p>\n","protected":false},"excerpt":{"rendered":"<p>Castle Playground on valtava linnoitus, jossa lapsesi ja h\u00e4nen yst\u00e4v\u00e4ns\u00e4 voivat leikki\u00e4! Leikkikentt\u00e4 koostuu tornista, jossa on liukum\u00e4ki ja keinu. Tornissa on lukuisia ikkunoita ja aukkoja, jotka p\u00e4\u00e4st\u00e4v\u00e4t sis\u00e4\u00e4n runsaasti valoa. Lis\u00e4ksi voit poistua sivusta ja k\u00e4ytt\u00e4\u00e4 tukevilla kaiteilla varustettuja portaita kiivet\u00e4ksesi tornin huipulle ja liu&#8217;uttaaksesi alas 166 cm pitk\u00e4\u00e4 liukum\u00e4ke\u00e4. Tornissa on korkeat sivukaiteet, [&hellip;]<\/p>\n","protected":false},"featured_media":0,"comment_status":"open","ping_status":"closed","template":"","meta":[],"product_brand":[],"product_cat":[32],"product_tag":[],"class_list":{"0":"post-36934","1":"product","2":"type-product","3":"status-publish","5":"product_cat-uncategorized-fi","7":"first","8":"instock","9":"shipping-taxable","10":"purchasable","11":"product-type-simple"},"_links":{"self":[{"href":"https:\/\/nordicmart.andreevmaster.com\/fi\/wp-json\/wp\/v2\/product\/36934","targetHints":{"allow":["GET"]}}],"collection":[{"href":"https:\/\/nordicmart.andreevmaster.com\/fi\/wp-json\/wp\/v2\/product"}],"about":[{"href":"https:\/\/nordicmart.andreevmaster.com\/fi\/wp-json\/wp\/v2\/types\/product"}],"replies":[{"embeddable":true,"href":"https:\/\/nordicmart.andreevmaster.com\/fi\/wp-json\/wp\/v2\/comments?post=36934"}],"wp:attachment":[{"href":"https:\/\/nordicmart.andreevmaster.com\/fi\/wp-json\/wp\/v2\/media?parent=36934"}],"wp:term":[{"taxonomy":"product_brand","embeddable":true,"href":"https:\/\/nordicmart.andreevmaster.com\/fi\/wp-json\/wp\/v2\/product_brand?post=36934"},{"taxonomy":"product_cat","embeddable":true,"href":"https:\/\/nordicmart.andreevmaster.com\/fi\/wp-json\/wp\/v2\/product_cat?post=36934"},{"taxonomy":"product_tag","embeddable":true,"href":"https:\/\/nordicmart.andreevmaster.com\/fi\/wp-json\/wp\/v2\/product_tag?post=36934"}],"curies":[{"name":"wp","href":"https:\/\/api.w.org\/{rel}","templated":true}]}}