{"id":36933,"date":"2026-02-27T00:36:40","date_gmt":"2026-02-27T00:36:40","guid":{"rendered":"https:\/\/nordicmart.andreevmaster.com\/product\/woopie-leikkikentta-leikkimokki-liukumaella-123-cm\/"},"modified":"2026-02-27T09:53:54","modified_gmt":"2026-02-27T09:53:54","slug":"woopie-leikkikentta-leikkimokki-liukumaella-123-cm","status":"publish","type":"product","link":"https:\/\/nordicmart.andreevmaster.com\/fi\/tuote\/woopie-leikkikentta-leikkimokki-liukumaella-123-cm\/","title":{"rendered":"WOOPIE Leikkikentt\u00e4 Leikkim\u00f6kki liukum\u00e4ell\u00e4 123 cm"},"content":{"rendered":"<p>WOOPIE-leikkipaikka on t\u00e4ydellinen paikka lapsellesi ja h\u00e4nen yst\u00e4villeen leikki\u00e4! Leikkipaikka koostuu kahdesta talosta ja liukum\u00e4est\u00e4. Talossa on runsaasti tilaa leikki\u00e4 ja avattavat ovet ja ikkunat. Liukum\u00e4ki on 123 cm pitk\u00e4. Se on valmistettu korkealaatuisesta UV-suojatusta muovista \u2013 ihanteellinen ulkok\u00e4ytt\u00f6\u00f6n ja t\u00e4ydellinen leikkimiseen kotona!Ominaisuudet:<\/p>\n<p>* &#8211; lelu 3-vuotiaille ja sit\u00e4 vanhemmille lapsille<br \/>\n* &#8211; liukum\u00e4en pituus: 123 cm<br \/>\n* &#8211; varustettu 2 talolla ja liukum\u00e4ell\u00e4<br \/>\n* &#8211; valmistettu lapsille sopivasta, turvallisesta, UV-suojatusta ja kest\u00e4v\u00e4st\u00e4 materiaalista<br \/>\n* &#8211; kehitt\u00e4\u00e4 lasten motorisia taitoja, mielikuvitusta ja luovuutta<br \/>\n* &#8211; sis\u00e4- ja ulkok\u00e4ytt\u00f6\u00f6n.<\/p>\n","protected":false},"excerpt":{"rendered":"<p>WOOPIE-leikkipaikka on t\u00e4ydellinen paikka lapsellesi ja h\u00e4nen yst\u00e4villeen leikki\u00e4! Leikkipaikka koostuu kahdesta talosta ja liukum\u00e4est\u00e4. Talossa on runsaasti tilaa leikki\u00e4 ja avattavat ovet ja ikkunat. Liukum\u00e4ki on 123 cm pitk\u00e4. Se on valmistettu korkealaatuisesta UV-suojatusta muovista \u2013 ihanteellinen ulkok\u00e4ytt\u00f6\u00f6n ja t\u00e4ydellinen leikkimiseen kotona!Ominaisuudet: * &#8211; lelu 3-vuotiaille ja sit\u00e4 vanhemmille lapsille * &#8211; liukum\u00e4en pituus: [&hellip;]<\/p>\n","protected":false},"featured_media":0,"comment_status":"open","ping_status":"closed","template":"","meta":[],"product_brand":[],"product_cat":[32],"product_tag":[],"class_list":{"0":"post-36933","1":"product","2":"type-product","3":"status-publish","5":"product_cat-uncategorized-fi","7":"first","8":"instock","9":"shipping-taxable","10":"purchasable","11":"product-type-simple"},"_links":{"self":[{"href":"https:\/\/nordicmart.andreevmaster.com\/fi\/wp-json\/wp\/v2\/product\/36933","targetHints":{"allow":["GET"]}}],"collection":[{"href":"https:\/\/nordicmart.andreevmaster.com\/fi\/wp-json\/wp\/v2\/product"}],"about":[{"href":"https:\/\/nordicmart.andreevmaster.com\/fi\/wp-json\/wp\/v2\/types\/product"}],"replies":[{"embeddable":true,"href":"https:\/\/nordicmart.andreevmaster.com\/fi\/wp-json\/wp\/v2\/comments?post=36933"}],"wp:attachment":[{"href":"https:\/\/nordicmart.andreevmaster.com\/fi\/wp-json\/wp\/v2\/media?parent=36933"}],"wp:term":[{"taxonomy":"product_brand","embeddable":true,"href":"https:\/\/nordicmart.andreevmaster.com\/fi\/wp-json\/wp\/v2\/product_brand?post=36933"},{"taxonomy":"product_cat","embeddable":true,"href":"https:\/\/nordicmart.andreevmaster.com\/fi\/wp-json\/wp\/v2\/product_cat?post=36933"},{"taxonomy":"product_tag","embeddable":true,"href":"https:\/\/nordicmart.andreevmaster.com\/fi\/wp-json\/wp\/v2\/product_tag?post=36933"}],"curies":[{"name":"wp","href":"https:\/\/api.w.org\/{rel}","templated":true}]}}