{"id":36932,"date":"2026-02-27T00:36:39","date_gmt":"2026-02-27T00:36:39","guid":{"rendered":"https:\/\/nordicmart.andreevmaster.com\/product\/little-tikes-huge-picnic-table-blue-table-2\/"},"modified":"2026-02-27T09:53:54","modified_gmt":"2026-02-27T09:53:54","slug":"little-tikes-huge-picnic-table-blue-table-2","status":"publish","type":"product","link":"https:\/\/nordicmart.andreevmaster.com\/fi\/tuote\/little-tikes-huge-picnic-table-blue-table-2\/","title":{"rendered":"Little Tikes Huge Picnic Table Blue Table"},"content":{"rendered":"<p>Varusteet ja ominaisuudet:<\/p>\n<p>-6 lasta mahtuu istumaan samanaikaisesti suureen piknikp\u00f6yt\u00e4\u00e4n<\/p>\n<p>-P\u00f6yt\u00e4 sopii erinomaisesti kaikenlaisiin aktiviteetteihin ja leikkeihin<\/p>\n<p>-P\u00f6yd\u00e4ss\u00e4 on mukavat istuimet<\/p>\n<p>-Py\u00f6ristetyt ja sile\u00e4t reunat turvallisuuden takaamiseksi<\/p>\n<p>-Helppo pit\u00e4\u00e4 puhtaana<\/p>\n<p>Little Tikes -tuotteet ovat tunnettuja ja rakastettuja kaikilla mantereilla, monissa kodeissa, lukemattomien hymyilevien lasten ja tyytyv\u00e4isten vanhempien keskuudessa. Little Tikes valmistaa tuotteita, jotka t\u00e4ytt\u00e4v\u00e4t kaikki tarvittavat turvallisuusstandardit. Tuotteiden kest\u00e4vyys huomioon ottaen lelut on suunniteltu ja valmistettu k\u00e4ytt\u00e4m\u00e4ll\u00e4 sopivinta tekniikkaa, rotaatiovalua, joka takaa vuosien hauskanpidon.<\/p>\n","protected":false},"excerpt":{"rendered":"<p>Varusteet ja ominaisuudet: -6 lasta mahtuu istumaan samanaikaisesti suureen piknikp\u00f6yt\u00e4\u00e4n -P\u00f6yt\u00e4 sopii erinomaisesti kaikenlaisiin aktiviteetteihin ja leikkeihin -P\u00f6yd\u00e4ss\u00e4 on mukavat istuimet -Py\u00f6ristetyt ja sile\u00e4t reunat turvallisuuden takaamiseksi -Helppo pit\u00e4\u00e4 puhtaana Little Tikes -tuotteet ovat tunnettuja ja rakastettuja kaikilla mantereilla, monissa kodeissa, lukemattomien hymyilevien lasten ja tyytyv\u00e4isten vanhempien keskuudessa. Little Tikes valmistaa tuotteita, jotka t\u00e4ytt\u00e4v\u00e4t kaikki [&hellip;]<\/p>\n","protected":false},"featured_media":0,"comment_status":"open","ping_status":"closed","template":"","meta":[],"product_brand":[],"product_cat":[32],"product_tag":[],"class_list":{"0":"post-36932","1":"product","2":"type-product","3":"status-publish","5":"product_cat-uncategorized-fi","7":"first","8":"instock","9":"shipping-taxable","10":"purchasable","11":"product-type-simple"},"_links":{"self":[{"href":"https:\/\/nordicmart.andreevmaster.com\/fi\/wp-json\/wp\/v2\/product\/36932","targetHints":{"allow":["GET"]}}],"collection":[{"href":"https:\/\/nordicmart.andreevmaster.com\/fi\/wp-json\/wp\/v2\/product"}],"about":[{"href":"https:\/\/nordicmart.andreevmaster.com\/fi\/wp-json\/wp\/v2\/types\/product"}],"replies":[{"embeddable":true,"href":"https:\/\/nordicmart.andreevmaster.com\/fi\/wp-json\/wp\/v2\/comments?post=36932"}],"wp:attachment":[{"href":"https:\/\/nordicmart.andreevmaster.com\/fi\/wp-json\/wp\/v2\/media?parent=36932"}],"wp:term":[{"taxonomy":"product_brand","embeddable":true,"href":"https:\/\/nordicmart.andreevmaster.com\/fi\/wp-json\/wp\/v2\/product_brand?post=36932"},{"taxonomy":"product_cat","embeddable":true,"href":"https:\/\/nordicmart.andreevmaster.com\/fi\/wp-json\/wp\/v2\/product_cat?post=36932"},{"taxonomy":"product_tag","embeddable":true,"href":"https:\/\/nordicmart.andreevmaster.com\/fi\/wp-json\/wp\/v2\/product_tag?post=36932"}],"curies":[{"name":"wp","href":"https:\/\/api.w.org\/{rel}","templated":true}]}}