{"id":36931,"date":"2026-02-27T00:36:39","date_gmt":"2026-02-27T00:36:39","guid":{"rendered":"https:\/\/nordicmart.andreevmaster.com\/product\/woopie-aistien-ortopedinen-matto-kotikylpylaan-12-kpl\/"},"modified":"2026-02-27T09:53:53","modified_gmt":"2026-02-27T09:53:53","slug":"woopie-aistien-ortopedinen-matto-kotikylpylaan-12-kpl","status":"publish","type":"product","link":"https:\/\/nordicmart.andreevmaster.com\/fi\/tuote\/woopie-aistien-ortopedinen-matto-kotikylpylaan-12-kpl\/","title":{"rendered":"WOOPIE Aistien ortopedinen matto kotikylpyl\u00e4\u00e4n 12 kpl."},"content":{"rendered":"<p>Woopie-br\u00e4ndin suosittelema aistimattojen sarja kotikylpyl\u00e4\u00e4n tarjoaa rentoutusta ja terveytt\u00e4. Matto voidaan sijoittaa suihkuun ja nauttia rentouttavasta jalkahieronnasta. Illalla hieronta rauhoittaa v\u00e4syneit\u00e4 ja turvonneita jalkoja, ja aamulla se virkist\u00e4\u00e4 niit\u00e4 tulevaa p\u00e4iv\u00e4\u00e4 varten. Matto voidaan sijoittaa my\u00f6s kylpyhuoneen peilin viereen ja k\u00e4ytt\u00e4\u00e4 esimerkiksi hiusten kuivauksen aikana jalkojen reseptorien stimuloimiseen. Sarja sis\u00e4lt\u00e4\u00e4 12 elementti\u00e4. Se koostuu pinnoista, jotka vahvistavat ydint\u00e4 ja varmistavat tasapainon ja vakauden harjoittelun aikana. Lis\u00e4etuna on nilkkojen ja sis\u00e4isten lihasten vahvistuminen, mik\u00e4 auttaa yll\u00e4pit\u00e4m\u00e4\u00e4n oikeaa ryhti\u00e4.<\/p>\n<p>Maton k\u00e4ytt\u00f6 stimuloi aisteja, hieroo jalkoja ja v\u00e4hent\u00e4\u00e4 lattajalat. Matot vaikuttavat my\u00f6s lapsen aistien integraatioon, eli kykyyn tuntea ja reagoida kehon ja ymp\u00e4rist\u00f6n antamaan informaatioon.<\/p>\n<p>Ominaisuudet:<\/p>\n<p>* &#8211; aistien kehityst\u00e4 edist\u00e4v\u00e4, ortopedinen matto<br \/>\n* &#8211; jalkahieronta<br \/>\n* &#8211; voidaan sijoittaa suihkuun, peilin alle<br \/>\n* &#8211; terveytt\u00e4 ja hauskuutta<br \/>\n* &#8211; lapsille ja aikuisille, jotka rakastavat paljain jaloin k\u00e4vely\u00e4<\/p>\n<p>Edut ja toiminta:<\/p>\n<p>* &#8211; vahvistaa ydint\u00e4 ja varmistaa tasapainon ja vakauden harjoittelun aikana<br \/>\n* &#8211; vahvistaa nilkkoja ja sis\u00e4isi\u00e4 lihaksia, jotka auttavat yll\u00e4pit\u00e4m\u00e4\u00e4n oikeaa ryhti\u00e4<br \/>\n* &#8211; stimuloi aisteja, hieroo jalkoja ja v\u00e4hent\u00e4\u00e4 lattajalat<br \/>\n* &#8211; vaikuttaa lapsen aistien integraatioon, eli kykyyn tuntea ja reagoida kehon ja ymp\u00e4rist\u00f6n antamaan informaatioon<br \/>\n* &#8211; tarjoaa rentoutusta<\/p>\n<p>Matto koostuu 12 osasta: &#8211; 4x mattoa: pehme\u00e4 beige niitty, kovat beige juuret, suuret kovat harmaat kivet, pienet kovat harmaat kivet &#8211; 8x beige viimeistelyosat<\/p>\n","protected":false},"excerpt":{"rendered":"<p>Woopie-br\u00e4ndin suosittelema aistimattojen sarja kotikylpyl\u00e4\u00e4n tarjoaa rentoutusta ja terveytt\u00e4. Matto voidaan sijoittaa suihkuun ja nauttia rentouttavasta jalkahieronnasta. Illalla hieronta rauhoittaa v\u00e4syneit\u00e4 ja turvonneita jalkoja, ja aamulla se virkist\u00e4\u00e4 niit\u00e4 tulevaa p\u00e4iv\u00e4\u00e4 varten. Matto voidaan sijoittaa my\u00f6s kylpyhuoneen peilin viereen ja k\u00e4ytt\u00e4\u00e4 esimerkiksi hiusten kuivauksen aikana jalkojen reseptorien stimuloimiseen. Sarja sis\u00e4lt\u00e4\u00e4 12 elementti\u00e4. Se koostuu pinnoista, [&hellip;]<\/p>\n","protected":false},"featured_media":0,"comment_status":"open","ping_status":"closed","template":"","meta":[],"product_brand":[],"product_cat":[32],"product_tag":[],"class_list":{"0":"post-36931","1":"product","2":"type-product","3":"status-publish","5":"product_cat-uncategorized-fi","7":"first","8":"instock","9":"shipping-taxable","10":"purchasable","11":"product-type-simple"},"_links":{"self":[{"href":"https:\/\/nordicmart.andreevmaster.com\/fi\/wp-json\/wp\/v2\/product\/36931","targetHints":{"allow":["GET"]}}],"collection":[{"href":"https:\/\/nordicmart.andreevmaster.com\/fi\/wp-json\/wp\/v2\/product"}],"about":[{"href":"https:\/\/nordicmart.andreevmaster.com\/fi\/wp-json\/wp\/v2\/types\/product"}],"replies":[{"embeddable":true,"href":"https:\/\/nordicmart.andreevmaster.com\/fi\/wp-json\/wp\/v2\/comments?post=36931"}],"wp:attachment":[{"href":"https:\/\/nordicmart.andreevmaster.com\/fi\/wp-json\/wp\/v2\/media?parent=36931"}],"wp:term":[{"taxonomy":"product_brand","embeddable":true,"href":"https:\/\/nordicmart.andreevmaster.com\/fi\/wp-json\/wp\/v2\/product_brand?post=36931"},{"taxonomy":"product_cat","embeddable":true,"href":"https:\/\/nordicmart.andreevmaster.com\/fi\/wp-json\/wp\/v2\/product_cat?post=36931"},{"taxonomy":"product_tag","embeddable":true,"href":"https:\/\/nordicmart.andreevmaster.com\/fi\/wp-json\/wp\/v2\/product_tag?post=36931"}],"curies":[{"name":"wp","href":"https:\/\/api.w.org\/{rel}","templated":true}]}}