{"id":36928,"date":"2026-02-27T00:36:38","date_gmt":"2026-02-27T00:36:38","guid":{"rendered":"https:\/\/nordicmart.andreevmaster.com\/product\/woopie-aistien-ortopedinen-palapelimatto-kadet-ja-jalat-16-kpl-beige\/"},"modified":"2026-02-27T09:53:53","modified_gmt":"2026-02-27T09:53:53","slug":"woopie-aistien-ortopedinen-palapelimatto-kadet-ja-jalat-16-kpl-beige","status":"publish","type":"product","link":"https:\/\/nordicmart.andreevmaster.com\/fi\/tuote\/woopie-aistien-ortopedinen-palapelimatto-kadet-ja-jalat-16-kpl-beige\/","title":{"rendered":"WOOPIE Aistien ortopedinen palapelimatto K\u00e4det ja jalat 16 kpl. &#8211; Beige"},"content":{"rendered":"<p>Woopie-yrityksen suosittelema aistimatto, jolla on erinomaiset ortopediset ominaisuudet, on v\u00e4ltt\u00e4m\u00e4t\u00f6n vauvan kehityksen tukemiseksi. Se voi olla my\u00f6s hauskaa puuhaa lapsille, jotka rakastavat k\u00e4vell\u00e4 paljain jaloin. Sarja sis\u00e4lt\u00e4\u00e4 16 kappaletta\/palapeli\u00e4, joita k\u00e4ytet\u00e4\u00e4n vasemmalla ja oikealla k\u00e4dell\u00e4 sek\u00e4 jalalla. Matto kehitt\u00e4\u00e4 paitsi kehoa my\u00f6s mielt\u00e4. Sen avulla lapsesi voi k\u00e4ytt\u00e4\u00e4 molempia aivopuoliskoja samalla kun h\u00e4nell\u00e4 on hauskaa ja oppii oikean ja vasemman. Lapset kehitt\u00e4v\u00e4t kyky\u00e4\u00e4n m\u00e4\u00e4ritt\u00e4\u00e4 suuntia tilassa k\u00e4ytt\u00e4m\u00e4ll\u00e4 aktiivisesti vuorotellen oikeaa ja vasenta k\u00e4tt\u00e4 ja jalkaa, mik\u00e4 muokkaa heid\u00e4n suuntavaistoaan. Kyky erottaa vasen ja oikea on yksi suurimmista haasteista, joita jokainen lapsi kohtaa. Matolla teht\u00e4v\u00e4t harjoitukset antavat heille mahdollisuuden tarttua h\u00e4rk\u00e4\u00e4 sarvista ja tutustua aiheeseen. T\u00e4m\u00e4 sarja takaa monipuolisen kehityksen ja hauskanpidon, koska se aktivoi ja harjoittaa aivojen molempia puoliskoja. Ortopedisten mattojen k\u00e4ytt\u00f6 stimuloi aisteja, hieroo jalkoja ja v\u00e4hent\u00e4\u00e4 lattajalat. Matot vaikuttavat my\u00f6s lapsen aistien integraatioon, eli kykyyn tuntea ja reagoida kehon ja ymp\u00e4rist\u00f6n antamaan informaatioon.Ominaisuudet: * &#8211; aistillinen, ortopedinen matto, joka voidaan j\u00e4rjest\u00e4\u00e4 palapelin tavoin * &#8211; pinnat vasemman ja oikean k\u00e4den ja jalan k\u00e4ytt\u00f6\u00f6n * &#8211; terveytt\u00e4 ja hauskuutta * &#8211; lapsille, jotka rakastavat paljain jaloin k\u00e4vely\u00e4 Edut ja toiminnot: * &#8211; aktivoi aivojen molemmat puoliskot * &#8211; opettaa oikeaa ja vasenta puolta<br \/>\n* &#8211; kehitt\u00e4\u00e4 tilan hahmottamistaitoja<br \/>\n* &#8211; pehme\u00e4t pinnat valmistavat tai lievent\u00e4v\u00e4t painetta ennen kovia pintoja<br \/>\n* &#8211; stimuloi aisteja, hieroo jalkoja ja v\u00e4hent\u00e4\u00e4 lattajalat<br \/>\n* &#8211; vaikuttaa lapsen aistien integraatioon, eli kykyyn tuntea ja reagoida kehon ja ymp\u00e4rist\u00f6n antamaan tietoon<\/p>\n<p>Osat:<\/p>\n<p>* &#8211; 4x oikea kahva<br \/>\n* &#8211; 4x vasen k\u00e4si<br \/>\n* &#8211; 4x oikea jalka<br \/>\n* &#8211; 4x vasen jalka<\/p>\n<p>## Sarja on t\u00e4ydellinen lis\u00e4 t\u00e4m\u00e4n sarjan muihin sarjoihin.<\/p>\n<p>## Sarjat voidaan yhdist\u00e4\u00e4 suuremman pinta-alan luomiseksi.<\/p>\n","protected":false},"excerpt":{"rendered":"<p>Woopie-yrityksen suosittelema aistimatto, jolla on erinomaiset ortopediset ominaisuudet, on v\u00e4ltt\u00e4m\u00e4t\u00f6n vauvan kehityksen tukemiseksi. Se voi olla my\u00f6s hauskaa puuhaa lapsille, jotka rakastavat k\u00e4vell\u00e4 paljain jaloin. Sarja sis\u00e4lt\u00e4\u00e4 16 kappaletta\/palapeli\u00e4, joita k\u00e4ytet\u00e4\u00e4n vasemmalla ja oikealla k\u00e4dell\u00e4 sek\u00e4 jalalla. Matto kehitt\u00e4\u00e4 paitsi kehoa my\u00f6s mielt\u00e4. Sen avulla lapsesi voi k\u00e4ytt\u00e4\u00e4 molempia aivopuoliskoja samalla kun h\u00e4nell\u00e4 on hauskaa [&hellip;]<\/p>\n","protected":false},"featured_media":0,"comment_status":"open","ping_status":"closed","template":"","meta":[],"product_brand":[],"product_cat":[32],"product_tag":[],"class_list":{"0":"post-36928","1":"product","2":"type-product","3":"status-publish","5":"product_cat-uncategorized-fi","7":"first","8":"instock","9":"shipping-taxable","10":"purchasable","11":"product-type-simple"},"_links":{"self":[{"href":"https:\/\/nordicmart.andreevmaster.com\/fi\/wp-json\/wp\/v2\/product\/36928","targetHints":{"allow":["GET"]}}],"collection":[{"href":"https:\/\/nordicmart.andreevmaster.com\/fi\/wp-json\/wp\/v2\/product"}],"about":[{"href":"https:\/\/nordicmart.andreevmaster.com\/fi\/wp-json\/wp\/v2\/types\/product"}],"replies":[{"embeddable":true,"href":"https:\/\/nordicmart.andreevmaster.com\/fi\/wp-json\/wp\/v2\/comments?post=36928"}],"wp:attachment":[{"href":"https:\/\/nordicmart.andreevmaster.com\/fi\/wp-json\/wp\/v2\/media?parent=36928"}],"wp:term":[{"taxonomy":"product_brand","embeddable":true,"href":"https:\/\/nordicmart.andreevmaster.com\/fi\/wp-json\/wp\/v2\/product_brand?post=36928"},{"taxonomy":"product_cat","embeddable":true,"href":"https:\/\/nordicmart.andreevmaster.com\/fi\/wp-json\/wp\/v2\/product_cat?post=36928"},{"taxonomy":"product_tag","embeddable":true,"href":"https:\/\/nordicmart.andreevmaster.com\/fi\/wp-json\/wp\/v2\/product_tag?post=36928"}],"curies":[{"name":"wp","href":"https:\/\/api.w.org\/{rel}","templated":true}]}}