{"id":36926,"date":"2026-02-27T00:36:38","date_gmt":"2026-02-27T00:36:38","guid":{"rendered":"https:\/\/nordicmart.andreevmaster.com\/product\/woopie-xxl-rakennuspalikkasarja-autolla-43-kpl\/"},"modified":"2026-02-27T09:53:52","modified_gmt":"2026-02-27T09:53:52","slug":"woopie-xxl-rakennuspalikkasarja-autolla-43-kpl","status":"publish","type":"product","link":"https:\/\/nordicmart.andreevmaster.com\/fi\/tuote\/woopie-xxl-rakennuspalikkasarja-autolla-43-kpl\/","title":{"rendered":"WOOPIE XXL rakennuspalikkasarja autolla, 43 kpl."},"content":{"rendered":"<p>T\u00e4m\u00e4 v\u00e4rik\u00e4s Woopie-rakennuspalikkasarja on t\u00e4ydellinen nuorille tutkimusmatkailijoille, jotka rakastavat rakentaa, yhdistell\u00e4 ja luoda omia maailmojaan. Palikat on suunniteltu yli vuoden ik\u00e4isille lapsille \u2013 ne ovat kevyit\u00e4, turvallisia ja eritt\u00e4in helppoja yhdist\u00e4\u00e4, ja niiden suuri koko takaa mukavan ja opettavaisen leikin sek\u00e4 kotona ett\u00e4 ulkona. Sarja sis\u00e4lt\u00e4\u00e4 my\u00f6s py\u00f6r\u00e4t ja osat ajoneuvojen rakentamiseen, joten lapsesi voi luoda oman kuorma-auton, traktorin, vaunun tai muun mielikuvituksellisen kulkuv\u00e4lineen. Palikat opettavat loogista ajattelua, tilasuunnittelua ja stimuloivat luovuutta \u2013 ne eiv\u00e4t ole vain hauskoja, vaan my\u00f6s oppimista tekem\u00e4ll\u00e4!<\/p>\n<p>Ominaisuudet:<\/p>\n<p>* &#8211; Lelu 12 kuukauden ik\u00e4isille lapsille<br \/>\n* &#8211; 43 kappaletta \u2013 mukaan lukien suuret palikat ja lis\u00e4osat ajoneuvojen rakentamiseen<br \/>\n* &#8211; Eritt\u00e4in kevyet ja helppo yhdist\u00e4\u00e4 \u2013 t\u00e4ydelliset pienille k\u00e4sille<br \/>\n* &#8211; Suuret palikat \u2013 takaavat turvallisuuden ja mukavuuden leikin aikana<br \/>\n* &#8211; Mahdollisuus rakentaa rakenteita ja ajoneuvoja \u2013 py\u00f6rill\u00e4 ja naruilla<br \/>\n* &#8211; Laadukas muovi \u2013 kest\u00e4v\u00e4, myrkyt\u00f6n ja helppo puhdistaa<br \/>\n* &#8211; Moniv\u00e4riset elementit \u2013 her\u00e4tt\u00e4v\u00e4t lapsen huomion ja tukevat v\u00e4rien oppimista<\/p>\n<p>Setti sis\u00e4lt\u00e4\u00e4:<\/p>\n<p>* &#8211; 18 isoa suorakulmaista palikkaa (22,5 x 11 x 8 cm)<br \/>\n* &#8211; 18 neli\u00f6nmuotoista palikkaa (11,5 x 11 x 8 cm)<br \/>\n* &#8211; 6 paria py\u00f6ri\u00e4<br \/>\n* &#8211; 1 hinausk\u00f6ysi (pituus 20 cm)<\/p>\n<p>Lelu kehitt\u00e4\u00e4:<\/p>\n<p>* &#8211; Mielikuvitusta ja luovuutta<br \/>\n* &#8211; K\u00e4sien ja silmien koordinaatiota<br \/>\n* &#8211; Loogista ajattelua<br \/>\n* &#8211; Hienomotoriikkaa<br \/>\n* &#8211; Itsen\u00e4isyytt\u00e4 ja k\u00e4rsiv\u00e4llisyytt\u00e4<\/p>\n<p>Pakkauksen mitat: 59 x 47 x 25 (cm)<\/p>\n","protected":false},"excerpt":{"rendered":"<p>T\u00e4m\u00e4 v\u00e4rik\u00e4s Woopie-rakennuspalikkasarja on t\u00e4ydellinen nuorille tutkimusmatkailijoille, jotka rakastavat rakentaa, yhdistell\u00e4 ja luoda omia maailmojaan. Palikat on suunniteltu yli vuoden ik\u00e4isille lapsille \u2013 ne ovat kevyit\u00e4, turvallisia ja eritt\u00e4in helppoja yhdist\u00e4\u00e4, ja niiden suuri koko takaa mukavan ja opettavaisen leikin sek\u00e4 kotona ett\u00e4 ulkona. Sarja sis\u00e4lt\u00e4\u00e4 my\u00f6s py\u00f6r\u00e4t ja osat ajoneuvojen rakentamiseen, joten lapsesi voi [&hellip;]<\/p>\n","protected":false},"featured_media":0,"comment_status":"open","ping_status":"closed","template":"","meta":[],"product_brand":[],"product_cat":[32],"product_tag":[],"class_list":{"0":"post-36926","1":"product","2":"type-product","3":"status-publish","5":"product_cat-uncategorized-fi","7":"first","8":"instock","9":"shipping-taxable","10":"purchasable","11":"product-type-simple"},"_links":{"self":[{"href":"https:\/\/nordicmart.andreevmaster.com\/fi\/wp-json\/wp\/v2\/product\/36926","targetHints":{"allow":["GET"]}}],"collection":[{"href":"https:\/\/nordicmart.andreevmaster.com\/fi\/wp-json\/wp\/v2\/product"}],"about":[{"href":"https:\/\/nordicmart.andreevmaster.com\/fi\/wp-json\/wp\/v2\/types\/product"}],"replies":[{"embeddable":true,"href":"https:\/\/nordicmart.andreevmaster.com\/fi\/wp-json\/wp\/v2\/comments?post=36926"}],"wp:attachment":[{"href":"https:\/\/nordicmart.andreevmaster.com\/fi\/wp-json\/wp\/v2\/media?parent=36926"}],"wp:term":[{"taxonomy":"product_brand","embeddable":true,"href":"https:\/\/nordicmart.andreevmaster.com\/fi\/wp-json\/wp\/v2\/product_brand?post=36926"},{"taxonomy":"product_cat","embeddable":true,"href":"https:\/\/nordicmart.andreevmaster.com\/fi\/wp-json\/wp\/v2\/product_cat?post=36926"},{"taxonomy":"product_tag","embeddable":true,"href":"https:\/\/nordicmart.andreevmaster.com\/fi\/wp-json\/wp\/v2\/product_tag?post=36926"}],"curies":[{"name":"wp","href":"https:\/\/api.w.org\/{rel}","templated":true}]}}