{"id":36925,"date":"2026-02-27T00:36:38","date_gmt":"2026-02-27T00:36:38","guid":{"rendered":"https:\/\/nordicmart.andreevmaster.com\/product\/woopie-magneettiset-opettavaiset-rakennuspalikat-76-kappaletta\/"},"modified":"2026-02-27T09:53:52","modified_gmt":"2026-02-27T09:53:52","slug":"woopie-magneettiset-opettavaiset-rakennuspalikat-76-kappaletta","status":"publish","type":"product","link":"https:\/\/nordicmart.andreevmaster.com\/fi\/tuote\/woopie-magneettiset-opettavaiset-rakennuspalikat-76-kappaletta\/","title":{"rendered":"WOOPIE Magneettiset opettavaiset rakennuspalikat, 76 kappaletta"},"content":{"rendered":"<p>WOOPIE:n paksujen magneettisten palikoiden sarja yhdist\u00e4\u00e4 hauskanpidon ja oppimisen! Nuoren rakentajan tarvitsee vain yhdist\u00e4\u00e4 palikat ja alkaa luoda mielikuvituksellisia rakenteita ja monia muita j\u00e4rjestelyj\u00e4, kuten geometrisia kuvioita tai minitaloja! Ainoa rajoitus on mielikuvitus. Sarja sis\u00e4lt\u00e4\u00e4 76 palikkaa ja kortin, jossa on malleja. Palikat ovat paksuja, v\u00e4rikk\u00e4it\u00e4 ja turvallisia \u2013 t\u00e4ydellisi\u00e4 pienten lasten k\u00e4siin. Palikoiden opettavaiset toiminnot: aakkosten oppiminen, laskemisen oppiminen ja muotojen oppiminen. Palloissa on muun muassa el\u00e4imi\u00e4 ja hymyj\u00e4. Kaikki on pakattu k\u00e4tev\u00e4\u00e4n laatikkoon. Rakenteiden rakentaminen palikoilla kehitt\u00e4\u00e4 lasten luovuutta, k\u00e4den taitoja (\u201dhienomotoriikkaa\u201d), tilallista mielikuvitusta ja keskittymiskyky\u00e4. Ominaisuudet: * &#8211; lelu 3-vuotiaille ja sit\u00e4 vanhemmille lapsille,* &#8211; 76 magneettisen palikan sarja,<br \/>\n* &#8211; paksut, turvalliset palikat, jotka sopivat erinomaisesti pienten lasten k\u00e4siin,<br \/>\n* &#8211; rajattomat mahdollisuudet rakentaa erilaisia rakenteita,<br \/>\n* &#8211; kehitt\u00e4\u00e4 luovuutta, mielikuvitusta, k\u00e4den taitoja (&#8221;hienomotoriikkaa&#8221;), tilan hahmottamista ja keskittymiskyky\u00e4,<br \/>\n* &#8211; t\u00e4ydellinen lahjapakkaus \u2013 kotelossa on minipy\u00f6r\u00e4t.<\/p>\n<p>Palikoiden opettavaiset toiminnot:<\/p>\n<p>* &#8211; aakkosten oppiminen \u2013 pidemm\u00e4t, pitk\u00e4nomaiset palikat on merkitty aakkosten ensimm\u00e4isill\u00e4 kirjaimilla,<br \/>\n* &#8211; muotojen oppiminen \u2013 lyhyemm\u00e4t palikat on merkitty syd\u00e4men, t\u00e4hden ja kuun muodoilla,<br \/>\n* &#8211; laskemisen oppiminen \u2013 kaaret on merkitty matemaattisilla symboleilla.<\/p>\n<p>Setti sis\u00e4lt\u00e4\u00e4:<\/p>\n<p>* &#8211; 20 metallipalloa,<br \/>\n* &#8211; 12 kaari-tikkua,<br \/>\n* &#8211; 28 lyhyemp\u00e4\u00e4 tikkua,<br \/>\n* &#8211; 16 pidemp\u00e4\u00e4 tikkua,<br \/>\n* &#8211; 1 arkkia kuvioita.<\/p>\n<p>Palikoiden mitat:<\/p>\n<p>* &#8211; palikan paksuus &#8211; 2 cm,<br \/>\n* &#8211; pituus (esim. pidempi suora tikku) &#8211; 8,7 cm,<br \/>\n* &#8211; pallo &#8211; halkaisija 3,5 cm.<\/p>\n","protected":false},"excerpt":{"rendered":"<p>WOOPIE:n paksujen magneettisten palikoiden sarja yhdist\u00e4\u00e4 hauskanpidon ja oppimisen! Nuoren rakentajan tarvitsee vain yhdist\u00e4\u00e4 palikat ja alkaa luoda mielikuvituksellisia rakenteita ja monia muita j\u00e4rjestelyj\u00e4, kuten geometrisia kuvioita tai minitaloja! Ainoa rajoitus on mielikuvitus. Sarja sis\u00e4lt\u00e4\u00e4 76 palikkaa ja kortin, jossa on malleja. Palikat ovat paksuja, v\u00e4rikk\u00e4it\u00e4 ja turvallisia \u2013 t\u00e4ydellisi\u00e4 pienten lasten k\u00e4siin. Palikoiden opettavaiset [&hellip;]<\/p>\n","protected":false},"featured_media":0,"comment_status":"open","ping_status":"closed","template":"","meta":[],"product_brand":[],"product_cat":[32],"product_tag":[],"class_list":{"0":"post-36925","1":"product","2":"type-product","3":"status-publish","5":"product_cat-uncategorized-fi","7":"first","8":"instock","9":"shipping-taxable","10":"purchasable","11":"product-type-simple"},"_links":{"self":[{"href":"https:\/\/nordicmart.andreevmaster.com\/fi\/wp-json\/wp\/v2\/product\/36925","targetHints":{"allow":["GET"]}}],"collection":[{"href":"https:\/\/nordicmart.andreevmaster.com\/fi\/wp-json\/wp\/v2\/product"}],"about":[{"href":"https:\/\/nordicmart.andreevmaster.com\/fi\/wp-json\/wp\/v2\/types\/product"}],"replies":[{"embeddable":true,"href":"https:\/\/nordicmart.andreevmaster.com\/fi\/wp-json\/wp\/v2\/comments?post=36925"}],"wp:attachment":[{"href":"https:\/\/nordicmart.andreevmaster.com\/fi\/wp-json\/wp\/v2\/media?parent=36925"}],"wp:term":[{"taxonomy":"product_brand","embeddable":true,"href":"https:\/\/nordicmart.andreevmaster.com\/fi\/wp-json\/wp\/v2\/product_brand?post=36925"},{"taxonomy":"product_cat","embeddable":true,"href":"https:\/\/nordicmart.andreevmaster.com\/fi\/wp-json\/wp\/v2\/product_cat?post=36925"},{"taxonomy":"product_tag","embeddable":true,"href":"https:\/\/nordicmart.andreevmaster.com\/fi\/wp-json\/wp\/v2\/product_tag?post=36925"}],"curies":[{"name":"wp","href":"https:\/\/api.w.org\/{rel}","templated":true}]}}