{"id":36924,"date":"2026-02-27T00:36:37","date_gmt":"2026-02-27T00:36:37","guid":{"rendered":"https:\/\/nordicmart.andreevmaster.com\/product\/viga-puinen-maatila-puutarhalla-ja-traktorilla-21-kappaletta\/"},"modified":"2026-02-27T09:53:52","modified_gmt":"2026-02-27T09:53:52","slug":"viga-puinen-maatila-puutarhalla-ja-traktorilla-21-kappaletta","status":"publish","type":"product","link":"https:\/\/nordicmart.andreevmaster.com\/fi\/tuote\/viga-puinen-maatila-puutarhalla-ja-traktorilla-21-kappaletta\/","title":{"rendered":"VIGA Puinen maatila puutarhalla ja traktorilla, 21 kappaletta"},"content":{"rendered":"<p>VIGA-puinen maatila on kiehtova vaihtoehto maaseudun el\u00e4m\u00e4st\u00e4 kiinnostuneille lapsille! T\u00e4m\u00e4 monipuolisesti varustettu rakenne tarjoaa tuntikausia luovaa hauskaa ja antaa lapsille mahdollisuuden oppia maatalouden ja el\u00e4inten hoidon saloja. Erilaisten elementtien ansiosta lapset voivat luoda realistisia maatilan el\u00e4m\u00e4st\u00e4 tuttuja tilanteita ja kehitt\u00e4\u00e4 samalla mielikuvitustaan ja sosiaalisia taitojaan.<\/p>\n<p>\u2705 Ominaisuudet:<\/p>\n<p>\u2714\ufe0f 3-vuotiaille ja sit\u00e4 vanhemmille lapsille \u2714\ufe0f Puinen lato maatalousty\u00f6kalujen ja el\u00e4inten s\u00e4ilytt\u00e4miseen \u2714\ufe0f Valmistettu korkealaatuisesta puusta \u2714\ufe0f Istutusalue viljelykasvien oppimiseen \u2714\ufe0f Tukevat aidat el\u00e4inten turvallisuuden takaamiseksi \u2714\ufe0f Kolmas kerros, jossa on laskeutumisalusta palontorjuntahelikopterille, mik\u00e4 mahdollistaa ilmailutoiminnan<\/p>\n<p>\u2705 Setti sis\u00e4lt\u00e4\u00e4:<\/p>\n<p>\u25fe Puinen lato \u25fe Hahmot: maanviljelij\u00e4, paimenkoira, kana, ankka, lammas, lehm\u00e4 \u25fe Tukeva traktori per\u00e4vaunulla \u25fe Pieni j\u00e4rvi \u25fe 4 aitaa aitauksen\/puutarhan rakentamiseen \u25fe 3 istutuspenkki\u00e4 \u25fe 3 kasvavaa kasvia: retiisit, porkkanat ja kurpitsat \u25fe 2 hein\u00e4paalia<\/p>\n<p>\u2705 Lelu kehitt\u00e4\u00e4:<\/p>\n<p>\u2714\ufe0f Luovuutta ja mielikuvitusta \u2714\ufe0f Sosiaalisia taitoja ja tiimity\u00f6skentely\u00e4 \u2714\ufe0f Motorisia taitoja \u2714\ufe0f Empatiaa ja huolenpitoa el\u00e4imi\u00e4 ja kasveja kohtaan \u2714\ufe0f K\u00e4sien ja silmien koordinaatiota \u2714\ufe0f Loogista ajattelua<\/p>\n","protected":false},"excerpt":{"rendered":"<p>VIGA-puinen maatila on kiehtova vaihtoehto maaseudun el\u00e4m\u00e4st\u00e4 kiinnostuneille lapsille! T\u00e4m\u00e4 monipuolisesti varustettu rakenne tarjoaa tuntikausia luovaa hauskaa ja antaa lapsille mahdollisuuden oppia maatalouden ja el\u00e4inten hoidon saloja. Erilaisten elementtien ansiosta lapset voivat luoda realistisia maatilan el\u00e4m\u00e4st\u00e4 tuttuja tilanteita ja kehitt\u00e4\u00e4 samalla mielikuvitustaan ja sosiaalisia taitojaan. \u2705 Ominaisuudet: \u2714\ufe0f 3-vuotiaille ja sit\u00e4 vanhemmille lapsille \u2714\ufe0f Puinen [&hellip;]<\/p>\n","protected":false},"featured_media":0,"comment_status":"open","ping_status":"closed","template":"","meta":[],"product_brand":[],"product_cat":[32],"product_tag":[],"class_list":{"0":"post-36924","1":"product","2":"type-product","3":"status-publish","5":"product_cat-uncategorized-fi","7":"first","8":"instock","9":"shipping-taxable","10":"purchasable","11":"product-type-simple"},"_links":{"self":[{"href":"https:\/\/nordicmart.andreevmaster.com\/fi\/wp-json\/wp\/v2\/product\/36924","targetHints":{"allow":["GET"]}}],"collection":[{"href":"https:\/\/nordicmart.andreevmaster.com\/fi\/wp-json\/wp\/v2\/product"}],"about":[{"href":"https:\/\/nordicmart.andreevmaster.com\/fi\/wp-json\/wp\/v2\/types\/product"}],"replies":[{"embeddable":true,"href":"https:\/\/nordicmart.andreevmaster.com\/fi\/wp-json\/wp\/v2\/comments?post=36924"}],"wp:attachment":[{"href":"https:\/\/nordicmart.andreevmaster.com\/fi\/wp-json\/wp\/v2\/media?parent=36924"}],"wp:term":[{"taxonomy":"product_brand","embeddable":true,"href":"https:\/\/nordicmart.andreevmaster.com\/fi\/wp-json\/wp\/v2\/product_brand?post=36924"},{"taxonomy":"product_cat","embeddable":true,"href":"https:\/\/nordicmart.andreevmaster.com\/fi\/wp-json\/wp\/v2\/product_cat?post=36924"},{"taxonomy":"product_tag","embeddable":true,"href":"https:\/\/nordicmart.andreevmaster.com\/fi\/wp-json\/wp\/v2\/product_tag?post=36924"}],"curies":[{"name":"wp","href":"https:\/\/api.w.org\/{rel}","templated":true}]}}