{"id":36922,"date":"2026-02-27T00:36:37","date_gmt":"2026-02-27T00:36:37","guid":{"rendered":"https:\/\/nordicmart.andreevmaster.com\/product\/viga-puinen-sairaala-ambulanssin-hissilla-15-kpl\/"},"modified":"2026-02-27T09:53:51","modified_gmt":"2026-02-27T09:53:51","slug":"viga-puinen-sairaala-ambulanssin-hissilla-15-kpl","status":"publish","type":"product","link":"https:\/\/nordicmart.andreevmaster.com\/fi\/tuote\/viga-puinen-sairaala-ambulanssin-hissilla-15-kpl\/","title":{"rendered":"VIGA Puinen sairaala ambulanssin hissill\u00e4, 15 kpl"},"content":{"rendered":"<p>3-kerroksinen VIGA-sairaalasetti on kiehtova lelu pienille l\u00e4\u00e4k\u00e4reille ja sairaanhoitajille! T\u00e4m\u00e4 monipuolisesti varustettu rakenne tarjoaa tuntikausia luovaa hauskaa pelastamalla ihmishenki\u00e4 ja hoitamalla potilaita. Erilaisten elementtien ansiosta lapset voivat luoda realistisia l\u00e4\u00e4ketieteellisi\u00e4 tilanteita, kehitt\u00e4\u00e4 empatiaa ja sosiaalisia taitoja. \u2705 Ominaisuudet:<\/p>\n<p>\u2714\ufe0f 3-vuotiaille ja sit\u00e4 vanhemmille lapsille \u2714\ufe0f Valmistettu korkealaatuisesta puusta \u2714\ufe0f Alakerta on t\u00e4ysin varustettu CT-skannerilla, ultra\u00e4\u00e4nilaitteella ja l\u00e4\u00e4kevarastolla \u2714\ufe0f Toisessa kerroksessa on yksityiskohtainen kopio leikkaussalista \u2714\ufe0f Kolmannessa kerroksessa on laskeutumisalusta pelastushelikopterille<\/p>\n<p>\u2705 Sarja sis\u00e4lt\u00e4\u00e4:<\/p>\n<p>\u25fe Kolmikerroksinen puinen sairaalarakennus \u25fe Ambulanssi \u25fe Pelastushelikopteri \u25fe L\u00e4\u00e4k\u00e4ri, sairaanhoitaja ja kaksi potilasfiguuria \u25fe L\u00e4\u00e4ketieteelliset laitteet: CT-skanneri, ultra\u00e4\u00e4nilaite, sykemittari \u25fe 2 sairaalas\u00e4nky\u00e4 \u25fe Leikkauslamppu<\/p>\n<p>\u2705 Lelu kehitt\u00e4\u00e4:<\/p>\n<p>\u2714\ufe0f Luovuutta ja mielikuvitusta \u2714\ufe0f Sosiaalisia taitoja ja tiimity\u00f6skentely\u00e4 \u2714\ufe0f Motorisia taitoja \u2714\ufe0f Empatiaa ja huolenpitoa muita kohtaan \u2714\ufe0f K\u00e4sien ja silmien koordinaatiota \u2714\ufe0f Loogista ajattelua<\/p>\n","protected":false},"excerpt":{"rendered":"<p>3-kerroksinen VIGA-sairaalasetti on kiehtova lelu pienille l\u00e4\u00e4k\u00e4reille ja sairaanhoitajille! T\u00e4m\u00e4 monipuolisesti varustettu rakenne tarjoaa tuntikausia luovaa hauskaa pelastamalla ihmishenki\u00e4 ja hoitamalla potilaita. Erilaisten elementtien ansiosta lapset voivat luoda realistisia l\u00e4\u00e4ketieteellisi\u00e4 tilanteita, kehitt\u00e4\u00e4 empatiaa ja sosiaalisia taitoja. \u2705 Ominaisuudet: \u2714\ufe0f 3-vuotiaille ja sit\u00e4 vanhemmille lapsille \u2714\ufe0f Valmistettu korkealaatuisesta puusta \u2714\ufe0f Alakerta on t\u00e4ysin varustettu CT-skannerilla, ultra\u00e4\u00e4nilaitteella [&hellip;]<\/p>\n","protected":false},"featured_media":0,"comment_status":"open","ping_status":"closed","template":"","meta":[],"product_brand":[],"product_cat":[32],"product_tag":[],"class_list":{"0":"post-36922","1":"product","2":"type-product","3":"status-publish","5":"product_cat-uncategorized-fi","7":"first","8":"instock","9":"shipping-taxable","10":"purchasable","11":"product-type-simple"},"_links":{"self":[{"href":"https:\/\/nordicmart.andreevmaster.com\/fi\/wp-json\/wp\/v2\/product\/36922","targetHints":{"allow":["GET"]}}],"collection":[{"href":"https:\/\/nordicmart.andreevmaster.com\/fi\/wp-json\/wp\/v2\/product"}],"about":[{"href":"https:\/\/nordicmart.andreevmaster.com\/fi\/wp-json\/wp\/v2\/types\/product"}],"replies":[{"embeddable":true,"href":"https:\/\/nordicmart.andreevmaster.com\/fi\/wp-json\/wp\/v2\/comments?post=36922"}],"wp:attachment":[{"href":"https:\/\/nordicmart.andreevmaster.com\/fi\/wp-json\/wp\/v2\/media?parent=36922"}],"wp:term":[{"taxonomy":"product_brand","embeddable":true,"href":"https:\/\/nordicmart.andreevmaster.com\/fi\/wp-json\/wp\/v2\/product_brand?post=36922"},{"taxonomy":"product_cat","embeddable":true,"href":"https:\/\/nordicmart.andreevmaster.com\/fi\/wp-json\/wp\/v2\/product_cat?post=36922"},{"taxonomy":"product_tag","embeddable":true,"href":"https:\/\/nordicmart.andreevmaster.com\/fi\/wp-json\/wp\/v2\/product_tag?post=36922"}],"curies":[{"name":"wp","href":"https:\/\/api.w.org\/{rel}","templated":true}]}}