{"id":36921,"date":"2026-02-27T00:36:37","date_gmt":"2026-02-27T00:36:37","guid":{"rendered":"https:\/\/nordicmart.andreevmaster.com\/product\/viga-puinen-paloasemagarage-setti-14-kpl\/"},"modified":"2026-02-27T09:53:51","modified_gmt":"2026-02-27T09:53:51","slug":"viga-puinen-paloasemagarage-setti-14-kpl","status":"publish","type":"product","link":"https:\/\/nordicmart.andreevmaster.com\/fi\/tuote\/viga-puinen-paloasemagarage-setti-14-kpl\/","title":{"rendered":"VIGA Puinen paloasemagarage-setti 14 kpl"},"content":{"rendered":"<p>3-kerroksinen VIGA-palokunta on t\u00e4ydellinen lahja pienille sankareille! T\u00e4m\u00e4 tilava, v\u00e4rik\u00e4s rakenne tarjoaa tuntikausia vauhdikasta hauskaa pelastamalla ja auttamalla muita. Erilaisilla elementeill\u00e4 ja tasoilla lapset voivat luoda lukemattomia pelastustilanteita, kehitt\u00e4en luovuuttaan ja sosiaalisia taitojaan.<\/p>\n<p>\u2705 Ominaisuudet:<\/p>\n<p>\u2714\ufe0f 3-vuotiaille ja sit\u00e4 vanhemmille lapsille \u2714\ufe0f Valmistettu korkealaatuisesta puusta \u2714\ufe0f Tilava pohjakerros, jossa on tilaa paloautolle ja s\u00e4ilytystilaa t\u00e4rkeille ty\u00f6kaluille \u2714\ufe0f Toisessa kerroksessa on viihtyis\u00e4 lepotila palomiehille, toimiva kello ja liukum\u00e4ki, jotta h\u00e4lytyksiin voidaan reagoida nopeasti \u2714\ufe0f Kolmannessa kerroksessa on laskeutumisalusta palontorjuntahelikopterille, mik\u00e4 mahdollistaa ilmasta k\u00e4sin tapahtuvat operaatiot<\/p>\n<p>\u2705 Setti sis\u00e4lt\u00e4\u00e4:<\/p>\n<p>\u25fe Puinen 3-kerroksinen paloasema \u25fe Paloauto \u25fe Palokopteri vesis\u00e4ili\u00f6ll\u00e4 \u25fe 2 palomieshahmoa \u25fe Liekkielementti sammuttamista varten \u25fe 2 liikenneviittaa \u25fe Palosammutin \u25fe Paloaseman kalusteet: s\u00e4nky, p\u00f6yt\u00e4, tuoli<\/p>\n<p>\u2705 Lelu kehitt\u00e4\u00e4:<\/p>\n<p>\u2714\ufe0f Luovuutta ja mielikuvitusta \u2714\ufe0f Motorisia taitoja \u2714\ufe0f K\u00e4sien ja silmien koordinaatiota \u2714\ufe0f Loogista ajattelua<\/p>\n","protected":false},"excerpt":{"rendered":"<p>3-kerroksinen VIGA-palokunta on t\u00e4ydellinen lahja pienille sankareille! T\u00e4m\u00e4 tilava, v\u00e4rik\u00e4s rakenne tarjoaa tuntikausia vauhdikasta hauskaa pelastamalla ja auttamalla muita. Erilaisilla elementeill\u00e4 ja tasoilla lapset voivat luoda lukemattomia pelastustilanteita, kehitt\u00e4en luovuuttaan ja sosiaalisia taitojaan. \u2705 Ominaisuudet: \u2714\ufe0f 3-vuotiaille ja sit\u00e4 vanhemmille lapsille \u2714\ufe0f Valmistettu korkealaatuisesta puusta \u2714\ufe0f Tilava pohjakerros, jossa on tilaa paloautolle ja s\u00e4ilytystilaa t\u00e4rkeille [&hellip;]<\/p>\n","protected":false},"featured_media":0,"comment_status":"open","ping_status":"closed","template":"","meta":[],"product_brand":[],"product_cat":[32],"product_tag":[],"class_list":{"0":"post-36921","1":"product","2":"type-product","3":"status-publish","5":"product_cat-uncategorized-fi","7":"first","8":"instock","9":"shipping-taxable","10":"purchasable","11":"product-type-simple"},"_links":{"self":[{"href":"https:\/\/nordicmart.andreevmaster.com\/fi\/wp-json\/wp\/v2\/product\/36921","targetHints":{"allow":["GET"]}}],"collection":[{"href":"https:\/\/nordicmart.andreevmaster.com\/fi\/wp-json\/wp\/v2\/product"}],"about":[{"href":"https:\/\/nordicmart.andreevmaster.com\/fi\/wp-json\/wp\/v2\/types\/product"}],"replies":[{"embeddable":true,"href":"https:\/\/nordicmart.andreevmaster.com\/fi\/wp-json\/wp\/v2\/comments?post=36921"}],"wp:attachment":[{"href":"https:\/\/nordicmart.andreevmaster.com\/fi\/wp-json\/wp\/v2\/media?parent=36921"}],"wp:term":[{"taxonomy":"product_brand","embeddable":true,"href":"https:\/\/nordicmart.andreevmaster.com\/fi\/wp-json\/wp\/v2\/product_brand?post=36921"},{"taxonomy":"product_cat","embeddable":true,"href":"https:\/\/nordicmart.andreevmaster.com\/fi\/wp-json\/wp\/v2\/product_cat?post=36921"},{"taxonomy":"product_tag","embeddable":true,"href":"https:\/\/nordicmart.andreevmaster.com\/fi\/wp-json\/wp\/v2\/product_tag?post=36921"}],"curies":[{"name":"wp","href":"https:\/\/api.w.org\/{rel}","templated":true}]}}