{"id":36920,"date":"2026-02-27T00:36:36","date_gmt":"2026-02-27T00:36:36","guid":{"rendered":"https:\/\/nordicmart.andreevmaster.com\/product\/viga-puinen-5-in-1-oppimiskuutio\/"},"modified":"2026-02-27T09:53:51","modified_gmt":"2026-02-27T09:53:51","slug":"viga-puinen-5-in-1-oppimiskuutio","status":"publish","type":"product","link":"https:\/\/nordicmart.andreevmaster.com\/fi\/tuote\/viga-puinen-5-in-1-oppimiskuutio\/","title":{"rendered":"Viga Puinen 5-in-1-oppimiskuutio"},"content":{"rendered":"<p>L\u00f6yd\u00e4 v\u00e4rien, muotojen ja \u00e4\u00e4nien maailma opettavalla aktiviteettikuutiollamme! Se on monitoiminen lelu, joka tarjoaa tuntikausia kiehtovaa hauskaa ja tukee samalla lapsesi kehityst\u00e4. Kuution jokainen sivu on uusi, kiehtova seikkailu, joka on t\u00e4ynn\u00e4 aisteja stimuloivia haasteita, kehitt\u00e4\u00e4 motorisia taitoja ja opettaa leikin kautta. Se on t\u00e4ydellinen valinta pienille tutkimusmatkailijoille, jotka rakastavat kokeilla ja tutkia maailmaa!<\/p>\n<p>\u2705 Ominaisuudet:<\/p>\n<p>\u2714\ufe0f Lelu 18 kuukauden ik\u00e4isille ja sit\u00e4 vanhemmille \u2714\ufe0f 5-in-1-oppimiskuutio \u2013 jokainen sivu tarjoaa erilaisen aktiviteetin \u2714\ufe0f Valmistettu massiivipuusta kest\u00e4vyyden ja turvallisuuden takaamiseksi \u2714\ufe0f El\u00e4v\u00e4t v\u00e4rit ja huolellinen valmistus her\u00e4tt\u00e4v\u00e4t lapsen huomion<\/p>\n<p>\u2705 Lelun ominaisuudet:<\/p>\n<p>\u2714\ufe0f Helmi-labyrintti \u2013 erinomainen harjoitus pienille k\u00e4sille, kehitt\u00e4\u00e4 k\u00e4si-silm\u00e4-koordinaatiota ja tukee loogista ajattelua . \u2714\ufe0f Muotosortteri \u2013 opettaa tunnistamaan geometrisia muotoja ja v\u00e4rej\u00e4 ja tukee k\u00e4dentaitojen kehityst\u00e4. \u2714\ufe0f Hammaspy\u00f6r\u00e4t \u2013 lapset voivat manipuloida niit\u00e4, mik\u00e4 opettaa syy-seuraussuhteita ja kehitt\u00e4\u00e4 k\u00e4dentaitoja. \u2714\ufe0f Kello liikkuvilla viisareilla \u2013 ensimm\u00e4iset askeleet ajan lukemisen oppimisessa ja ajan k\u00e4sitteen ymm\u00e4rt\u00e4misess\u00e4. \u2714\ufe0f Symbaalit \u2013 rohkaisevat tutkimaan \u00e4\u00e4nimaailmaa, kehitt\u00e4v\u00e4t musiikillista korvaa ja luovuutta. \u2714\ufe0f Irrotettava sein\u00e4 lajittelijalla \u2013 lis\u00e4\u00e4 hauskuutta ja mahdollistaa elementtien yhdistelemisen. \u2714\ufe0f Erimuotoiset palikat \u2013 sopivat erinomaisesti pinoamiseen ja rakenteluun, auttavat kehitt\u00e4m\u00e4\u00e4n tilallista mielikuvitusta.<\/p>\n","protected":false},"excerpt":{"rendered":"<p>L\u00f6yd\u00e4 v\u00e4rien, muotojen ja \u00e4\u00e4nien maailma opettavalla aktiviteettikuutiollamme! Se on monitoiminen lelu, joka tarjoaa tuntikausia kiehtovaa hauskaa ja tukee samalla lapsesi kehityst\u00e4. Kuution jokainen sivu on uusi, kiehtova seikkailu, joka on t\u00e4ynn\u00e4 aisteja stimuloivia haasteita, kehitt\u00e4\u00e4 motorisia taitoja ja opettaa leikin kautta. Se on t\u00e4ydellinen valinta pienille tutkimusmatkailijoille, jotka rakastavat kokeilla ja tutkia maailmaa! \u2705 [&hellip;]<\/p>\n","protected":false},"featured_media":0,"comment_status":"open","ping_status":"closed","template":"","meta":[],"product_brand":[],"product_cat":[32],"product_tag":[],"class_list":{"0":"post-36920","1":"product","2":"type-product","3":"status-publish","5":"product_cat-uncategorized-fi","7":"first","8":"instock","9":"shipping-taxable","10":"purchasable","11":"product-type-simple"},"_links":{"self":[{"href":"https:\/\/nordicmart.andreevmaster.com\/fi\/wp-json\/wp\/v2\/product\/36920","targetHints":{"allow":["GET"]}}],"collection":[{"href":"https:\/\/nordicmart.andreevmaster.com\/fi\/wp-json\/wp\/v2\/product"}],"about":[{"href":"https:\/\/nordicmart.andreevmaster.com\/fi\/wp-json\/wp\/v2\/types\/product"}],"replies":[{"embeddable":true,"href":"https:\/\/nordicmart.andreevmaster.com\/fi\/wp-json\/wp\/v2\/comments?post=36920"}],"wp:attachment":[{"href":"https:\/\/nordicmart.andreevmaster.com\/fi\/wp-json\/wp\/v2\/media?parent=36920"}],"wp:term":[{"taxonomy":"product_brand","embeddable":true,"href":"https:\/\/nordicmart.andreevmaster.com\/fi\/wp-json\/wp\/v2\/product_brand?post=36920"},{"taxonomy":"product_cat","embeddable":true,"href":"https:\/\/nordicmart.andreevmaster.com\/fi\/wp-json\/wp\/v2\/product_cat?post=36920"},{"taxonomy":"product_tag","embeddable":true,"href":"https:\/\/nordicmart.andreevmaster.com\/fi\/wp-json\/wp\/v2\/product_tag?post=36920"}],"curies":[{"name":"wp","href":"https:\/\/api.w.org\/{rel}","templated":true}]}}