{"id":36919,"date":"2026-02-27T00:36:36","date_gmt":"2026-02-27T00:36:36","guid":{"rendered":"https:\/\/nordicmart.andreevmaster.com\/product\/viga-suuri-valkoinen-ja-vaaleanpunainen-puinen-peilipoyta-ja-tuoli\/"},"modified":"2026-02-27T09:53:51","modified_gmt":"2026-02-27T09:53:51","slug":"viga-suuri-valkoinen-ja-vaaleanpunainen-puinen-peilipoyta-ja-tuoli","status":"publish","type":"product","link":"https:\/\/nordicmart.andreevmaster.com\/fi\/tuote\/viga-suuri-valkoinen-ja-vaaleanpunainen-puinen-peilipoyta-ja-tuoli\/","title":{"rendered":"VIGA Suuri valkoinen ja vaaleanpunainen puinen peilip\u00f6yt\u00e4 ja tuoli"},"content":{"rendered":"<p>Vigan suuri puinen peilip\u00f6yt\u00e4 on ainutlaatuinen puinen peilip\u00f6yt\u00e4 pienelle prinsessalle, joka toteuttaa jokaisen tyt\u00f6n unelmat! T\u00e4m\u00e4 vieh\u00e4tt\u00e4v\u00e4 peilip\u00f6yt\u00e4 on valmistettu korkealaatuisesta puusta, ja sen herk\u00e4t vaaleanpunaiset ja valkoiset s\u00e4vyt ilahduttavat satumaisella muotoilullaan. Tyylikk\u00e4\u00e4t, py\u00f6ristetyt muodot, hienovaraiset koristeet ja elegantit jalat tekev\u00e4t siit\u00e4 t\u00e4ydellisen valinnan lastenhuoneeseen, lis\u00e4\u00e4m\u00e4ll\u00e4 siihen charmia ja taikaa. Peilip\u00f6yt\u00e4 kehitt\u00e4\u00e4 luovuutta, mielikuvitusta ja rohkaisee roolileikkeihin. Se on my\u00f6s loistava lahjaidea \u2013 sen vankka rakenne ja esteettinen ulkon\u00e4k\u00f6 takaavat, ett\u00e4 se palvelee vuosia.<\/p>\n<p>\u2705 Ominaisuudet:<\/p>\n<p>\u2714\ufe0f Peilip\u00f6yt\u00e4 \u2013 turvallinen peili tyylikk\u00e4\u00e4ss\u00e4 vaaleanpunaisessa kehyksess\u00e4, jossa on koristeellinen kruunu. \u2714\ufe0f Mukava jakkara \u2013 sopii peilip\u00f6yt\u00e4\u00e4n, vakaa ja vieh\u00e4tt\u00e4v\u00e4sti koristeltu. \u2714\ufe0f Tilava laatikko \u2013 t\u00e4ydellinen pienen prinsessan asusteiden ja aarteiden s\u00e4ilytt\u00e4miseen. \u2714\ufe0fLelussa ei ole ter\u00e4vi\u00e4 reunoja. \u2714\ufe0fMaalattu myrkytt\u00f6mill\u00e4 maaleilla.<\/p>\n<p>\u2705 Pukeutumisp\u00f6yt\u00e4 sis\u00e4lt\u00e4\u00e4:<\/p>\n<p>\u2714\ufe0fPuinen meikkipaletti siveltimell\u00e4 \u2714\ufe0fHuulipuna tyylikk\u00e4\u00e4ss\u00e4 pakkauksessa \u2714\ufe0fPuinen kynsilakka \u2714\ufe0fVaaleanpunainen parfyymipullo \u2714\ufe0fHiusharja \u2714\ufe0fPehme\u00e4 puuterisivellin \u2714\ufe0fHiustenkuivaaja vaihdettavilla suuttimilla<\/p>\n<p>\u2705 Lelu kehitt\u00e4\u00e4:<\/p>\n<p>\u2714\ufe0f luovuutta \u2714\ufe0f k\u00e4tevyytt\u00e4 \u2714\ufe0f mielikuvitusta \u2714\ufe0f k\u00e4si-silm\u00e4-koordinaatiota \u2714\ufe0f k\u00e4sien joustavuutta<\/p>\n","protected":false},"excerpt":{"rendered":"<p>Vigan suuri puinen peilip\u00f6yt\u00e4 on ainutlaatuinen puinen peilip\u00f6yt\u00e4 pienelle prinsessalle, joka toteuttaa jokaisen tyt\u00f6n unelmat! T\u00e4m\u00e4 vieh\u00e4tt\u00e4v\u00e4 peilip\u00f6yt\u00e4 on valmistettu korkealaatuisesta puusta, ja sen herk\u00e4t vaaleanpunaiset ja valkoiset s\u00e4vyt ilahduttavat satumaisella muotoilullaan. Tyylikk\u00e4\u00e4t, py\u00f6ristetyt muodot, hienovaraiset koristeet ja elegantit jalat tekev\u00e4t siit\u00e4 t\u00e4ydellisen valinnan lastenhuoneeseen, lis\u00e4\u00e4m\u00e4ll\u00e4 siihen charmia ja taikaa. Peilip\u00f6yt\u00e4 kehitt\u00e4\u00e4 luovuutta, mielikuvitusta ja [&hellip;]<\/p>\n","protected":false},"featured_media":0,"comment_status":"open","ping_status":"closed","template":"","meta":[],"product_brand":[],"product_cat":[32],"product_tag":[],"class_list":{"0":"post-36919","1":"product","2":"type-product","3":"status-publish","5":"product_cat-uncategorized-fi","7":"first","8":"instock","9":"shipping-taxable","10":"purchasable","11":"product-type-simple"},"_links":{"self":[{"href":"https:\/\/nordicmart.andreevmaster.com\/fi\/wp-json\/wp\/v2\/product\/36919","targetHints":{"allow":["GET"]}}],"collection":[{"href":"https:\/\/nordicmart.andreevmaster.com\/fi\/wp-json\/wp\/v2\/product"}],"about":[{"href":"https:\/\/nordicmart.andreevmaster.com\/fi\/wp-json\/wp\/v2\/types\/product"}],"replies":[{"embeddable":true,"href":"https:\/\/nordicmart.andreevmaster.com\/fi\/wp-json\/wp\/v2\/comments?post=36919"}],"wp:attachment":[{"href":"https:\/\/nordicmart.andreevmaster.com\/fi\/wp-json\/wp\/v2\/media?parent=36919"}],"wp:term":[{"taxonomy":"product_brand","embeddable":true,"href":"https:\/\/nordicmart.andreevmaster.com\/fi\/wp-json\/wp\/v2\/product_brand?post=36919"},{"taxonomy":"product_cat","embeddable":true,"href":"https:\/\/nordicmart.andreevmaster.com\/fi\/wp-json\/wp\/v2\/product_cat?post=36919"},{"taxonomy":"product_tag","embeddable":true,"href":"https:\/\/nordicmart.andreevmaster.com\/fi\/wp-json\/wp\/v2\/product_tag?post=36919"}],"curies":[{"name":"wp","href":"https:\/\/api.w.org\/{rel}","templated":true}]}}