{"id":36918,"date":"2026-02-27T00:36:36","date_gmt":"2026-02-27T00:36:36","guid":{"rendered":"https:\/\/nordicmart.andreevmaster.com\/product\/viga-montessori-seinamanipulointitaulu\/"},"modified":"2026-02-27T09:53:50","modified_gmt":"2026-02-27T09:53:50","slug":"viga-montessori-seinamanipulointitaulu","status":"publish","type":"product","link":"https:\/\/nordicmart.andreevmaster.com\/fi\/tuote\/viga-montessori-seinamanipulointitaulu\/","title":{"rendered":"VIGA Montessori -sein\u00e4manipulointitaulu"},"content":{"rendered":"<p>VIGA Montessori -sein\u00e4manipulointitaulu on opettavainen lelu, joka kehitt\u00e4\u00e4 k\u00e4den taitoja ja stimuloi lasten uteliaisuutta. Monipuolisten elementtien ansiosta se tarjoaa tuntikausia kiehtovaa leikki\u00e4 ja tukee samalla aistien kehityst\u00e4 ja k\u00e4si-silm\u00e4-koordinaatiota. Vankka valmistus ja huomiota yksityiskohtiin tekev\u00e4t taulusta erinomaisen valinnan kotiin, p\u00e4iv\u00e4kotiin tai leikkihuoneeseen! Ominaisuudet:<\/p>\n<p>* Ik\u00e4: 18 kuukautta<br \/>\n* Kaareva muotoilu: sopii eri pituisille lapsille<br \/>\n* Vapaasti konfiguroitava: taulu koostuu 5 osasta, jotka voidaan j\u00e4rjest\u00e4\u00e4 eri j\u00e4rjestyksiss\u00e4<br \/>\n* Helppo kuljettaa ja koota<\/p>\n<p>12 interaktiivista elementti\u00e4:* &#8211; py\u00f6riv\u00e4t hammaspy\u00f6r\u00e4t,* &#8211; s\u00e4\u00e4taulu,* &#8211; py\u00f6riv\u00e4 kiekko,* &#8211; muotojen yhdist\u00e4mispalikat,* &#8211; symbaalit,* &#8211; koverat ja kuperat peilit,* &#8211; gong* &#8211; liikkuvat helmet* &#8211; sokkelo* &#8211; l\u00e4mp\u00f6mittari<br \/>\n* &#8211; vuodenajat<\/p>\n<p>Lelu kehitt\u00e4\u00e4:<\/p>\n<p>* k\u00e4den taitoja ja k\u00e4si-silm\u00e4-koordinaatiota<br \/>\n* muotojen ja v\u00e4rien tunnistamista<br \/>\n* aistihavaintoja<br \/>\n* musiikillisia kykyj\u00e4 ja luovuutta<br \/>\n* keskittymiskyky\u00e4 ja loogista ajattelua<\/p>\n","protected":false},"excerpt":{"rendered":"<p>VIGA Montessori -sein\u00e4manipulointitaulu on opettavainen lelu, joka kehitt\u00e4\u00e4 k\u00e4den taitoja ja stimuloi lasten uteliaisuutta. Monipuolisten elementtien ansiosta se tarjoaa tuntikausia kiehtovaa leikki\u00e4 ja tukee samalla aistien kehityst\u00e4 ja k\u00e4si-silm\u00e4-koordinaatiota. Vankka valmistus ja huomiota yksityiskohtiin tekev\u00e4t taulusta erinomaisen valinnan kotiin, p\u00e4iv\u00e4kotiin tai leikkihuoneeseen! Ominaisuudet: * Ik\u00e4: 18 kuukautta * Kaareva muotoilu: sopii eri pituisille lapsille * [&hellip;]<\/p>\n","protected":false},"featured_media":0,"comment_status":"open","ping_status":"closed","template":"","meta":[],"product_brand":[],"product_cat":[32],"product_tag":[],"class_list":{"0":"post-36918","1":"product","2":"type-product","3":"status-publish","5":"product_cat-uncategorized-fi","7":"first","8":"instock","9":"shipping-taxable","10":"purchasable","11":"product-type-simple"},"_links":{"self":[{"href":"https:\/\/nordicmart.andreevmaster.com\/fi\/wp-json\/wp\/v2\/product\/36918","targetHints":{"allow":["GET"]}}],"collection":[{"href":"https:\/\/nordicmart.andreevmaster.com\/fi\/wp-json\/wp\/v2\/product"}],"about":[{"href":"https:\/\/nordicmart.andreevmaster.com\/fi\/wp-json\/wp\/v2\/types\/product"}],"replies":[{"embeddable":true,"href":"https:\/\/nordicmart.andreevmaster.com\/fi\/wp-json\/wp\/v2\/comments?post=36918"}],"wp:attachment":[{"href":"https:\/\/nordicmart.andreevmaster.com\/fi\/wp-json\/wp\/v2\/media?parent=36918"}],"wp:term":[{"taxonomy":"product_brand","embeddable":true,"href":"https:\/\/nordicmart.andreevmaster.com\/fi\/wp-json\/wp\/v2\/product_brand?post=36918"},{"taxonomy":"product_cat","embeddable":true,"href":"https:\/\/nordicmart.andreevmaster.com\/fi\/wp-json\/wp\/v2\/product_cat?post=36918"},{"taxonomy":"product_tag","embeddable":true,"href":"https:\/\/nordicmart.andreevmaster.com\/fi\/wp-json\/wp\/v2\/product_tag?post=36918"}],"curies":[{"name":"wp","href":"https:\/\/api.w.org\/{rel}","templated":true}]}}