{"id":36917,"date":"2026-02-27T00:36:35","date_gmt":"2026-02-27T00:36:35","guid":{"rendered":"https:\/\/nordicmart.andreevmaster.com\/product\/viga-puinen-pysakointitalo-hissilla-4-autolla-ja-helikopterilla\/"},"modified":"2026-02-27T09:53:50","modified_gmt":"2026-02-27T09:53:50","slug":"viga-puinen-pysakointitalo-hissilla-4-autolla-ja-helikopterilla","status":"publish","type":"product","link":"https:\/\/nordicmart.andreevmaster.com\/fi\/tuote\/viga-puinen-pysakointitalo-hissilla-4-autolla-ja-helikopterilla\/","title":{"rendered":"VIGA Puinen pys\u00e4k\u00f6intitalo hissill\u00e4, 4 autolla ja helikopterilla"},"content":{"rendered":"<p>### Viga puinen pys\u00e4k\u00f6intitalo \u2013 luovaa hauskaa pienille!<\/p>\n<p>Vigan puinen pys\u00e4k\u00f6intitalo on t\u00e4ydellinen setti 3-vuotiaille ja sit\u00e4 vanhemmille lapsille, joka kehitt\u00e4\u00e4 heid\u00e4n mielikuvitustaan, motorisia taitojaan ja sosiaalisia taitojaan. Tukevalla rakenteellaan, realistisilla yksityiskohdillaan ja suurella koollaan t\u00e4m\u00e4 setti tarjoaa tuntikausia hauskaa. Hissill\u00e4, autopesulalla ja helikopterin laskeutumisalustalla varustettu sarja t\u00e4ytt\u00e4\u00e4 jokaisen pienen auto- ja ilmailufanin unelmat!<\/p>\n<p>### Ominaisuudet:<\/p>\n<p>* &#8211; Lelu 3-vuotiaille ja sit\u00e4 vanhemmille<br \/>\n* &#8211; Turvallinen ja kest\u00e4v\u00e4 materiaali<br \/>\n* &#8211; K\u00e4sik\u00e4ytt\u00f6inen hissi<br \/>\n* &#8211; Mukana 4 autoa ja helikopteri!<br \/>\n* &#8211; Kolme pys\u00e4k\u00f6intitasoa ja laskeutumisalusta<br \/>\n* &#8211; Ryhm\u00e4leikkeihin sopiva koko \u2013 pys\u00e4k\u00f6intitaloon mahtuu mukana tulevien ajoneuvojen lis\u00e4ksi my\u00f6s muita leluja<br \/>\n* &#8211; Pys\u00e4k\u00f6intialueen koko on 58 x 45,3 cm!<\/p>\n<p>### Mit\u00e4 sarja sis\u00e4lt\u00e4\u00e4?<\/p>\n<p>* Kolmikerroksinen puinen pys\u00e4k\u00f6intitalo, hissi ja autopesula.* 4 eriv\u00e4rist\u00e4 puuautoa.<br \/>\n* Puinen helikopteri, jonka laskeutumisalusta sijaitsee pys\u00e4k\u00f6intitalon katolla.<br \/>\n* Sis\u00e4\u00e4n- ja ulosajoramppielementit.<br \/>\n* Yksityiskohtaiset merkinn\u00e4t, kuten pys\u00e4k\u00f6intipaikat ja hissi.<\/p>\n","protected":false},"excerpt":{"rendered":"<p>### Viga puinen pys\u00e4k\u00f6intitalo \u2013 luovaa hauskaa pienille! Vigan puinen pys\u00e4k\u00f6intitalo on t\u00e4ydellinen setti 3-vuotiaille ja sit\u00e4 vanhemmille lapsille, joka kehitt\u00e4\u00e4 heid\u00e4n mielikuvitustaan, motorisia taitojaan ja sosiaalisia taitojaan. Tukevalla rakenteellaan, realistisilla yksityiskohdillaan ja suurella koollaan t\u00e4m\u00e4 setti tarjoaa tuntikausia hauskaa. Hissill\u00e4, autopesulalla ja helikopterin laskeutumisalustalla varustettu sarja t\u00e4ytt\u00e4\u00e4 jokaisen pienen auto- ja ilmailufanin unelmat! ### [&hellip;]<\/p>\n","protected":false},"featured_media":0,"comment_status":"open","ping_status":"closed","template":"","meta":[],"product_brand":[],"product_cat":[32],"product_tag":[],"class_list":{"0":"post-36917","1":"product","2":"type-product","3":"status-publish","5":"product_cat-uncategorized-fi","7":"first","8":"instock","9":"shipping-taxable","10":"purchasable","11":"product-type-simple"},"_links":{"self":[{"href":"https:\/\/nordicmart.andreevmaster.com\/fi\/wp-json\/wp\/v2\/product\/36917","targetHints":{"allow":["GET"]}}],"collection":[{"href":"https:\/\/nordicmart.andreevmaster.com\/fi\/wp-json\/wp\/v2\/product"}],"about":[{"href":"https:\/\/nordicmart.andreevmaster.com\/fi\/wp-json\/wp\/v2\/types\/product"}],"replies":[{"embeddable":true,"href":"https:\/\/nordicmart.andreevmaster.com\/fi\/wp-json\/wp\/v2\/comments?post=36917"}],"wp:attachment":[{"href":"https:\/\/nordicmart.andreevmaster.com\/fi\/wp-json\/wp\/v2\/media?parent=36917"}],"wp:term":[{"taxonomy":"product_brand","embeddable":true,"href":"https:\/\/nordicmart.andreevmaster.com\/fi\/wp-json\/wp\/v2\/product_brand?post=36917"},{"taxonomy":"product_cat","embeddable":true,"href":"https:\/\/nordicmart.andreevmaster.com\/fi\/wp-json\/wp\/v2\/product_cat?post=36917"},{"taxonomy":"product_tag","embeddable":true,"href":"https:\/\/nordicmart.andreevmaster.com\/fi\/wp-json\/wp\/v2\/product_tag?post=36917"}],"curies":[{"name":"wp","href":"https:\/\/api.w.org\/{rel}","templated":true}]}}