{"id":36916,"date":"2026-02-27T00:36:35","date_gmt":"2026-02-27T00:36:35","guid":{"rendered":"https:\/\/nordicmart.andreevmaster.com\/product\/viga-puinen-keinusilta-2-in-1-montessori-rainbow-swing\/"},"modified":"2026-02-27T09:53:50","modified_gmt":"2026-02-27T09:53:50","slug":"viga-puinen-keinusilta-2-in-1-montessori-rainbow-swing","status":"publish","type":"product","link":"https:\/\/nordicmart.andreevmaster.com\/fi\/tuote\/viga-puinen-keinusilta-2-in-1-montessori-rainbow-swing\/","title":{"rendered":"VIGA Puinen keinusilta 2-in-1 Montessori Rainbow Swing"},"content":{"rendered":"<p>VIGA:n keinutuoli ja keinu, jotka viev\u00e4t lapset hauskanpidon py\u00f6rteeseen ja kuluttavat heid\u00e4n loputtoman energiansa! Keinutuolin muotoilu ja toiminnallisuus sopivat t\u00e4ydellisesti Montessori-filosofiaan. Keinutuolia k\u00e4ytet\u00e4\u00e4n tasapainoleikkeihin ja se tukee motoristen taitojen kehityst\u00e4. Ominaisuudet:<\/p>\n<p>* &#8211; lelu yli 3-vuotiaille lapsille<br \/>\n* &#8211; puusta valmistettu tuote<br \/>\n* &#8211; monik\u00e4ytt\u00f6inen, voidaan k\u00e4ytt\u00e4\u00e4 keinutuolina tai keinuna<br \/>\n* &#8211; tuote on maalattu kirkkailla, myrkytt\u00f6mill\u00e4 maaleilla<br \/>\n* &#8211; keinutuoli tukee lapsen motorista kehityst\u00e4<\/p>\n<p>Leikki kehitt\u00e4\u00e4:<\/p>\n<p>* &#8211; k\u00e4si-silm\u00e4-koordinaatiota<br \/>\n* &#8211; mielikuvitusta<br \/>\n* &#8211; kilpailuhenke\u00e4<br \/>\n* &#8211; karkeamotorisia taitoja<\/p>\n","protected":false},"excerpt":{"rendered":"<p>VIGA:n keinutuoli ja keinu, jotka viev\u00e4t lapset hauskanpidon py\u00f6rteeseen ja kuluttavat heid\u00e4n loputtoman energiansa! Keinutuolin muotoilu ja toiminnallisuus sopivat t\u00e4ydellisesti Montessori-filosofiaan. Keinutuolia k\u00e4ytet\u00e4\u00e4n tasapainoleikkeihin ja se tukee motoristen taitojen kehityst\u00e4. Ominaisuudet: * &#8211; lelu yli 3-vuotiaille lapsille * &#8211; puusta valmistettu tuote * &#8211; monik\u00e4ytt\u00f6inen, voidaan k\u00e4ytt\u00e4\u00e4 keinutuolina tai keinuna * &#8211; tuote on maalattu [&hellip;]<\/p>\n","protected":false},"featured_media":0,"comment_status":"open","ping_status":"closed","template":"","meta":[],"product_brand":[],"product_cat":[32],"product_tag":[],"class_list":{"0":"post-36916","1":"product","2":"type-product","3":"status-publish","5":"product_cat-uncategorized-fi","7":"first","8":"instock","9":"shipping-taxable","10":"purchasable","11":"product-type-simple"},"_links":{"self":[{"href":"https:\/\/nordicmart.andreevmaster.com\/fi\/wp-json\/wp\/v2\/product\/36916","targetHints":{"allow":["GET"]}}],"collection":[{"href":"https:\/\/nordicmart.andreevmaster.com\/fi\/wp-json\/wp\/v2\/product"}],"about":[{"href":"https:\/\/nordicmart.andreevmaster.com\/fi\/wp-json\/wp\/v2\/types\/product"}],"replies":[{"embeddable":true,"href":"https:\/\/nordicmart.andreevmaster.com\/fi\/wp-json\/wp\/v2\/comments?post=36916"}],"wp:attachment":[{"href":"https:\/\/nordicmart.andreevmaster.com\/fi\/wp-json\/wp\/v2\/media?parent=36916"}],"wp:term":[{"taxonomy":"product_brand","embeddable":true,"href":"https:\/\/nordicmart.andreevmaster.com\/fi\/wp-json\/wp\/v2\/product_brand?post=36916"},{"taxonomy":"product_cat","embeddable":true,"href":"https:\/\/nordicmart.andreevmaster.com\/fi\/wp-json\/wp\/v2\/product_cat?post=36916"},{"taxonomy":"product_tag","embeddable":true,"href":"https:\/\/nordicmart.andreevmaster.com\/fi\/wp-json\/wp\/v2\/product_tag?post=36916"}],"curies":[{"name":"wp","href":"https:\/\/api.w.org\/{rel}","templated":true}]}}