{"id":36915,"date":"2026-02-27T00:36:35","date_gmt":"2026-02-27T00:36:35","guid":{"rendered":"https:\/\/nordicmart.andreevmaster.com\/product\/viga-puinen-aistien-kehittymista-edistava-leikkitaulu-edu-triceratops\/"},"modified":"2026-02-27T09:53:50","modified_gmt":"2026-02-27T09:53:50","slug":"viga-puinen-aistien-kehittymista-edistava-leikkitaulu-edu-triceratops","status":"publish","type":"product","link":"https:\/\/nordicmart.andreevmaster.com\/fi\/tuote\/viga-puinen-aistien-kehittymista-edistava-leikkitaulu-edu-triceratops\/","title":{"rendered":"VIGA Puinen aistien kehittymist\u00e4 edist\u00e4v\u00e4 leikkitaulu EDU Triceratops"},"content":{"rendered":"<p>Viga Toysin v\u00e4rik\u00e4s Triceratops-manipulatiivinen lauta on puinen, monik\u00e4ytt\u00f6inen sein\u00e4leikkikalu, joka tarjoaa lapsille tuntikausia hauskaa ja oppimista. Lautaa voivat k\u00e4ytt\u00e4\u00e4 useat lapset samanaikaisesti. Siin\u00e4 on erilaisia aktiviteetteja, kuten hammaspy\u00f6r\u00e4t, motoristen taitojen kehityslenkki helmenheittimell\u00e4, liukuva sokkelo, jossa on avattavia munia, ksylofoni, gong ja py\u00f6riv\u00e4t dinosauruksen silm\u00e4t. Loistava yhdistelm\u00e4 leluja kouluille, p\u00e4iv\u00e4kodeille, oppimiskeskuksille ja julkisille paikoille.Ominaisuudet:<\/p>\n<p>* &#8211; Lelu 3-vuotiaille ja sit\u00e4 vanhemmille lapsille<br \/>\n* &#8211; Puinen, aisteja ja k\u00e4den taitoja kehitt\u00e4v\u00e4, triceratopsin muotoinen lauta on silmiinpist\u00e4v\u00e4 ja kannustaa leikkim\u00e4\u00e4n<br \/>\n* &#8211; Harjassa on sateenkaariksylofoni, jossa on vasara ja gongi<br \/>\n* &#8211; Dinosauruksen silmi\u00e4 voi vaihtaa puisen nupin avulla<br \/>\n* &#8211; Keskell\u00e4 on liukuva labyrintti, jossa on 5 avattavaa munaa, joista yksi k\u00e4tkee peilin ja 4 pient\u00e4 dinosauruslelua<br \/>\n* &#8211; Suuressa py\u00f6r\u00e4ss\u00e4 on hammaspy\u00f6r\u00e4t, joiden sis\u00e4ll\u00e4 on palloja<br \/>\n* &#8211; H\u00e4nn\u00e4ss\u00e4 on moottorilenkki ja helmenheitin<br \/>\n* &#8211; Tuote on valmistettu korkealaatuisesta lakatusta puusta ja maalattu myrkytt\u00f6mill\u00e4 maaleilla.* &#8211; T\u00e4m\u00e4 lauta noudattaa Montessori-periaatteita<\/p>\n<p>Lelu kehitt\u00e4\u00e4:<\/p>\n<p>* &#8211; Motorisia taitoja<br \/>\n* &#8211; K\u00e4sien ja silmien koordinaatiota<br \/>\n* &#8211; Luovuutta<br \/>\n* &#8211; Itsen\u00e4isyytt\u00e4 ja tarkkuutta<\/p>\n","protected":false},"excerpt":{"rendered":"<p>Viga Toysin v\u00e4rik\u00e4s Triceratops-manipulatiivinen lauta on puinen, monik\u00e4ytt\u00f6inen sein\u00e4leikkikalu, joka tarjoaa lapsille tuntikausia hauskaa ja oppimista. Lautaa voivat k\u00e4ytt\u00e4\u00e4 useat lapset samanaikaisesti. Siin\u00e4 on erilaisia aktiviteetteja, kuten hammaspy\u00f6r\u00e4t, motoristen taitojen kehityslenkki helmenheittimell\u00e4, liukuva sokkelo, jossa on avattavia munia, ksylofoni, gong ja py\u00f6riv\u00e4t dinosauruksen silm\u00e4t. Loistava yhdistelm\u00e4 leluja kouluille, p\u00e4iv\u00e4kodeille, oppimiskeskuksille ja julkisille paikoille.Ominaisuudet: * &#8211; [&hellip;]<\/p>\n","protected":false},"featured_media":0,"comment_status":"open","ping_status":"closed","template":"","meta":[],"product_brand":[],"product_cat":[32],"product_tag":[],"class_list":{"0":"post-36915","1":"product","2":"type-product","3":"status-publish","5":"product_cat-uncategorized-fi","7":"first","8":"instock","9":"shipping-taxable","10":"purchasable","11":"product-type-simple"},"_links":{"self":[{"href":"https:\/\/nordicmart.andreevmaster.com\/fi\/wp-json\/wp\/v2\/product\/36915","targetHints":{"allow":["GET"]}}],"collection":[{"href":"https:\/\/nordicmart.andreevmaster.com\/fi\/wp-json\/wp\/v2\/product"}],"about":[{"href":"https:\/\/nordicmart.andreevmaster.com\/fi\/wp-json\/wp\/v2\/types\/product"}],"replies":[{"embeddable":true,"href":"https:\/\/nordicmart.andreevmaster.com\/fi\/wp-json\/wp\/v2\/comments?post=36915"}],"wp:attachment":[{"href":"https:\/\/nordicmart.andreevmaster.com\/fi\/wp-json\/wp\/v2\/media?parent=36915"}],"wp:term":[{"taxonomy":"product_brand","embeddable":true,"href":"https:\/\/nordicmart.andreevmaster.com\/fi\/wp-json\/wp\/v2\/product_brand?post=36915"},{"taxonomy":"product_cat","embeddable":true,"href":"https:\/\/nordicmart.andreevmaster.com\/fi\/wp-json\/wp\/v2\/product_cat?post=36915"},{"taxonomy":"product_tag","embeddable":true,"href":"https:\/\/nordicmart.andreevmaster.com\/fi\/wp-json\/wp\/v2\/product_tag?post=36915"}],"curies":[{"name":"wp","href":"https:\/\/api.w.org\/{rel}","templated":true}]}}