{"id":36914,"date":"2026-02-27T00:36:35","date_gmt":"2026-02-27T00:36:35","guid":{"rendered":"https:\/\/nordicmart.andreevmaster.com\/product\/viga-puinen-2-in-1-vaihtopoyta-ja-nuken-kylpyamme\/"},"modified":"2026-02-27T09:53:49","modified_gmt":"2026-02-27T09:53:49","slug":"viga-puinen-2-in-1-vaihtopoyta-ja-nuken-kylpyamme","status":"publish","type":"product","link":"https:\/\/nordicmart.andreevmaster.com\/fi\/tuote\/viga-puinen-2-in-1-vaihtopoyta-ja-nuken-kylpyamme\/","title":{"rendered":"VIGA Puinen 2-in-1-vaihtop\u00f6yt\u00e4 ja nuken kylpyamme"},"content":{"rendered":"<p>Vigan 2-in-1-puinen hoitop\u00f6yt\u00e4 on ainutlaatuinen lahjaidea lapselle, sill\u00e4 se yhdist\u00e4\u00e4 hoitop\u00f6yd\u00e4n ja vauvan kylpyammeen toiminnot. Hoitop\u00f6yd\u00e4n yl\u00e4levyss\u00e4 on mukava, tasainen pinta, joka sopii erinomaisesti leikkimiseen. Vaihtausp\u00f6yd\u00e4ll\u00e4 leikkimisen aloittamiseksi riitt\u00e4\u00e4, ett\u00e4 asetat p\u00f6yd\u00e4n p\u00e4\u00e4lle lakanan ja pehme\u00e4n tyynyn. Vaihtausp\u00f6yd\u00e4n alla oleva hylly on k\u00e4yt\u00e4nn\u00f6llinen paikka tarvikkeiden s\u00e4ilytt\u00e4miseen, ja sen p\u00e4\u00e4ll\u00e4 on kangaskori, joka tarjoaa lis\u00e4\u00e4 tilaa tavaroiden turvalliseen s\u00e4ilytt\u00e4miseen. Kun k\u00e4yt\u00e4t p\u00f6yt\u00e4\u00e4 kylpyammeena, poista yl\u00e4levy ja asenna hana ja suihkup\u00e4\u00e4. Massiivipuinen rakenne takaa turvallisuuden ja vakauden leikin aikana. Lis\u00e4ksi v\u00e4rit on sovitettu niin, ett\u00e4 lelu sopii mihin tahansa huoneen sisustukseen. Viga 2-in-1 -puinen hoitop\u00f6yt\u00e4 ei ole vain k\u00e4yt\u00e4nn\u00f6llinen huonekalu, vaan my\u00f6s erinomainen lelu, joka kehitt\u00e4\u00e4 lasten mielikuvitusta ja hoitotaitoja. Ominaisuudet: * &#8211; Lelu 3-vuotiaille ja sit\u00e4 vanhemmille lapsille * &#8211; 2-in-1-hoitop\u00f6yt\u00e4 ja kylpyamme * &#8211; Lis\u00e4hylly, jossa kori tarvikkeiden s\u00e4ilytt\u00e4mist\u00e4 varten * &#8211; S\u00f6p\u00f6 keltainen ankka sis\u00e4ltyy settiin<br \/>\n* &#8211; Sopii jopa 43 cm:n pituisille nukkeille<br \/>\n* &#8211; Erinomainen roolileikkeihin<br \/>\n* &#8211; Ei vain lelu, vaan my\u00f6s ty\u00f6kalu rakkauden ja huolenpidon tunteen kehitt\u00e4miseen nuken hoitamisen kautta.<\/p>\n<p>Tuotteen koko: 50 x 30 x 54,5 (cm)<\/p>\n","protected":false},"excerpt":{"rendered":"<p>Vigan 2-in-1-puinen hoitop\u00f6yt\u00e4 on ainutlaatuinen lahjaidea lapselle, sill\u00e4 se yhdist\u00e4\u00e4 hoitop\u00f6yd\u00e4n ja vauvan kylpyammeen toiminnot. Hoitop\u00f6yd\u00e4n yl\u00e4levyss\u00e4 on mukava, tasainen pinta, joka sopii erinomaisesti leikkimiseen. Vaihtausp\u00f6yd\u00e4ll\u00e4 leikkimisen aloittamiseksi riitt\u00e4\u00e4, ett\u00e4 asetat p\u00f6yd\u00e4n p\u00e4\u00e4lle lakanan ja pehme\u00e4n tyynyn. Vaihtausp\u00f6yd\u00e4n alla oleva hylly on k\u00e4yt\u00e4nn\u00f6llinen paikka tarvikkeiden s\u00e4ilytt\u00e4miseen, ja sen p\u00e4\u00e4ll\u00e4 on kangaskori, joka tarjoaa lis\u00e4\u00e4 tilaa [&hellip;]<\/p>\n","protected":false},"featured_media":0,"comment_status":"open","ping_status":"closed","template":"","meta":[],"product_brand":[],"product_cat":[32],"product_tag":[],"class_list":{"0":"post-36914","1":"product","2":"type-product","3":"status-publish","5":"product_cat-uncategorized-fi","7":"first","8":"instock","9":"shipping-taxable","10":"purchasable","11":"product-type-simple"},"_links":{"self":[{"href":"https:\/\/nordicmart.andreevmaster.com\/fi\/wp-json\/wp\/v2\/product\/36914","targetHints":{"allow":["GET"]}}],"collection":[{"href":"https:\/\/nordicmart.andreevmaster.com\/fi\/wp-json\/wp\/v2\/product"}],"about":[{"href":"https:\/\/nordicmart.andreevmaster.com\/fi\/wp-json\/wp\/v2\/types\/product"}],"replies":[{"embeddable":true,"href":"https:\/\/nordicmart.andreevmaster.com\/fi\/wp-json\/wp\/v2\/comments?post=36914"}],"wp:attachment":[{"href":"https:\/\/nordicmart.andreevmaster.com\/fi\/wp-json\/wp\/v2\/media?parent=36914"}],"wp:term":[{"taxonomy":"product_brand","embeddable":true,"href":"https:\/\/nordicmart.andreevmaster.com\/fi\/wp-json\/wp\/v2\/product_brand?post=36914"},{"taxonomy":"product_cat","embeddable":true,"href":"https:\/\/nordicmart.andreevmaster.com\/fi\/wp-json\/wp\/v2\/product_cat?post=36914"},{"taxonomy":"product_tag","embeddable":true,"href":"https:\/\/nordicmart.andreevmaster.com\/fi\/wp-json\/wp\/v2\/product_tag?post=36914"}],"curies":[{"name":"wp","href":"https:\/\/api.w.org\/{rel}","templated":true}]}}