{"id":36913,"date":"2026-02-27T00:36:35","date_gmt":"2026-02-27T00:36:35","guid":{"rendered":"https:\/\/nordicmart.andreevmaster.com\/product\/viga-puinen-musiikkitaulu-12-lyomasoittimen-sarja\/"},"modified":"2026-02-27T09:53:49","modified_gmt":"2026-02-27T09:53:49","slug":"viga-puinen-musiikkitaulu-12-lyomasoittimen-sarja","status":"publish","type":"product","link":"https:\/\/nordicmart.andreevmaster.com\/fi\/tuote\/viga-puinen-musiikkitaulu-12-lyomasoittimen-sarja\/","title":{"rendered":"VIGA Puinen musiikkitaulu, 12 ly\u00f6m\u00e4soittimen sarja"},"content":{"rendered":"<p>Vigan musiikkitaulu on ainutlaatuinen lis\u00e4 mihin tahansa opetustilaan. Sen avulla lapset voivat vapaasti kokeilla 12 erilaista soitinta, mik\u00e4 edist\u00e4\u00e4 kuulon ja musiikillisten kykyjen kehityst\u00e4. Taululle ripustetut soittimet ovat lasten ulottuvilla, mik\u00e4 kannustaa aktiiviseen osallistumiseen musiikkikasvatukseen ja stimuloi kokonaisvaltaista kehityst\u00e4. Ominaisuudet: * &#8211; lelu 3-vuotiaille ja sit\u00e4 vanhemmille lapsille * &#8211; t\u00e4ydellinen lis\u00e4 mihin tahansa opetustilaan * &#8211; sis\u00e4lt\u00e4\u00e4 12 erilaista soitinta: ksylofoni, rumpu, kolmiokello ja muita ly\u00f6m\u00e4soittimia<br \/>\n* &#8211; edist\u00e4\u00e4 musiikkikasvatuksen kehityst\u00e4<br \/>\n* &#8211; helppo koota<br \/>\n* &#8211; valmistettu korkealaatuisesta puusta<\/p>\n<p>Lelu kehitt\u00e4\u00e4:<\/p>\n<p>* &#8211; hienomotoriikkaa<br \/>\n* &#8211; luovuutta<br \/>\n* &#8211; mielikuvitusta<br \/>\n* &#8211; musiikillisia kykyj\u00e4<br \/>\n* &#8211; motorista koordinaatiota<\/p>\n","protected":false},"excerpt":{"rendered":"<p>Vigan musiikkitaulu on ainutlaatuinen lis\u00e4 mihin tahansa opetustilaan. Sen avulla lapset voivat vapaasti kokeilla 12 erilaista soitinta, mik\u00e4 edist\u00e4\u00e4 kuulon ja musiikillisten kykyjen kehityst\u00e4. Taululle ripustetut soittimet ovat lasten ulottuvilla, mik\u00e4 kannustaa aktiiviseen osallistumiseen musiikkikasvatukseen ja stimuloi kokonaisvaltaista kehityst\u00e4. Ominaisuudet: * &#8211; lelu 3-vuotiaille ja sit\u00e4 vanhemmille lapsille * &#8211; t\u00e4ydellinen lis\u00e4 mihin tahansa opetustilaan [&hellip;]<\/p>\n","protected":false},"featured_media":0,"comment_status":"open","ping_status":"closed","template":"","meta":[],"product_brand":[],"product_cat":[32],"product_tag":[],"class_list":{"0":"post-36913","1":"product","2":"type-product","3":"status-publish","5":"product_cat-uncategorized-fi","7":"first","8":"instock","9":"shipping-taxable","10":"purchasable","11":"product-type-simple"},"_links":{"self":[{"href":"https:\/\/nordicmart.andreevmaster.com\/fi\/wp-json\/wp\/v2\/product\/36913","targetHints":{"allow":["GET"]}}],"collection":[{"href":"https:\/\/nordicmart.andreevmaster.com\/fi\/wp-json\/wp\/v2\/product"}],"about":[{"href":"https:\/\/nordicmart.andreevmaster.com\/fi\/wp-json\/wp\/v2\/types\/product"}],"replies":[{"embeddable":true,"href":"https:\/\/nordicmart.andreevmaster.com\/fi\/wp-json\/wp\/v2\/comments?post=36913"}],"wp:attachment":[{"href":"https:\/\/nordicmart.andreevmaster.com\/fi\/wp-json\/wp\/v2\/media?parent=36913"}],"wp:term":[{"taxonomy":"product_brand","embeddable":true,"href":"https:\/\/nordicmart.andreevmaster.com\/fi\/wp-json\/wp\/v2\/product_brand?post=36913"},{"taxonomy":"product_cat","embeddable":true,"href":"https:\/\/nordicmart.andreevmaster.com\/fi\/wp-json\/wp\/v2\/product_cat?post=36913"},{"taxonomy":"product_tag","embeddable":true,"href":"https:\/\/nordicmart.andreevmaster.com\/fi\/wp-json\/wp\/v2\/product_tag?post=36913"}],"curies":[{"name":"wp","href":"https:\/\/api.w.org\/{rel}","templated":true}]}}