{"id":36912,"date":"2026-02-27T00:36:34","date_gmt":"2026-02-27T00:36:34","guid":{"rendered":"https:\/\/nordicmart.andreevmaster.com\/product\/viga-puinen-aistien-ja-motoristen-taitojen-kehittymista-edistava-lauta-edu-train\/"},"modified":"2026-02-27T09:53:49","modified_gmt":"2026-02-27T09:53:49","slug":"viga-puinen-aistien-ja-motoristen-taitojen-kehittymista-edistava-lauta-edu-train","status":"publish","type":"product","link":"https:\/\/nordicmart.andreevmaster.com\/fi\/tuote\/viga-puinen-aistien-ja-motoristen-taitojen-kehittymista-edistava-lauta-edu-train\/","title":{"rendered":"VIGA Puinen aistien ja motoristen taitojen kehittymist\u00e4 edist\u00e4v\u00e4 lauta EDU Train"},"content":{"rendered":"<p>Viga Toysin v\u00e4rik\u00e4s lelujuna on puinen, monitoiminen sein\u00e4lelu, joka tarjoaa lapsille tuntikausia hauskaa ja oppimista. Lelu koostuu kolmesta erillisest\u00e4 osasta: punaisesta veturista, jossa on hammaspy\u00f6r\u00e4t, myllypy\u00f6r\u00e4 ja peili; sinisest\u00e4 vaunusta, jossa on symbaalit, moottorilenkki ja helmenheitin; sek\u00e4 vihre\u00e4st\u00e4 vaunusta, jossa on interaktiivinen liukuva juna ja py\u00f6riv\u00e4t palikat, jotka kuvaavat kuuluisia paikkoja. Jokainen osa tarjoaa erilaisia n\u00e4ht\u00e4vyyksi\u00e4, jotka stimuloivat pienten aisteja ja taitoja ja tarjoavat heille samalla paljon hauskaa. Ominaisuudet: * &#8211; Lelu 3-vuotiaille ja sit\u00e4 vanhemmille * &#8211; Puinen, aisteja ja k\u00e4dentaitoja kehitt\u00e4v\u00e4 junamainen leikkitaulu on silm\u00e4\u00e4npist\u00e4v\u00e4 ja kannustaa leikkim\u00e4\u00e4n. * &#8211; Punainen veturi hammaspy\u00f6rill\u00e4, myllynpy\u00f6r\u00e4 ja peili.* &#8211; Sininen vaunu, jossa on symbaalit, moottorilenkki ja helmenheitin. * &#8211; Vihre\u00e4 vaunu, jossa on interaktiivinen liukuva juna ja py\u00f6riv\u00e4t palikat, jotka esitt\u00e4v\u00e4t kuuluisia paikkoja. * &#8211; Tuote on valmistettu korkealaatuisesta lakatusta puusta ja maalattu myrkytt\u00f6mill\u00e4 maaleilla. * &#8211; T\u00e4m\u00e4 lauta on Montessori-periaatteiden mukainen.<\/p>\n<p>Lelu kehitt\u00e4\u00e4:<\/p>\n<p>* &#8211; Motorisia taitoja<br \/>\n* &#8211; K\u00e4sien ja silmien koordinaatiota<br \/>\n* &#8211; Luovuutta<br \/>\n* &#8211; Itsen\u00e4isyytt\u00e4 ja tarkkuutta<\/p>\n","protected":false},"excerpt":{"rendered":"<p>Viga Toysin v\u00e4rik\u00e4s lelujuna on puinen, monitoiminen sein\u00e4lelu, joka tarjoaa lapsille tuntikausia hauskaa ja oppimista. Lelu koostuu kolmesta erillisest\u00e4 osasta: punaisesta veturista, jossa on hammaspy\u00f6r\u00e4t, myllypy\u00f6r\u00e4 ja peili; sinisest\u00e4 vaunusta, jossa on symbaalit, moottorilenkki ja helmenheitin; sek\u00e4 vihre\u00e4st\u00e4 vaunusta, jossa on interaktiivinen liukuva juna ja py\u00f6riv\u00e4t palikat, jotka kuvaavat kuuluisia paikkoja. Jokainen osa tarjoaa erilaisia [&hellip;]<\/p>\n","protected":false},"featured_media":0,"comment_status":"open","ping_status":"closed","template":"","meta":[],"product_brand":[],"product_cat":[32],"product_tag":[],"class_list":{"0":"post-36912","1":"product","2":"type-product","3":"status-publish","5":"product_cat-uncategorized-fi","7":"first","8":"instock","9":"shipping-taxable","10":"purchasable","11":"product-type-simple"},"_links":{"self":[{"href":"https:\/\/nordicmart.andreevmaster.com\/fi\/wp-json\/wp\/v2\/product\/36912","targetHints":{"allow":["GET"]}}],"collection":[{"href":"https:\/\/nordicmart.andreevmaster.com\/fi\/wp-json\/wp\/v2\/product"}],"about":[{"href":"https:\/\/nordicmart.andreevmaster.com\/fi\/wp-json\/wp\/v2\/types\/product"}],"replies":[{"embeddable":true,"href":"https:\/\/nordicmart.andreevmaster.com\/fi\/wp-json\/wp\/v2\/comments?post=36912"}],"wp:attachment":[{"href":"https:\/\/nordicmart.andreevmaster.com\/fi\/wp-json\/wp\/v2\/media?parent=36912"}],"wp:term":[{"taxonomy":"product_brand","embeddable":true,"href":"https:\/\/nordicmart.andreevmaster.com\/fi\/wp-json\/wp\/v2\/product_brand?post=36912"},{"taxonomy":"product_cat","embeddable":true,"href":"https:\/\/nordicmart.andreevmaster.com\/fi\/wp-json\/wp\/v2\/product_cat?post=36912"},{"taxonomy":"product_tag","embeddable":true,"href":"https:\/\/nordicmart.andreevmaster.com\/fi\/wp-json\/wp\/v2\/product_tag?post=36912"}],"curies":[{"name":"wp","href":"https:\/\/api.w.org\/{rel}","templated":true}]}}