{"id":36911,"date":"2026-02-27T00:36:34","date_gmt":"2026-02-27T00:36:34","guid":{"rendered":"https:\/\/nordicmart.andreevmaster.com\/product\/viga-palomiesasusetti-kypara-walkie-talkiet-2-kpl-lisavarusteet-megafoni-taskulamppu\/"},"modified":"2026-02-27T09:53:49","modified_gmt":"2026-02-27T09:53:49","slug":"viga-palomiesasusetti-kypara-walkie-talkiet-2-kpl-lisavarusteet-megafoni-taskulamppu","status":"publish","type":"product","link":"https:\/\/nordicmart.andreevmaster.com\/fi\/tuote\/viga-palomiesasusetti-kypara-walkie-talkiet-2-kpl-lisavarusteet-megafoni-taskulamppu\/","title":{"rendered":"VIGA Palomiesasusetti Kyp\u00e4r\u00e4 Walkie-Talkiet 2 kpl Lis\u00e4varusteet Megafoni Taskulamppu"},"content":{"rendered":"<p>VIGA:n palomiespuku ja tarvikkeet ovat t\u00e4ydellinen lahja lapsille, jotka haaveilevat palomiehen urasta. Sarja sis\u00e4lt\u00e4\u00e4 2 heijastavaa liivi\u00e4, 2 punaista kyp\u00e4r\u00e4\u00e4, 2 puista radiopuhelinta, megafonin ja taskulampun. Liiveiss\u00e4 on taskut ja ne kiinnitet\u00e4\u00e4n tarranauhalla.<\/p>\n<p>Ominaisuudet:<\/p>\n<p>* &#8211; sarja 3-vuotiaille ja sit\u00e4 vanhemmille lapsille<br \/>\n* &#8211; sarja kahdelle lapselle<br \/>\n* &#8211; sis\u00e4lt\u00e4\u00e4 2 liivi\u00e4, 2 palomieskyp\u00e4r\u00e4\u00e4, 2 puista radiopuhelinta, megafonin ja taskulampun<br \/>\n* &#8211; liivit kiinnitet\u00e4\u00e4n tarranauhalla, ja niiss\u00e4 on taskut tarvikkeiden s\u00e4ilytt\u00e4mist\u00e4 varten<br \/>\n* &#8211; sarjan osat ovat korkealaatuisesti valmistettuja<\/p>\n","protected":false},"excerpt":{"rendered":"<p>VIGA:n palomiespuku ja tarvikkeet ovat t\u00e4ydellinen lahja lapsille, jotka haaveilevat palomiehen urasta. Sarja sis\u00e4lt\u00e4\u00e4 2 heijastavaa liivi\u00e4, 2 punaista kyp\u00e4r\u00e4\u00e4, 2 puista radiopuhelinta, megafonin ja taskulampun. Liiveiss\u00e4 on taskut ja ne kiinnitet\u00e4\u00e4n tarranauhalla. Ominaisuudet: * &#8211; sarja 3-vuotiaille ja sit\u00e4 vanhemmille lapsille * &#8211; sarja kahdelle lapselle * &#8211; sis\u00e4lt\u00e4\u00e4 2 liivi\u00e4, 2 palomieskyp\u00e4r\u00e4\u00e4, 2 [&hellip;]<\/p>\n","protected":false},"featured_media":0,"comment_status":"open","ping_status":"closed","template":"","meta":[],"product_brand":[],"product_cat":[32],"product_tag":[],"class_list":{"0":"post-36911","1":"product","2":"type-product","3":"status-publish","5":"product_cat-uncategorized-fi","7":"first","8":"instock","9":"shipping-taxable","10":"purchasable","11":"product-type-simple"},"_links":{"self":[{"href":"https:\/\/nordicmart.andreevmaster.com\/fi\/wp-json\/wp\/v2\/product\/36911","targetHints":{"allow":["GET"]}}],"collection":[{"href":"https:\/\/nordicmart.andreevmaster.com\/fi\/wp-json\/wp\/v2\/product"}],"about":[{"href":"https:\/\/nordicmart.andreevmaster.com\/fi\/wp-json\/wp\/v2\/types\/product"}],"replies":[{"embeddable":true,"href":"https:\/\/nordicmart.andreevmaster.com\/fi\/wp-json\/wp\/v2\/comments?post=36911"}],"wp:attachment":[{"href":"https:\/\/nordicmart.andreevmaster.com\/fi\/wp-json\/wp\/v2\/media?parent=36911"}],"wp:term":[{"taxonomy":"product_brand","embeddable":true,"href":"https:\/\/nordicmart.andreevmaster.com\/fi\/wp-json\/wp\/v2\/product_brand?post=36911"},{"taxonomy":"product_cat","embeddable":true,"href":"https:\/\/nordicmart.andreevmaster.com\/fi\/wp-json\/wp\/v2\/product_cat?post=36911"},{"taxonomy":"product_tag","embeddable":true,"href":"https:\/\/nordicmart.andreevmaster.com\/fi\/wp-json\/wp\/v2\/product_tag?post=36911"}],"curies":[{"name":"wp","href":"https:\/\/api.w.org\/{rel}","templated":true}]}}