{"id":36910,"date":"2026-02-27T00:36:34","date_gmt":"2026-02-27T00:36:34","guid":{"rendered":"https:\/\/nordicmart.andreevmaster.com\/product\/viga-suuri-puinen-paloauto-montessori-leikkikentta\/"},"modified":"2026-02-27T09:53:49","modified_gmt":"2026-02-27T09:53:49","slug":"viga-suuri-puinen-paloauto-montessori-leikkikentta","status":"publish","type":"product","link":"https:\/\/nordicmart.andreevmaster.com\/fi\/tuote\/viga-suuri-puinen-paloauto-montessori-leikkikentta\/","title":{"rendered":"VIGA Suuri puinen paloauto Montessori-leikkikentt\u00e4"},"content":{"rendered":"<p>VIGA:n suuri puinen paloauto on lelu, joka tarjoaa lapsille rikkaan kokemuksen palontorjunnan maailmasta. Se on my\u00f6s suuri sis\u00e4tiloissa k\u00e4ytett\u00e4v\u00e4 leikkikentt\u00e4, jossa lapset voivat keksi\u00e4 yhdess\u00e4 monia leikkej\u00e4. Lapset voivat leikki\u00e4 rohkeita palomiehi\u00e4, sammuttaa tulipaloja, pelastaa pehmoleluja tai navigoida monimutkaisessa pelastuslabyrintiss\u00e4. T\u00e4m\u00e4 interaktiivinen lelu kannustaa aktiiviseen oppimiseen ja kehitt\u00e4\u00e4 samalla motorisia taitoja, loogista ajattelua ja sosiaalisia taitoja. Sen ansiosta pienet sankarit oppivat, kuinka t\u00e4rke\u00e4\u00e4 on ajatella ja toimia nopeasti h\u00e4t\u00e4tilanteissa, sek\u00e4 kuinka arvokasta on suunnitella ja toimia yhdess\u00e4 tiimin\u00e4. Ominaisuudet: &#8211; Suuri sis\u00e4leikkipaikka<br \/>\n* &#8211; Varusteet inspiroivat luomaan uusia leikkiskenaarioita<br \/>\n* &#8211; Lapset voivat liitt\u00e4\u00e4 paloletkun paloautoon tai palopostiin<br \/>\n* &#8211; Kuljettajan ohjaamo, jossa on liikkuva ohjauspy\u00f6r\u00e4, vaihdevipu ja sireenipainike<br \/>\n* &#8211; Laatat, joissa on paloturvallisuusjalustat<br \/>\n* &#8211; Suuri lauta, jossa on sokkelo puisten hahmojen liikkumista varten<br \/>\n* &#8211; S\u00e4ilytystila pit\u00e4\u00e4 tarvikkeet j\u00e4rjestyksess\u00e4<br \/>\n* &#8211; Kiinnostaa lapsia monenlaisiin leikkiskenaarioihin<\/p>\n<p>Lelu kehitt\u00e4\u00e4:<\/p>\n<p>* &#8211; motorisia taitoja<br \/>\n* &#8211; sosiaalisia taitoja<br \/>\n* &#8211; loogista ajattelua<br \/>\n* &#8211; mielikuvitusta ja luovuutta<\/p>\n<p>### Sarjan mukana tulee kuvassa n\u00e4kyv\u00e4 ilmainen lis\u00e4varustesarja (koodi 44713): 2 palomiehen asua, 2 radiopuhelinta, taskulamppu ja megafoni.&lt;center&gt;&lt;iframe width=&#8221;467&#8243; height=&#8221;831&#8243; src=&#8221;https:\/\/www.youtube.com\/embed\/-zJ3ar8et5o&#8221; title=&#8221;VIGA Suuri puinen paloauto Montessori-leikkikentt\u00e4&#8221; frameborder=&#8221;0&#8243; allow=&#8221;accelerometer; autoplay; clipboard-write; encrypted-media; gyroscope; picture-in-picture; web-share&#8221; referrerpolicy=&#8221;strict-origin-when-cross-origin&#8221; allowfullscreen&gt;&lt;\/iframe&gt;&lt;\/center&gt;<\/p>\n","protected":false},"excerpt":{"rendered":"<p>VIGA:n suuri puinen paloauto on lelu, joka tarjoaa lapsille rikkaan kokemuksen palontorjunnan maailmasta. Se on my\u00f6s suuri sis\u00e4tiloissa k\u00e4ytett\u00e4v\u00e4 leikkikentt\u00e4, jossa lapset voivat keksi\u00e4 yhdess\u00e4 monia leikkej\u00e4. Lapset voivat leikki\u00e4 rohkeita palomiehi\u00e4, sammuttaa tulipaloja, pelastaa pehmoleluja tai navigoida monimutkaisessa pelastuslabyrintiss\u00e4. T\u00e4m\u00e4 interaktiivinen lelu kannustaa aktiiviseen oppimiseen ja kehitt\u00e4\u00e4 samalla motorisia taitoja, loogista ajattelua ja sosiaalisia [&hellip;]<\/p>\n","protected":false},"featured_media":0,"comment_status":"open","ping_status":"closed","template":"","meta":[],"product_brand":[],"product_cat":[32],"product_tag":[],"class_list":{"0":"post-36910","1":"product","2":"type-product","3":"status-publish","5":"product_cat-uncategorized-fi","7":"first","8":"instock","9":"shipping-taxable","10":"purchasable","11":"product-type-simple"},"_links":{"self":[{"href":"https:\/\/nordicmart.andreevmaster.com\/fi\/wp-json\/wp\/v2\/product\/36910","targetHints":{"allow":["GET"]}}],"collection":[{"href":"https:\/\/nordicmart.andreevmaster.com\/fi\/wp-json\/wp\/v2\/product"}],"about":[{"href":"https:\/\/nordicmart.andreevmaster.com\/fi\/wp-json\/wp\/v2\/types\/product"}],"replies":[{"embeddable":true,"href":"https:\/\/nordicmart.andreevmaster.com\/fi\/wp-json\/wp\/v2\/comments?post=36910"}],"wp:attachment":[{"href":"https:\/\/nordicmart.andreevmaster.com\/fi\/wp-json\/wp\/v2\/media?parent=36910"}],"wp:term":[{"taxonomy":"product_brand","embeddable":true,"href":"https:\/\/nordicmart.andreevmaster.com\/fi\/wp-json\/wp\/v2\/product_brand?post=36910"},{"taxonomy":"product_cat","embeddable":true,"href":"https:\/\/nordicmart.andreevmaster.com\/fi\/wp-json\/wp\/v2\/product_cat?post=36910"},{"taxonomy":"product_tag","embeddable":true,"href":"https:\/\/nordicmart.andreevmaster.com\/fi\/wp-json\/wp\/v2\/product_tag?post=36910"}],"curies":[{"name":"wp","href":"https:\/\/api.w.org\/{rel}","templated":true}]}}