{"id":36909,"date":"2026-02-27T00:36:33","date_gmt":"2026-02-27T00:36:33","guid":{"rendered":"https:\/\/nordicmart.andreevmaster.com\/product\/viga-luonnollinen-puinen-montessori-keinutuoli\/"},"modified":"2026-02-27T09:53:48","modified_gmt":"2026-02-27T09:53:48","slug":"viga-luonnollinen-puinen-montessori-keinutuoli","status":"publish","type":"product","link":"https:\/\/nordicmart.andreevmaster.com\/fi\/tuote\/viga-luonnollinen-puinen-montessori-keinutuoli\/","title":{"rendered":"VIGA Luonnollinen puinen Montessori-keinutuoli"},"content":{"rendered":"<p>VIGA:n keinutuoli ja keinu viev\u00e4t lapset hauskanpidon py\u00f6rteeseen ja kuluttavat heid\u00e4n loputtoman energiansa! Keinutuolin muotoilu ja toiminnallisuus ovat t\u00e4ysin Montessori-filosofian mukaisia. Keinu on tarkoitettu tasapainoleikkeihin ja tukee motoristen taitojen kehityst\u00e4. Yhdess\u00e4 kiipeilykolmion ja puisen liukum\u00e4en kanssa se voi olla osa kotileikkipaikkaa. Ominaisuudet:<\/p>\n<p>* &#8211; lelu 18 kuukauden ik\u00e4isille lapsille<br \/>\n* &#8211; tuote on valmistettu puusta<br \/>\n* &#8211; monik\u00e4ytt\u00f6inen, voidaan k\u00e4ytt\u00e4\u00e4 keinutuolina tai keinuna<br \/>\n* &#8211; tuote on maalattu kirkkailla, myrkytt\u00f6mill\u00e4 maaleilla<br \/>\n* &#8211; keinutuoli tukee lapsen motorista kehityst\u00e4<br \/>\n* &#8211; voidaan yhdist\u00e4\u00e4 puiseen liukum\u00e4keen (44709) ja kiipeilykolmioon (44708)<\/p>\n<p>Leikki kehitt\u00e4\u00e4:<\/p>\n<p>* &#8211; karkeamotorisia taitoja<br \/>\n* &#8211; k\u00e4si-silm\u00e4-koordinaatiota<br \/>\n* &#8211; tasapainoaistia<\/p>\n","protected":false},"excerpt":{"rendered":"<p>VIGA:n keinutuoli ja keinu viev\u00e4t lapset hauskanpidon py\u00f6rteeseen ja kuluttavat heid\u00e4n loputtoman energiansa! Keinutuolin muotoilu ja toiminnallisuus ovat t\u00e4ysin Montessori-filosofian mukaisia. Keinu on tarkoitettu tasapainoleikkeihin ja tukee motoristen taitojen kehityst\u00e4. Yhdess\u00e4 kiipeilykolmion ja puisen liukum\u00e4en kanssa se voi olla osa kotileikkipaikkaa. Ominaisuudet: * &#8211; lelu 18 kuukauden ik\u00e4isille lapsille * &#8211; tuote on valmistettu puusta [&hellip;]<\/p>\n","protected":false},"featured_media":0,"comment_status":"open","ping_status":"closed","template":"","meta":[],"product_brand":[],"product_cat":[32],"product_tag":[],"class_list":{"0":"post-36909","1":"product","2":"type-product","3":"status-publish","5":"product_cat-uncategorized-fi","7":"first","8":"instock","9":"shipping-taxable","10":"purchasable","11":"product-type-simple"},"_links":{"self":[{"href":"https:\/\/nordicmart.andreevmaster.com\/fi\/wp-json\/wp\/v2\/product\/36909","targetHints":{"allow":["GET"]}}],"collection":[{"href":"https:\/\/nordicmart.andreevmaster.com\/fi\/wp-json\/wp\/v2\/product"}],"about":[{"href":"https:\/\/nordicmart.andreevmaster.com\/fi\/wp-json\/wp\/v2\/types\/product"}],"replies":[{"embeddable":true,"href":"https:\/\/nordicmart.andreevmaster.com\/fi\/wp-json\/wp\/v2\/comments?post=36909"}],"wp:attachment":[{"href":"https:\/\/nordicmart.andreevmaster.com\/fi\/wp-json\/wp\/v2\/media?parent=36909"}],"wp:term":[{"taxonomy":"product_brand","embeddable":true,"href":"https:\/\/nordicmart.andreevmaster.com\/fi\/wp-json\/wp\/v2\/product_brand?post=36909"},{"taxonomy":"product_cat","embeddable":true,"href":"https:\/\/nordicmart.andreevmaster.com\/fi\/wp-json\/wp\/v2\/product_cat?post=36909"},{"taxonomy":"product_tag","embeddable":true,"href":"https:\/\/nordicmart.andreevmaster.com\/fi\/wp-json\/wp\/v2\/product_tag?post=36909"}],"curies":[{"name":"wp","href":"https:\/\/api.w.org\/{rel}","templated":true}]}}