{"id":36908,"date":"2026-02-27T00:36:33","date_gmt":"2026-02-27T00:36:33","guid":{"rendered":"https:\/\/nordicmart.andreevmaster.com\/product\/viga-puinen-pikler-tikkaat-montessori-kiipeilytriangeli\/"},"modified":"2026-02-27T09:53:48","modified_gmt":"2026-02-27T09:53:48","slug":"viga-puinen-pikler-tikkaat-montessori-kiipeilytriangeli","status":"publish","type":"product","link":"https:\/\/nordicmart.andreevmaster.com\/fi\/tuote\/viga-puinen-pikler-tikkaat-montessori-kiipeilytriangeli\/","title":{"rendered":"VIGA Puinen Pikler-tikkaat Montessori-kiipeilytriangeli"},"content":{"rendered":"<p>Pikler-kiipeilytriangeli on Montessori-filosofiaan perustuvan kotileikkipaikan v\u00e4ltt\u00e4m\u00e4t\u00f6n osa. Kiipeilem\u00e4ll\u00e4 lapsi harjoittaa karkeamotorisia taitoja, kehitt\u00e4\u00e4 tasapainoaistiaan ja parantaa kehon koordinaatiota. Tikkaiden kiipeily\u00e4 tulee valvoa aikuisen toimesta. Toisella puolella on klassiset tikkaat kiipeily\u00e4 varten, ja toisella puolella on sein\u00e4, jossa on erilaisia kiipeilyreiki\u00e4. Puinen liukum\u00e4ki (44709) on saatavana erikseen, ja se voidaan k\u00e4\u00e4nt\u00e4\u00e4 ymp\u00e4ri toimimaan lis\u00e4sein\u00e4n\u00e4 tai k\u00e4ytt\u00e4\u00e4 kiipeilykolmion yhdist\u00e4miseen keinutuoliin (44708).Ominaisuudet:<\/p>\n<p>* &#8211; lelu 18 kuukauden ik\u00e4isille ja sit\u00e4 vanhemmille lapsille<br \/>\n* &#8211; t\u00e4ydellinen kotileikkikent\u00e4lle<br \/>\n* &#8211; toisella puolella on perinteinen tikkaat, toisella puolella sein\u00e4, jossa on kiipeilyreiki\u00e4<br \/>\n* &#8211; pienten lasten tulisi kiivet\u00e4 tikkaita aikuisen valvonnassa<br \/>\n* &#8211; vankka rakenne, turvallinen lapsille<br \/>\n* &#8211; voidaan yhdist\u00e4\u00e4 puiseen liukum\u00e4keen ja keinutuoliin<\/p>\n<p>Lelu kehitt\u00e4\u00e4:<\/p>\n<p>* &#8211; karkeamotorisia taitoja<br \/>\n* &#8211; motorista koordinaatiota<br \/>\n* &#8211; tasapainoaistia<\/p>\n","protected":false},"excerpt":{"rendered":"<p>Pikler-kiipeilytriangeli on Montessori-filosofiaan perustuvan kotileikkipaikan v\u00e4ltt\u00e4m\u00e4t\u00f6n osa. Kiipeilem\u00e4ll\u00e4 lapsi harjoittaa karkeamotorisia taitoja, kehitt\u00e4\u00e4 tasapainoaistiaan ja parantaa kehon koordinaatiota. Tikkaiden kiipeily\u00e4 tulee valvoa aikuisen toimesta. Toisella puolella on klassiset tikkaat kiipeily\u00e4 varten, ja toisella puolella on sein\u00e4, jossa on erilaisia kiipeilyreiki\u00e4. Puinen liukum\u00e4ki (44709) on saatavana erikseen, ja se voidaan k\u00e4\u00e4nt\u00e4\u00e4 ymp\u00e4ri toimimaan lis\u00e4sein\u00e4n\u00e4 tai k\u00e4ytt\u00e4\u00e4 [&hellip;]<\/p>\n","protected":false},"featured_media":0,"comment_status":"open","ping_status":"closed","template":"","meta":[],"product_brand":[],"product_cat":[32],"product_tag":[],"class_list":{"0":"post-36908","1":"product","2":"type-product","3":"status-publish","5":"product_cat-uncategorized-fi","7":"first","8":"instock","9":"shipping-taxable","10":"purchasable","11":"product-type-simple"},"_links":{"self":[{"href":"https:\/\/nordicmart.andreevmaster.com\/fi\/wp-json\/wp\/v2\/product\/36908","targetHints":{"allow":["GET"]}}],"collection":[{"href":"https:\/\/nordicmart.andreevmaster.com\/fi\/wp-json\/wp\/v2\/product"}],"about":[{"href":"https:\/\/nordicmart.andreevmaster.com\/fi\/wp-json\/wp\/v2\/types\/product"}],"replies":[{"embeddable":true,"href":"https:\/\/nordicmart.andreevmaster.com\/fi\/wp-json\/wp\/v2\/comments?post=36908"}],"wp:attachment":[{"href":"https:\/\/nordicmart.andreevmaster.com\/fi\/wp-json\/wp\/v2\/media?parent=36908"}],"wp:term":[{"taxonomy":"product_brand","embeddable":true,"href":"https:\/\/nordicmart.andreevmaster.com\/fi\/wp-json\/wp\/v2\/product_brand?post=36908"},{"taxonomy":"product_cat","embeddable":true,"href":"https:\/\/nordicmart.andreevmaster.com\/fi\/wp-json\/wp\/v2\/product_cat?post=36908"},{"taxonomy":"product_tag","embeddable":true,"href":"https:\/\/nordicmart.andreevmaster.com\/fi\/wp-json\/wp\/v2\/product_tag?post=36908"}],"curies":[{"name":"wp","href":"https:\/\/api.w.org\/{rel}","templated":true}]}}