{"id":36907,"date":"2026-02-27T00:36:33","date_gmt":"2026-02-27T00:36:33","guid":{"rendered":"https:\/\/nordicmart.andreevmaster.com\/product\/viga-puinen-nukenvaunu\/"},"modified":"2026-02-27T09:53:48","modified_gmt":"2026-02-27T09:53:48","slug":"viga-puinen-nukenvaunu","status":"publish","type":"product","link":"https:\/\/nordicmart.andreevmaster.com\/fi\/tuote\/viga-puinen-nukenvaunu\/","title":{"rendered":"VIGA Puinen nukenvaunu"},"content":{"rendered":"<p>VIGA:n nukenvaunu on valmistettu massiivipuusta, ja siin\u00e4 on suuret muovipy\u00f6r\u00e4t ja kumiset, luistamattomat renkaat. Se on suunniteltu enint\u00e4\u00e4n 38 cm:n kokoisille nukille.<\/p>\n<p>Ominaisuudet:<\/p>\n<p>* &#8211; lelu 18 kuukauden ik\u00e4isille ja sit\u00e4 vanhemmille lapsille<br \/>\n* &#8211; valmistettu massiivipuusta<br \/>\n* &#8211; suuret muovipy\u00f6r\u00e4t, joissa on kumiset, luistamattomat renkaat<br \/>\n* &#8211; sopii enint\u00e4\u00e4n 38 cm:n pituisille nukkeille<\/p>\n<p>Lelu kehitt\u00e4\u00e4:<\/p>\n<p>* &#8211; mielikuvitusta<br \/>\n* &#8211; karkeamotorisia taitoja<br \/>\n* &#8211; sosiaalisia taitoja<\/p>\n","protected":false},"excerpt":{"rendered":"<p>VIGA:n nukenvaunu on valmistettu massiivipuusta, ja siin\u00e4 on suuret muovipy\u00f6r\u00e4t ja kumiset, luistamattomat renkaat. Se on suunniteltu enint\u00e4\u00e4n 38 cm:n kokoisille nukille. Ominaisuudet: * &#8211; lelu 18 kuukauden ik\u00e4isille ja sit\u00e4 vanhemmille lapsille * &#8211; valmistettu massiivipuusta * &#8211; suuret muovipy\u00f6r\u00e4t, joissa on kumiset, luistamattomat renkaat * &#8211; sopii enint\u00e4\u00e4n 38 cm:n pituisille nukkeille Lelu [&hellip;]<\/p>\n","protected":false},"featured_media":0,"comment_status":"open","ping_status":"closed","template":"","meta":[],"product_brand":[],"product_cat":[32],"product_tag":[],"class_list":{"0":"post-36907","1":"product","2":"type-product","3":"status-publish","5":"product_cat-uncategorized-fi","7":"first","8":"instock","9":"shipping-taxable","10":"purchasable","11":"product-type-simple"},"_links":{"self":[{"href":"https:\/\/nordicmart.andreevmaster.com\/fi\/wp-json\/wp\/v2\/product\/36907","targetHints":{"allow":["GET"]}}],"collection":[{"href":"https:\/\/nordicmart.andreevmaster.com\/fi\/wp-json\/wp\/v2\/product"}],"about":[{"href":"https:\/\/nordicmart.andreevmaster.com\/fi\/wp-json\/wp\/v2\/types\/product"}],"replies":[{"embeddable":true,"href":"https:\/\/nordicmart.andreevmaster.com\/fi\/wp-json\/wp\/v2\/comments?post=36907"}],"wp:attachment":[{"href":"https:\/\/nordicmart.andreevmaster.com\/fi\/wp-json\/wp\/v2\/media?parent=36907"}],"wp:term":[{"taxonomy":"product_brand","embeddable":true,"href":"https:\/\/nordicmart.andreevmaster.com\/fi\/wp-json\/wp\/v2\/product_brand?post=36907"},{"taxonomy":"product_cat","embeddable":true,"href":"https:\/\/nordicmart.andreevmaster.com\/fi\/wp-json\/wp\/v2\/product_cat?post=36907"},{"taxonomy":"product_tag","embeddable":true,"href":"https:\/\/nordicmart.andreevmaster.com\/fi\/wp-json\/wp\/v2\/product_tag?post=36907"}],"curies":[{"name":"wp","href":"https:\/\/api.w.org\/{rel}","templated":true}]}}