{"id":36906,"date":"2026-02-27T00:36:33","date_gmt":"2026-02-27T00:36:33","guid":{"rendered":"https:\/\/nordicmart.andreevmaster.com\/product\/viga-puinen-opettavainen-tyontoleikkikrokotiili-12-in-1\/"},"modified":"2026-02-27T09:53:48","modified_gmt":"2026-02-27T09:53:48","slug":"viga-puinen-opettavainen-tyontoleikkikrokotiili-12-in-1","status":"publish","type":"product","link":"https:\/\/nordicmart.andreevmaster.com\/fi\/tuote\/viga-puinen-opettavainen-tyontoleikkikrokotiili-12-in-1\/","title":{"rendered":"VIGA Puinen opettavainen ty\u00f6nt\u00f6leikkikrokotiili 12-in-1"},"content":{"rendered":"<p>VIGA:n puinen krokotiili-k\u00e4velyteline tarjoaa lapsellesi monia j\u00e4nnitt\u00e4vi\u00e4 aktiviteetteja: el\u00e4inlabyrintin, ksylofonin, hammaspy\u00f6r\u00e4t, muottien lajittelijan, helmitaulun ja paljon muuta. Vankka rakenne tarjoaa tukevan tuen, jotta lapsesi voi luottavaisesti aloittaa k\u00e4velyn oppimisen ja auttaa h\u00e4nt\u00e4 s\u00e4ilytt\u00e4m\u00e4\u00e4n tasapainonsa. Harjoittelemalla t\u00e4m\u00e4n k\u00e4velytuolin toimintoja lapsesi voi kehitt\u00e4\u00e4 k\u00e4den taitojaan, k\u00e4si-silm\u00e4-koordinaatiotaan ja loogista ajatteluaan sek\u00e4 alkaa oppia muotoja, v\u00e4rej\u00e4 ja numeroita. Siin\u00e4 on tilaa lapsen lempileluille.Ominaisuudet:<\/p>\n<p>* &#8211; lelu 12 kuukauden ik\u00e4isille ja sit\u00e4 vanhemmille lapsille,<br \/>\n* &#8211; auttaa lapsia oppimaan k\u00e4velem\u00e4\u00e4n,<br \/>\n* &#8211; sis\u00e4lt\u00e4\u00e4 laajan valikoiman aktiviteetteja:<br \/>\n* &#8211; abakus varhaisen numeron oppimisen tueksi,<br \/>\n* &#8211; py\u00f6riv\u00e4t palikat, joissa on numeroita ja niit\u00e4 edustavia kuvia,<br \/>\n* &#8211; el\u00e4inlabyrintti,<br \/>\n* &#8211; ksylofoni musiikin oppimiseen,<br \/>\n* &#8211; py\u00f6riv\u00e4t hammaspy\u00f6r\u00e4t,<br \/>\n* &#8211; palapeli tappeilla,<br \/>\n* &#8211; krokotiili, jonka toisella puolella on palikka, jota voi liikuttaa m\u00e4\u00e4r\u00e4tty\u00e4 reitti\u00e4 pitkin,<br \/>\n* &#8211; muotolajittelija,<br \/>\n* &#8211; py\u00f6riv\u00e4, resonoiva levy,<br \/>\n* &#8211; gong,<br \/>\n* &#8211; moottorilenkki, jossa on 5 helmi\u00e4.* &#8211; abakus varhaisen numeron oppimiseen,<br \/>\n* &#8211; py\u00f6riv\u00e4t palikat, joissa on numeroita ja niit\u00e4 edustavia kuvia,<br \/>\n* &#8211; el\u00e4inlabyrintti,<br \/>\n* &#8211; ksylofoni musiikin oppimiseen,<br \/>\n* &#8211; py\u00f6riv\u00e4t hammaspy\u00f6r\u00e4t,<br \/>\n* &#8211; tappipalapeli,* &#8211; krokotiili, jonka toisella puolella on palikka, jota voi liikuttaa m\u00e4\u00e4r\u00e4tty\u00e4 reitti\u00e4 pitkin,<br \/>\n* &#8211; muotolajittelija,<br \/>\n* &#8211; py\u00f6riv\u00e4, resonoiva levy,<br \/>\n* &#8211; gong,<br \/>\n* &#8211; moottorilenkki, jossa on 5 helmi\u00e4.<\/p>\n<p>Lelu kehitt\u00e4\u00e4:<\/p>\n<p>* &#8211; karkeamotorisia taitoja,<br \/>\n* &#8211; hienomotorisia taitoja (k\u00e4sien k\u00e4tevyytt\u00e4),<br \/>\n* &#8211; loogista ajattelua,<br \/>\n* &#8211; mielikuvitusta,<br \/>\n* &#8211; k\u00e4si-silm\u00e4-koordinaatiota,<br \/>\n* &#8211; stimuloi kuuloaistia,<br \/>\n* &#8211; tarjoaa johdannon v\u00e4reihin, muotoihin ja numeroihin.<\/p>\n<p>VIGA TOYS on kauniita, hyvin suunniteltuja ja turvallisia puuleluja. Yli 20 vuoden kokemus takaa laadun ja erinomaisen muotoilun. Puulelujen valikoima sis\u00e4lt\u00e4\u00e4: keitti\u00f6t, tarvikkeet, vauvan k\u00e4velytuolit, polkupy\u00f6r\u00e4t, opettavaiset lelut, musiikkilelut, nauhalelut, taitolelut, litte\u00e4t palikat, tilapalat, junat ja junasarjat, leikkim\u00f6kit ja teatterit, palapelit, pelit, minilelut, koulutarvikkeet ja paljon muuta.<\/p>\n","protected":false},"excerpt":{"rendered":"<p>VIGA:n puinen krokotiili-k\u00e4velyteline tarjoaa lapsellesi monia j\u00e4nnitt\u00e4vi\u00e4 aktiviteetteja: el\u00e4inlabyrintin, ksylofonin, hammaspy\u00f6r\u00e4t, muottien lajittelijan, helmitaulun ja paljon muuta. Vankka rakenne tarjoaa tukevan tuen, jotta lapsesi voi luottavaisesti aloittaa k\u00e4velyn oppimisen ja auttaa h\u00e4nt\u00e4 s\u00e4ilytt\u00e4m\u00e4\u00e4n tasapainonsa. Harjoittelemalla t\u00e4m\u00e4n k\u00e4velytuolin toimintoja lapsesi voi kehitt\u00e4\u00e4 k\u00e4den taitojaan, k\u00e4si-silm\u00e4-koordinaatiotaan ja loogista ajatteluaan sek\u00e4 alkaa oppia muotoja, v\u00e4rej\u00e4 ja numeroita. Siin\u00e4 [&hellip;]<\/p>\n","protected":false},"featured_media":0,"comment_status":"open","ping_status":"closed","template":"","meta":[],"product_brand":[],"product_cat":[32],"product_tag":[],"class_list":{"0":"post-36906","1":"product","2":"type-product","3":"status-publish","5":"product_cat-uncategorized-fi","7":"first","8":"instock","9":"shipping-taxable","10":"purchasable","11":"product-type-simple"},"_links":{"self":[{"href":"https:\/\/nordicmart.andreevmaster.com\/fi\/wp-json\/wp\/v2\/product\/36906","targetHints":{"allow":["GET"]}}],"collection":[{"href":"https:\/\/nordicmart.andreevmaster.com\/fi\/wp-json\/wp\/v2\/product"}],"about":[{"href":"https:\/\/nordicmart.andreevmaster.com\/fi\/wp-json\/wp\/v2\/types\/product"}],"replies":[{"embeddable":true,"href":"https:\/\/nordicmart.andreevmaster.com\/fi\/wp-json\/wp\/v2\/comments?post=36906"}],"wp:attachment":[{"href":"https:\/\/nordicmart.andreevmaster.com\/fi\/wp-json\/wp\/v2\/media?parent=36906"}],"wp:term":[{"taxonomy":"product_brand","embeddable":true,"href":"https:\/\/nordicmart.andreevmaster.com\/fi\/wp-json\/wp\/v2\/product_brand?post=36906"},{"taxonomy":"product_cat","embeddable":true,"href":"https:\/\/nordicmart.andreevmaster.com\/fi\/wp-json\/wp\/v2\/product_cat?post=36906"},{"taxonomy":"product_tag","embeddable":true,"href":"https:\/\/nordicmart.andreevmaster.com\/fi\/wp-json\/wp\/v2\/product_tag?post=36906"}],"curies":[{"name":"wp","href":"https:\/\/api.w.org\/{rel}","templated":true}]}}