{"id":36905,"date":"2026-02-27T00:36:32","date_gmt":"2026-02-27T00:36:32","guid":{"rendered":"https:\/\/nordicmart.andreevmaster.com\/product\/viga-polarb-koulutuspoyta-pyramid-cymbals-sensory-montessori\/"},"modified":"2026-02-27T09:53:47","modified_gmt":"2026-02-27T09:53:47","slug":"viga-polarb-koulutuspoyta-pyramid-cymbals-sensory-montessori","status":"publish","type":"product","link":"https:\/\/nordicmart.andreevmaster.com\/fi\/tuote\/viga-polarb-koulutuspoyta-pyramid-cymbals-sensory-montessori\/","title":{"rendered":"VIGA PolarB Koulutusp\u00f6yt\u00e4 Pyramid Cymbals Sensory Montessori"},"content":{"rendered":"<p>Vigan puinen koulutusp\u00f6yt\u00e4 on yksi johtavista leluista, joka palvelee sinua pitk\u00e4\u00e4n ja tarjoaa lapsellesi monien vuosien mielenkiintoisen ja luovan hauskanpidon. P\u00f6yt\u00e4 on riitt\u00e4v\u00e4n suuri, jotta useat lapset voivat leikki\u00e4 sill\u00e4 samanaikaisesti. V\u00e4rik\u00e4s opetusp\u00f6yt\u00e4 on miellytt\u00e4v\u00e4 silm\u00e4lle ja kannustaa leikkim\u00e4\u00e4n. P\u00f6yt\u00e4 on varustettu hammaspy\u00f6rill\u00e4, symbaaleilla, kellolla, pyramideilla, junaradalla ja palapeleill\u00e4. Koko p\u00f6yt\u00e4 on lakattu ja maalattu lapsiturvallisilla maaleilla eloisilla v\u00e4reill\u00e4, jotka tyydytt\u00e4v\u00e4t jokaisen k\u00e4ytt\u00e4j\u00e4n ja tarjoavat heille paljon hauskaa.Ominaisuudet:<\/p>\n<p>* &#8211; 18 kuukauden i\u00e4st\u00e4 alkaen,<br \/>\n* &#8211; puusta valmistettu lelu,<br \/>\n* &#8211; laaja valikoima aktiviteetteja takaa pitk\u00e4kestoisen hauskanpidon,<br \/>\n* &#8211; maalattu myrkytt\u00f6mill\u00e4 maaleilla,<br \/>\n* &#8211; kehitt\u00e4\u00e4 motorisia taitoja leikin kautta.<\/p>\n<p>Lelu:<\/p>\n<p>* &#8211; edist\u00e4\u00e4 k\u00e4den taitojen kehityst\u00e4,<br \/>\n* &#8211; harjoittaa sormien ja k\u00e4sien liikkeiden tarkkuutta,<br \/>\n* &#8211; stimuloi luovuutta ja mielikuvitusta,<br \/>\n* &#8211; opettaa v\u00e4rien ja muotojen tunnistamista.<\/p>\n","protected":false},"excerpt":{"rendered":"<p>Vigan puinen koulutusp\u00f6yt\u00e4 on yksi johtavista leluista, joka palvelee sinua pitk\u00e4\u00e4n ja tarjoaa lapsellesi monien vuosien mielenkiintoisen ja luovan hauskanpidon. P\u00f6yt\u00e4 on riitt\u00e4v\u00e4n suuri, jotta useat lapset voivat leikki\u00e4 sill\u00e4 samanaikaisesti. V\u00e4rik\u00e4s opetusp\u00f6yt\u00e4 on miellytt\u00e4v\u00e4 silm\u00e4lle ja kannustaa leikkim\u00e4\u00e4n. P\u00f6yt\u00e4 on varustettu hammaspy\u00f6rill\u00e4, symbaaleilla, kellolla, pyramideilla, junaradalla ja palapeleill\u00e4. Koko p\u00f6yt\u00e4 on lakattu ja maalattu [&hellip;]<\/p>\n","protected":false},"featured_media":0,"comment_status":"open","ping_status":"closed","template":"","meta":[],"product_brand":[],"product_cat":[32],"product_tag":[],"class_list":{"0":"post-36905","1":"product","2":"type-product","3":"status-publish","5":"product_cat-uncategorized-fi","7":"first","8":"instock","9":"shipping-taxable","10":"purchasable","11":"product-type-simple"},"_links":{"self":[{"href":"https:\/\/nordicmart.andreevmaster.com\/fi\/wp-json\/wp\/v2\/product\/36905","targetHints":{"allow":["GET"]}}],"collection":[{"href":"https:\/\/nordicmart.andreevmaster.com\/fi\/wp-json\/wp\/v2\/product"}],"about":[{"href":"https:\/\/nordicmart.andreevmaster.com\/fi\/wp-json\/wp\/v2\/types\/product"}],"replies":[{"embeddable":true,"href":"https:\/\/nordicmart.andreevmaster.com\/fi\/wp-json\/wp\/v2\/comments?post=36905"}],"wp:attachment":[{"href":"https:\/\/nordicmart.andreevmaster.com\/fi\/wp-json\/wp\/v2\/media?parent=36905"}],"wp:term":[{"taxonomy":"product_brand","embeddable":true,"href":"https:\/\/nordicmart.andreevmaster.com\/fi\/wp-json\/wp\/v2\/product_brand?post=36905"},{"taxonomy":"product_cat","embeddable":true,"href":"https:\/\/nordicmart.andreevmaster.com\/fi\/wp-json\/wp\/v2\/product_cat?post=36905"},{"taxonomy":"product_tag","embeddable":true,"href":"https:\/\/nordicmart.andreevmaster.com\/fi\/wp-json\/wp\/v2\/product_tag?post=36905"}],"curies":[{"name":"wp","href":"https:\/\/api.w.org\/{rel}","templated":true}]}}